{"id":6963,"date":"2025-01-20T14:31:44","date_gmt":"2025-01-20T19:31:44","guid":{"rendered":"https:\/\/www.metec.ca\/fr\/?post_type=product&#038;p=6963"},"modified":"2026-01-15T16:55:34","modified_gmt":"2026-01-15T21:55:34","slug":"ras","status":"publish","type":"product","link":"https:\/\/www.metec.ca\/fr\/product\/ras\/","title":{"rendered":"RASCO \u00c9pandeur remorqu\u00e9 &#8211; RAS 1000"},"content":{"rendered":"<table style=\"width: 100%;\" border=\"0\">\n<tbody>\n<tr>\n<td width=\"25%\"><\/td>\n<td class=\"specshead\">RAS 1000<\/td>\n<\/tr>\n<tr>\n<td class=\"specstitle\">Capacit\u00e9 de la tr\u00e9mie<\/td>\n<td class=\"specs\">1 v.c. (0,8 m\u00b3)<\/td>\n<\/tr>\n<tr>\n<td class=\"specstitle\">Largeur totale<\/td>\n<td class=\"specs\">53 po (1,3 m)<\/td>\n<\/tr>\n<tr>\n<td class=\"specstitle\">Largeur d&rsquo;\u00e9pandage<\/td>\n<td class=\"specs\" colspan=\"1\">39 po (1 m)<\/td>\n<\/tr>\n<tr>\n<td class=\"specstitle\">Distance entre le sol et le crochet<\/td>\n<td class=\"specs\">14 po &#8211; 26 po (360 &#8211; 650 mm)<\/td>\n<\/tr>\n<tr>\n<td class=\"specstitle\">Montage<\/td>\n<td class=\"specs\" colspan=\"1\">Crochet de remorquage pour petits tracteurs ou v\u00e9hicules multifonctionnels<\/td>\n<\/tr>\n<tr>\n<td class=\"specstitle\">Options<\/td>\n<td class=\"specs\" colspan=\"1\">Syst\u00e8me d&rsquo;activation de l&rsquo;\u00e9pandeur \u00e0 distance depuis la cabine du v\u00e9hicule, Tr\u00e9mie galvanis\u00e9e \u00e0 chaud et peinte, Tr\u00e9mie et grille en acier inoxydable, Feux de travail et de rotation, Feux de contour lat\u00e9raux, Feux lat\u00e9raux jaunes, Syst\u00e8me de commande IQ-100<\/td>\n<\/tr>\n<\/tbody>\n<\/table>\n<h4><\/h4>\n<h4><strong>Syst\u00e8me de commande d&rsquo;\u00e9pandeur compact IQ-100 (en option) :<\/strong><\/h4>\n<p style=\"direction: ltr;\">L&rsquo;IQ-100 est un syst\u00e8me de commande d&rsquo;\u00e9pandeur compact pour les petits v\u00e9hicules. Il dispose d&rsquo;un \u00e9cran tactile de 7 pouces pour une s\u00e9lection facile des d\u00e9bits, ainsi que d&rsquo;autodiagnostics et d&rsquo;un d\u00e9pannage \u00e0 distance via une application mobile. Le syst\u00e8me utilise un contr\u00f4leur Parker IQAN-MC41 pour les fonctions hydrauliques et d\u00e9tecte la vitesse du v\u00e9hicule via des signaux d&rsquo;impulsion ou une interface J1939, qui suit \u00e9galement les donn\u00e9es cl\u00e9s du moteur. Les donn\u00e9es d&rsquo;activit\u00e9 d&rsquo;\u00e9pandage peuvent \u00eatre consult\u00e9es par les services AVL via la connexion J1939.<\/p>\n<table style=\"width: 100%;\" border=\"0\">\n<tbody>\n<tr>\n<td style=\"width: 33%;\"><img fetchpriority=\"high\" decoding=\"async\" class=\"alignleft wp-image-10526 size-medium\" style=\"padding-bottom: 30px;\" src=\"https:\/\/www.metec.ca\/wp-content\/uploads\/2024\/04\/IQ100-300x195.webp\" alt=\"\" width=\"300\" height=\"195\" \/><\/td>\n<\/tr>\n<\/tbody>\n<\/table>\n","protected":false},"excerpt":{"rendered":"<p><em><strong>Pr\u00e9sentation du RAS : un \u00e9pandeur remorqu\u00e9 efficace et simple, dot\u00e9 des caract\u00e9ristiques suivantes :<\/strong><\/em><\/p>\n<ul>\n<li>Tr\u00e9mie pour mat\u00e9riaux secs permettant un stockage efficace des mat\u00e9riaux.<\/li>\n<li>M\u00e9canisme de r\u00e9partition par rouleau qui distribue le mat\u00e9riau de mani\u00e8re uniforme sur toute la largeur d&rsquo;\u00e9pandage.<\/li>\n<li>Arbre de m\u00e9lange pour \u00e9viter la formation d&rsquo;un effet tunnel.<\/li>\n<li>Compatibilit\u00e9 avec le sable, la roche concass\u00e9e et leurs m\u00e9langes avec du sel.<\/li>\n<li>Syst\u00e8me de commande m\u00e9canique avec levier int\u00e9gr\u00e9 pour un dosage pr\u00e9cis du mat\u00e9riau d&rsquo;\u00e9pandage.<\/li>\n<li>Tr\u00e9mie autochargeable aliment\u00e9e par la benne basculante du v\u00e9hicule.<\/li>\n<li>Construction robuste avec grille de protection pour \u00e9viter les dommages caus\u00e9s par les morceaux de mat\u00e9riau.<\/li>\n<li>Fixation via attelage de remorque et cha\u00eenes de guidage pour garantir une utilisation s\u00e9curis\u00e9e en \u00e9vitant le contact entre l&rsquo;\u00e9pandeur et le v\u00e9hicule de remorquage.<\/li>\n<\/ul>\n<div style=\"padding-bottom: 30px; display: flex; gap: 10px;\"><a class=\"productbtn\" href=\"\/specpdfs\/RAS-1000.pdf\" target=\"_blank\" rel=\"noreferrer noopener\">Fiche Technique<\/a><br \/>\n<a class=\"productbtn\" href=\"\/fr\/devis-accessoire\" target=\"_blank\" rel=\"noreferrer noopener\">Obtenez un devis !<\/a><\/div>\n","protected":false},"featured_media":6964,"template":"","meta":[],"product_brand":[320],"product_cat":[20,69],"product_tag":[110,295,325,310,256],"class_list":{"0":"post-6963","1":"product","2":"type-product","3":"status-publish","4":"has-post-thumbnail","6":"product_brand-rasco","7":"product_cat-epandeurs","8":"product_cat-technologie-de-controle-de-lhiver-et-de-la-glace","9":"product_tag-epandeur","10":"product_tag-epandeur-remorque","11":"product_tag-iq-100","12":"product_tag-ras1000","13":"product_tag-rasco","15":"first","16":"instock","17":"taxable","18":"shipping-taxable","19":"product-type-simple"},"_links":{"self":[{"href":"https:\/\/www.metec.ca\/fr\/wp-json\/wp\/v2\/product\/6963","targetHints":{"allow":["GET"]}}],"collection":[{"href":"https:\/\/www.metec.ca\/fr\/wp-json\/wp\/v2\/product"}],"about":[{"href":"https:\/\/www.metec.ca\/fr\/wp-json\/wp\/v2\/types\/product"}],"wp:featuredmedia":[{"embeddable":true,"href":"https:\/\/www.metec.ca\/fr\/wp-json\/wp\/v2\/media\/6964"}],"wp:attachment":[{"href":"https:\/\/www.metec.ca\/fr\/wp-json\/wp\/v2\/media?parent=6963"}],"wp:term":[{"taxonomy":"product_brand","embeddable":true,"href":"https:\/\/www.metec.ca\/fr\/wp-json\/wp\/v2\/product_brand?post=6963"},{"taxonomy":"product_cat","embeddable":true,"href":"https:\/\/www.metec.ca\/fr\/wp-json\/wp\/v2\/product_cat?post=6963"},{"taxonomy":"product_tag","embeddable":true,"href":"https:\/\/www.metec.ca\/fr\/wp-json\/wp\/v2\/product_tag?post=6963"}],"curies":[{"name":"wp","href":"https:\/\/api.w.org\/{rel}","templated":true}]}}