{"id":6292,"date":"2024-05-06T08:39:48","date_gmt":"2024-05-06T12:39:48","guid":{"rendered":"https:\/\/www.metec.ca\/fr\/?post_type=product&#038;p=6292"},"modified":"2026-01-16T08:05:45","modified_gmt":"2026-01-16T13:05:45","slug":"kfs-750","status":"publish","type":"product","link":"https:\/\/www.metec.ca\/fr\/product\/kfs-750\/","title":{"rendered":"KAHLBACHER Souffleuse \u00e0 ruban KFS 750 &#8211; 1500, 2200, 2500"},"content":{"rendered":"<table style=\"width: 100%;\" border=\"0\">\n<tbody>\n<tr>\n<td width=\"25%\"><\/td>\n<td class=\"specshead\">KFS 750 &#8211; 1500<\/td>\n<td class=\"specshead\">KFS 750 &#8211; 2200<\/td>\n<td class=\"specshead\">KFS 750 &#8211; 2500<\/td>\n<\/tr>\n<tr>\n<td class=\"specstitle\">Poids<\/td>\n<td class=\"specs\">1 323 lbs (600 kg)<\/td>\n<td class=\"specs\">1 698 lbs (770 kg)<\/td>\n<td class=\"specs\">1 918 lbs (870 kg)<\/td>\n<\/tr>\n<tr>\n<td class=\"specstitle\">Largeur de d\u00e9gagement<\/td>\n<td class=\"specs\">59 po (1,5 m)<\/td>\n<td class=\"specs\">87 po (2,2 m)<\/td>\n<td class=\"specs\">98 po (2,5 m)<\/td>\n<\/tr>\n<tr>\n<td class=\"specstitle\">Hauteur de d\u00e9gagement<\/td>\n<td class=\"specs\" colspan=\"3\">43 po (1,1 m)<\/td>\n<\/tr>\n<tr>\n<td class=\"specstitle\">Diam\u00e8tre de la tari\u00e8re de coupe<\/td>\n<td class=\"specs\" colspan=\"3\">30 po (750 mm)<\/td>\n<\/tr>\n<tr>\n<td class=\"specstitle\">Besoins de puissance<\/td>\n<td class=\"specs\" colspan=\"3\">80 &#8211; 140 CV (59 &#8211; 103 kW)<\/td>\n<\/tr>\n<tr>\n<td class=\"specstitle\">Diam\u00e8tre de la turbine<\/td>\n<td class=\"specs\" colspan=\"3\">30 po (750 mm)<\/td>\n<\/tr>\n<tr>\n<td class=\"specstitle\">Port\u00e9e de projection<\/td>\n<td class=\"specs\" colspan=\"3\">98 pi (30 m)<\/td>\n<\/tr>\n<tr>\n<td class=\"specstitle\">Type<\/td>\n<td class=\"specs\" colspan=\"3\">PdF<\/td>\n<\/tr>\n<tr>\n<td class=\"specstitle\">Caract\u00e9ristiques standard<\/td>\n<td class=\"specs\" colspan=\"3\">Entra\u00eenement central, rotation hydraulique de la goulotte, plaque d\u2019usure interchangeable, protection automatique contre les sur-charges,anneau d\u2019usure avec bord dentel\u00e9<\/td>\n<\/tr>\n<tr>\n<td class=\"specstitle\">Cat\u00e9gorie d\u2019attelage<\/td>\n<td class=\"specs\" colspan=\"3\">Attelage 3 points (options personnalis\u00e9es disponibles)<\/td>\n<\/tr>\n<tr>\n<td class=\"specstitle\">Options<\/td>\n<td class=\"specs\" colspan=\"3\">Grandes tailles disponibles, couleurs personnalis\u00e9es, options de gou-lotte : \u00c9jection, t\u00e9lescopique, chargement, extension de la goulotte<\/td>\n<\/tr>\n<\/tbody>\n<\/table>\n<h4><strong><br \/>\nTypes de chutes :<br \/>\n<\/strong><\/h4>\n<p><img fetchpriority=\"high\" decoding=\"async\" class=\"aligncenter size-full wp-image-6284\" src=\"https:\/\/metec.ca\/fr\/wp-content\/uploads\/2024\/05\/FR-Types-of-flaps-KFS-series-Kahlbacher-copy.webp\" alt=\"\" width=\"1376\" height=\"392\" srcset=\"https:\/\/www.metec.ca\/fr\/wp-content\/uploads\/2024\/05\/FR-Types-of-flaps-KFS-series-Kahlbacher-copy.webp 1376w, https:\/\/www.metec.ca\/fr\/wp-content\/uploads\/2024\/05\/FR-Types-of-flaps-KFS-series-Kahlbacher-copy-300x85.webp 300w, https:\/\/www.metec.ca\/fr\/wp-content\/uploads\/2024\/05\/FR-Types-of-flaps-KFS-series-Kahlbacher-copy-1024x292.webp 1024w, https:\/\/www.metec.ca\/fr\/wp-content\/uploads\/2024\/05\/FR-Types-of-flaps-KFS-series-Kahlbacher-copy-150x43.webp 150w, https:\/\/www.metec.ca\/fr\/wp-content\/uploads\/2024\/05\/FR-Types-of-flaps-KFS-series-Kahlbacher-copy-768x219.webp 768w, https:\/\/www.metec.ca\/fr\/wp-content\/uploads\/2024\/05\/FR-Types-of-flaps-KFS-series-Kahlbacher-copy-350x100.webp 350w, https:\/\/www.metec.ca\/fr\/wp-content\/uploads\/2024\/05\/FR-Types-of-flaps-KFS-series-Kahlbacher-copy-680x194.webp 680w\" sizes=\"(max-width: 1376px) 100vw, 1376px\" \/><\/p>\n<p>&nbsp;<\/p>\n","protected":false},"excerpt":{"rendered":"<p><strong>Con\u00e7ue pour la polyvalence, la KFS 750 est fabriqu\u00e9e pour exceller dans divers v\u00e9hicules porteurs. Sa construction robuste garantit une durabilit\u00e9 in\u00e9gal\u00e9e, capable de r\u00e9sister aux rigueurs des t\u00e2ches d&rsquo;entretien hivernales les plus exigeantes. Les caract\u00e9ristiques principales comprennent :<\/strong><\/p>\n<ul>\n<li><strong>Port\u00e9e impressionnante de la projection de neige :<\/strong> La neige est projet\u00e9e sans effort jusqu&rsquo;\u00e0 une distance de 30 m\u00e8tres pour un d\u00e9blaiement optimal.<\/li>\n<li><strong>Conception \u00e0 entra\u00eenement central :<\/strong> Am\u00e9liore l&rsquo;efficacit\u00e9 et la fiabilit\u00e9 du d\u00e9neigement.<\/li>\n<li><strong>Rotation hydraulique de la goulotte :<\/strong> Permet d&rsquo;ajuster sans effort la direction d&rsquo;\u00e9jection de la neige pour un contr\u00f4le pr\u00e9cis.<\/li>\n<li><strong>Plaque d&rsquo;usure rempla\u00e7able :<\/strong> Garantit la long\u00e9vit\u00e9 et minimise les besoins d&rsquo;entretien gr\u00e2ce \u00e0 des plaques facilement rempla\u00e7ables.<\/li>\n<li><strong>Protection automatique contre les surcharges :<\/strong> Pr\u00e9vient les tensions excessives, garantissant des performances et une long\u00e9vit\u00e9 sans faille.<\/li>\n<li><strong>Choix vari\u00e9 de goulottes :<\/strong> Offre une gamme d&rsquo;options de goulotte pour r\u00e9pondre \u00e0 diverses exigences.<\/li>\n<\/ul>\n<div style=\"padding-bottom: 30px; display: flex; gap: 10px;\"><a class=\"productbtn\" href=\"\/fr\/specpdfs\/KFS-750_FR.pdf\" target=\"_blank\" rel=\"noreferrer noopener\">Fiche Technique<\/a><br \/>\n<a class=\"productbtn\" href=\"\/fr\/devis-accessoire\" target=\"_blank\" rel=\"noreferrer noopener\">Obtenez un devis !<\/a><\/div>\n","protected":false},"featured_media":6289,"template":"","meta":[],"product_brand":[321],"product_cat":[58,57,54,66,69],"product_tag":[281,283,279,74],"class_list":{"0":"post-6292","1":"product","2":"type-product","3":"status-publish","4":"has-post-thumbnail","6":"product_brand-kahlbacher","7":"product_cat-souffleuses-hydraulique","8":"product_cat-souffleuses-mecaniqqu","9":"product_cat-souffleuses-a-neige","10":"product_cat-souffleuses-a-ruban","11":"product_cat-technologie-de-controle-de-lhiver-et-de-la-glace","12":"product_tag-kahlbacher","13":"product_tag-kfs-750","14":"product_tag-souffleuse","15":"product_tag-souffleuse-a-ruban","17":"first","18":"instock","19":"taxable","20":"shipping-taxable","21":"product-type-simple"},"_links":{"self":[{"href":"https:\/\/www.metec.ca\/fr\/wp-json\/wp\/v2\/product\/6292","targetHints":{"allow":["GET"]}}],"collection":[{"href":"https:\/\/www.metec.ca\/fr\/wp-json\/wp\/v2\/product"}],"about":[{"href":"https:\/\/www.metec.ca\/fr\/wp-json\/wp\/v2\/types\/product"}],"wp:featuredmedia":[{"embeddable":true,"href":"https:\/\/www.metec.ca\/fr\/wp-json\/wp\/v2\/media\/6289"}],"wp:attachment":[{"href":"https:\/\/www.metec.ca\/fr\/wp-json\/wp\/v2\/media?parent=6292"}],"wp:term":[{"taxonomy":"product_brand","embeddable":true,"href":"https:\/\/www.metec.ca\/fr\/wp-json\/wp\/v2\/product_brand?post=6292"},{"taxonomy":"product_cat","embeddable":true,"href":"https:\/\/www.metec.ca\/fr\/wp-json\/wp\/v2\/product_cat?post=6292"},{"taxonomy":"product_tag","embeddable":true,"href":"https:\/\/www.metec.ca\/fr\/wp-json\/wp\/v2\/product_tag?post=6292"}],"curies":[{"name":"wp","href":"https:\/\/api.w.org\/{rel}","templated":true}]}}