{"id":6139,"date":"2024-01-22T15:55:33","date_gmt":"2024-01-22T20:55:33","guid":{"rendered":"https:\/\/www.metec.ca\/fr\/?post_type=product&#038;p=6139"},"modified":"2024-04-12T08:51:03","modified_gmt":"2024-04-12T12:51:03","slug":"epoke-epandeur-remorque-ske-8-15-20","status":"publish","type":"product","link":"https:\/\/www.metec.ca\/fr\/product\/epoke-epandeur-remorque-ske-8-15-20\/","title":{"rendered":"EPOKE : \u00c9pandeur remorqu\u00e9 &#8211; SKE 8, 15, 20"},"content":{"rendered":"<table style=\"width: 100%;\" border=\"0\">\n<tbody>\n<tr>\n<td><\/td>\n<td class=\"specshead\">SKE 8<\/td>\n<td class=\"specshead\">SKE 15<\/td>\n<td class=\"specshead\">SKE 20<\/td>\n<\/tr>\n<tr>\n<td class=\"specstitle\">Capacit\u00e9<\/td>\n<td class=\"specs\">1 v. cu (800 \u2113)<\/td>\n<td class=\"specs\">1 1\/2 v. cu (1 250 \u2113)<\/td>\n<td class=\"specs\">2 v. cu (1 250 \u2113)<\/td>\n<\/tr>\n<tr>\n<td class=\"specstitle\">Poids<\/td>\n<td class=\"specs\">882 lbs (400 kg)<\/td>\n<td class=\"specs\">1 323 lbs (600 kg)<\/td>\n<td class=\"specs\">1 587 lbs (720 kg)<\/td>\n<\/tr>\n<tr>\n<td class=\"specstitle\">Largeur d\u2019\u00e9pandage<\/td>\n<td class=\"specs\">39,7 po (1 m)<\/td>\n<td class=\"specs\">54,7 po (1,4 m)<\/td>\n<td class=\"specs\">75,5 po (1,9 m)<\/td>\n<\/tr>\n<tr>\n<td class=\"specstitle\">Largeur globale<\/td>\n<td class=\"specs\">50,6 po (1,3 m)<\/td>\n<td class=\"specs\">65,6 po (1,7 m)<\/td>\n<td class=\"specs\">86,4 po (2,2 m)<\/td>\n<\/tr>\n<tr>\n<td class=\"specstitle\">Hauteur globale<\/td>\n<td class=\"specs\">42,5 po (1,1 m)<\/td>\n<td class=\"specs\" colspan=\"2\">51,2 po (1,3 m)<\/td>\n<\/tr>\n<tr>\n<td class=\"specstitle\">Caract\u00e9ristiques standard<\/td>\n<td class=\"specs\" colspan=\"3\">Agitateur, base de ressort, r\u00e9glage de la base de ressort, transmission, accouplement, arbre d\u2019entra\u00eenement et roue de support.<\/td>\n<\/tr>\n<tr>\n<td class=\"specstitle\">Cat\u00e9gorie d\u2019attelage<\/td>\n<td class=\"specs\" colspan=\"3\">Crochet d\u2019orteil<\/td>\n<\/tr>\n<tr>\n<td class=\"specstitle\">Options<\/td>\n<td class=\"specs\" colspan=\"3\">T\u00e9l\u00e9commande \u00e9lectrique, agitateur suppl\u00e9mentaire<\/td>\n<\/tr>\n<\/tbody>\n<\/table>\n","protected":false},"excerpt":{"rendered":"<p><strong>M\u00e9ticuleusement con\u00e7u pour maintenir un taux de livraison constant.<\/strong><\/p>\n<ul>\n<li><strong>Livraison constante<\/strong>\u00a0: Maintient une livraison constante par m\u00e8tre carr\u00e9, en s\u2019adaptant aux changements de vitesse.<\/li>\n<li><strong>Construction robuste<\/strong>\u00a0: Construction robuste pour la durabilit\u00e9 et la fiabilit\u00e9 dans diverses applications.<\/li>\n<li><strong>Options polyvalentes<\/strong>\u00a0: Disponible en diff\u00e9rentes tailles de tr\u00e9mie pour divers besoins.<\/li>\n<li><strong>Remorquage de tracteur<\/strong>\u00a0: Con\u00e7u pour le remorquage facile derri\u00e8re des tracteurs en milieux agricoles.<\/li>\n<li><strong>Traitement de surface de qualit\u00e9 sup\u00e9rieure<\/strong>\u00a0: L\u2019assurance qualit\u00e9 de EPOKE comprend le sablage, l\u2019amor\u00e7age de la poussi\u00e8re de zinc, une couche de base en polyur\u00e9thane \u00e0 2 composants durable et une couche de finition \u00e0 2 composants.<\/li>\n<\/ul>\n<div style=\"padding-bottom: 30px;\"><a class=\"productbtn\" href=\"\/fr\/specpdfs\/SKE-FR.pdf\" target=\"_blank\" rel=\"noreferrer noopener\">Fiche Technique<\/a><\/div>\n","protected":false},"featured_media":6138,"template":"","meta":[],"product_brand":[],"product_cat":[20,69],"product_tag":[],"class_list":{"0":"post-6139","1":"product","2":"type-product","3":"status-publish","4":"has-post-thumbnail","6":"product_cat-epandeurs","7":"product_cat-technologie-de-controle-de-lhiver-et-de-la-glace","9":"first","10":"instock","11":"taxable","12":"shipping-taxable","13":"product-type-simple"},"_links":{"self":[{"href":"https:\/\/www.metec.ca\/fr\/wp-json\/wp\/v2\/product\/6139","targetHints":{"allow":["GET"]}}],"collection":[{"href":"https:\/\/www.metec.ca\/fr\/wp-json\/wp\/v2\/product"}],"about":[{"href":"https:\/\/www.metec.ca\/fr\/wp-json\/wp\/v2\/types\/product"}],"wp:featuredmedia":[{"embeddable":true,"href":"https:\/\/www.metec.ca\/fr\/wp-json\/wp\/v2\/media\/6138"}],"wp:attachment":[{"href":"https:\/\/www.metec.ca\/fr\/wp-json\/wp\/v2\/media?parent=6139"}],"wp:term":[{"taxonomy":"product_brand","embeddable":true,"href":"https:\/\/www.metec.ca\/fr\/wp-json\/wp\/v2\/product_brand?post=6139"},{"taxonomy":"product_cat","embeddable":true,"href":"https:\/\/www.metec.ca\/fr\/wp-json\/wp\/v2\/product_cat?post=6139"},{"taxonomy":"product_tag","embeddable":true,"href":"https:\/\/www.metec.ca\/fr\/wp-json\/wp\/v2\/product_tag?post=6139"}],"curies":[{"name":"wp","href":"https:\/\/api.w.org\/{rel}","templated":true}]}}