{"id":5955,"date":"2023-11-07T22:35:38","date_gmt":"2023-11-08T03:35:38","guid":{"rendered":"https:\/\/www.metec.ca\/fr\/?post_type=product&#038;p=5955"},"modified":"2024-05-27T16:25:11","modified_gmt":"2024-05-27T20:25:11","slug":"cutting-edge-ar400-lightly-oiled","status":"publish","type":"product","link":"https:\/\/www.metec.ca\/fr\/product\/cutting-edge-ar400-lightly-oiled\/","title":{"rendered":"55-81 po Bord de Coupe Ext\u00e9rieur en AR400 L\u00e9g\u00e8rement Huil\u00e9"},"content":{"rendered":"","protected":false},"excerpt":{"rendered":"","protected":false},"featured_media":5770,"template":"","meta":[],"product_brand":[],"product_cat":[246,239],"product_tag":[],"class_list":{"0":"post-5955","1":"product","2":"type-product","3":"status-publish","4":"has-post-thumbnail","6":"product_cat-chasse-neige-en-v-pliante-pieces-dusure","7":"product_cat-pieces-dusure","9":"first","10":"instock","11":"taxable","12":"shipping-taxable","13":"purchasable","14":"product-type-variable"},"_links":{"self":[{"href":"https:\/\/www.metec.ca\/fr\/wp-json\/wp\/v2\/product\/5955","targetHints":{"allow":["GET"]}}],"collection":[{"href":"https:\/\/www.metec.ca\/fr\/wp-json\/wp\/v2\/product"}],"about":[{"href":"https:\/\/www.metec.ca\/fr\/wp-json\/wp\/v2\/types\/product"}],"wp:featuredmedia":[{"embeddable":true,"href":"https:\/\/www.metec.ca\/fr\/wp-json\/wp\/v2\/media\/5770"}],"wp:attachment":[{"href":"https:\/\/www.metec.ca\/fr\/wp-json\/wp\/v2\/media?parent=5955"}],"wp:term":[{"taxonomy":"product_brand","embeddable":true,"href":"https:\/\/www.metec.ca\/fr\/wp-json\/wp\/v2\/product_brand?post=5955"},{"taxonomy":"product_cat","embeddable":true,"href":"https:\/\/www.metec.ca\/fr\/wp-json\/wp\/v2\/product_cat?post=5955"},{"taxonomy":"product_tag","embeddable":true,"href":"https:\/\/www.metec.ca\/fr\/wp-json\/wp\/v2\/product_tag?post=5955"}],"curies":[{"name":"wp","href":"https:\/\/api.w.org\/{rel}","templated":true}]}}