{"id":5879,"date":"2023-11-07T22:31:27","date_gmt":"2023-11-08T03:31:27","guid":{"rendered":"https:\/\/www.metec.ca\/fr\/?post_type=product&#038;p=5879"},"modified":"2024-05-27T13:19:21","modified_gmt":"2024-05-27T17:19:21","slug":"goupille-de-bras-superieur-cote-tracteur-pour-cx75","status":"publish","type":"product","link":"https:\/\/www.metec.ca\/fr\/product\/goupille-de-bras-superieur-cote-tracteur-pour-cx75\/","title":{"rendered":"Goupille de bras sup\u00e9rieur c\u00f4t\u00e9 tracteur pour CX75"},"content":{"rendered":"","protected":false},"excerpt":{"rendered":"","protected":false},"featured_media":5804,"template":"","meta":[],"product_brand":[],"product_cat":[248,239],"product_tag":[],"class_list":{"0":"post-5879","1":"product","2":"type-product","3":"status-publish","4":"has-post-thumbnail","6":"product_cat-multihog","7":"product_cat-pieces-dusure","9":"first","10":"instock","11":"taxable","12":"shipping-taxable","13":"purchasable","14":"product-type-simple"},"_links":{"self":[{"href":"https:\/\/www.metec.ca\/fr\/wp-json\/wp\/v2\/product\/5879","targetHints":{"allow":["GET"]}}],"collection":[{"href":"https:\/\/www.metec.ca\/fr\/wp-json\/wp\/v2\/product"}],"about":[{"href":"https:\/\/www.metec.ca\/fr\/wp-json\/wp\/v2\/types\/product"}],"wp:featuredmedia":[{"embeddable":true,"href":"https:\/\/www.metec.ca\/fr\/wp-json\/wp\/v2\/media\/5804"}],"wp:attachment":[{"href":"https:\/\/www.metec.ca\/fr\/wp-json\/wp\/v2\/media?parent=5879"}],"wp:term":[{"taxonomy":"product_brand","embeddable":true,"href":"https:\/\/www.metec.ca\/fr\/wp-json\/wp\/v2\/product_brand?post=5879"},{"taxonomy":"product_cat","embeddable":true,"href":"https:\/\/www.metec.ca\/fr\/wp-json\/wp\/v2\/product_cat?post=5879"},{"taxonomy":"product_tag","embeddable":true,"href":"https:\/\/www.metec.ca\/fr\/wp-json\/wp\/v2\/product_tag?post=5879"}],"curies":[{"name":"wp","href":"https:\/\/api.w.org\/{rel}","templated":true}]}}