{"id":4710,"date":"2022-05-09T16:41:15","date_gmt":"2022-05-09T20:41:15","guid":{"rendered":"https:\/\/www.metec.ca\/fr\/?post_type=product&#038;p=4710"},"modified":"2026-01-16T08:50:17","modified_gmt":"2026-01-16T13:50:17","slug":"dbc","status":"publish","type":"product","link":"https:\/\/www.metec.ca\/fr\/product\/dbc\/","title":{"rendered":"METEC : Bo\u00eete de d\u00e9charge compacte &#8211; DB42-10"},"content":{"rendered":"<table style=\"width: 100%;\">\n<tbody>\n<tr>\n<td><\/td>\n<td class=\"specshead\">DB42-10<\/td>\n<\/tr>\n<tr>\n<td class=\"specstitle\">Poids<\/td>\n<td class=\"specs\">120 lbs (54,4 kg)<\/td>\n<\/tr>\n<tr>\n<td class=\"specstitle\">Capacit\u00e9<\/td>\n<td class=\"specs\">8 pieds cubes (226,5 \u2113)<\/td>\n<\/tr>\n<tr>\n<td class=\"specstitle\">Largeur globale<\/td>\n<td class=\"specs\">43 po\u00a0 (1,09 m)<\/td>\n<\/tr>\n<tr>\n<td class=\"specstitle\">Hauteur globale<\/td>\n<td class=\"specs\">16 po (406 mm)<\/td>\n<\/tr>\n<tr>\n<td class=\"specstitle\">Longueur globale<\/td>\n<td class=\"specs\">46,5 po (1,18 m)<\/td>\n<\/tr>\n<tr>\n<td class=\"specstitle\">Jauge en acier<\/td>\n<td class=\"specs\">Calibre 14<\/td>\n<\/tr>\n<tr>\n<td class=\"specstitle\">Caract\u00e9ristiques standard<\/td>\n<td class=\"specs\">Acier doux enduit de poudre<\/td>\n<\/tr>\n<tr>\n<td class=\"specstitle\">Options<\/td>\n<td class=\"specs\">Con\u00e7u sur mesure pour s&rsquo;adapter \u00e0 votre tracteur et \u00e0 votre application, acier inoxydable<\/td>\n<\/tr>\n<\/tbody>\n<\/table>\n","protected":false},"excerpt":{"rendered":"<p><strong>Cette benne est sp\u00e9cialement con\u00e7ue et personnalis\u00e9e pour votre tracteur et vos besoins.<\/strong><\/p>\n<ul>\n<li>Elle a \u00e9t\u00e9 con\u00e7ue pour fonctionner avec un \u00e9pandeur arri\u00e8re ou un \u00e9pandeur centrifuge.<\/li>\n<li>Avec une capacit\u00e9 jusqu&rsquo;\u00e0 trois fois sup\u00e9rieure \u00e0 celle d&rsquo;un \u00e9pandeur arri\u00e8re, cette bo\u00eete vous permet de parcourir de plus longues distances entre les recharges.<\/li>\n<li>Les joints sont enti\u00e8rement soud\u00e9s pour \u00e9viter la rouille.<\/li>\n<li>Enduit de poudre pour une protection contre tout type de corrosion.<\/li>\n<li>Un r\u00e9servoir d&rsquo;eau peut facilement \u00eatre mont\u00e9 et fix\u00e9 avec une sangle.<\/li>\n<li>Le moyen id\u00e9al pour transporter en toute s\u00e9curit\u00e9 du sel, du sable, des outils et des machines.<\/li>\n<\/ul>\n<div style=\"padding-bottom: 30px; display: flex; gap: 10px;\"><a class=\"productbtn\" href=\"\/fr\/specpdfs\/DBC-FR.pdf\" target=\"_blank\" rel=\"noreferrer noopener\">Fiche Technique<\/a><br \/>\n<a class=\"productbtn\" href=\"\/fr\/devis-accessoire\" target=\"_blank\" rel=\"noreferrer noopener\">Obtenez un devis !<\/a><\/div>\n","protected":false},"featured_media":4711,"template":"","meta":[],"product_brand":[319],"product_cat":[30,63],"product_tag":[222,225,224,223],"class_list":{"0":"post-4710","1":"product","2":"type-product","3":"status-publish","4":"has-post-thumbnail","6":"product_brand-metec","7":"product_cat-boite-de-decharge","8":"product_cat-divers","9":"product_tag-boite-de-decharge","10":"product_tag-boite-utilitaire","11":"product_tag-ponceur","12":"product_tag-rallonge-a-epandeur","14":"first","15":"instock","16":"taxable","17":"shipping-taxable","18":"product-type-simple"},"_links":{"self":[{"href":"https:\/\/www.metec.ca\/fr\/wp-json\/wp\/v2\/product\/4710","targetHints":{"allow":["GET"]}}],"collection":[{"href":"https:\/\/www.metec.ca\/fr\/wp-json\/wp\/v2\/product"}],"about":[{"href":"https:\/\/www.metec.ca\/fr\/wp-json\/wp\/v2\/types\/product"}],"wp:featuredmedia":[{"embeddable":true,"href":"https:\/\/www.metec.ca\/fr\/wp-json\/wp\/v2\/media\/4711"}],"wp:attachment":[{"href":"https:\/\/www.metec.ca\/fr\/wp-json\/wp\/v2\/media?parent=4710"}],"wp:term":[{"taxonomy":"product_brand","embeddable":true,"href":"https:\/\/www.metec.ca\/fr\/wp-json\/wp\/v2\/product_brand?post=4710"},{"taxonomy":"product_cat","embeddable":true,"href":"https:\/\/www.metec.ca\/fr\/wp-json\/wp\/v2\/product_cat?post=4710"},{"taxonomy":"product_tag","embeddable":true,"href":"https:\/\/www.metec.ca\/fr\/wp-json\/wp\/v2\/product_tag?post=4710"}],"curies":[{"name":"wp","href":"https:\/\/api.w.org\/{rel}","templated":true}]}}