{"id":2712,"date":"2020-11-02T14:46:49","date_gmt":"2020-11-02T14:46:49","guid":{"rendered":"https:\/\/www.metec.ca\/?post_type=product&#038;p=2712"},"modified":"2026-01-16T08:50:56","modified_gmt":"2026-01-16T13:50:56","slug":"tra","status":"publish","type":"product","link":"https:\/\/www.metec.ca\/fr\/product\/tra\/","title":{"rendered":"METEC Harnais pour tracteur \u00e0 ch\u00e2ssis droit &#8211; TRA-M5-091"},"content":{"rendered":"<table style=\"width: 100%;\" border=\"0\">\n<tbody>\n<tr>\n<td><\/td>\n<td class=\"specshead\">TRA-M5-091<\/td>\n<\/tr>\n<tr>\n<td class=\"specstitle\">Caract\u00e9ristiques standard<\/td>\n<td class=\"specs\">Acier \u00e0 haute r\u00e9sistance, enduit de poudre<\/td>\n<\/tr>\n<tr>\n<td class=\"specstitle\">Cat\u00e9gorie d\u2019attelage<\/td>\n<td class=\"specs\">Support \u00e0 barre ronde de 2 po, attache 3 points CAT I \/ CAT II universelle<\/td>\n<\/tr>\n<tr>\n<td class=\"specstitle\">Options<\/td>\n<td class=\"specs\">Bo\u00eete de vitesses PDF 540 tr\/min 6 cannelures<\/td>\n<\/tr>\n<\/tbody>\n<\/table>\n","protected":false},"excerpt":{"rendered":"<p><strong>Con\u00e7us et fabriqu\u00e9s par METEC, ces harnais permettent de monter des souffleuses \u00e0 neige, des chasse-neige, des balayeuses, des brise-glace et bien d&rsquo;autres accessoires \u00e0 l&rsquo;avant de votre tracteur.<\/strong><\/p>\n<ul>\n<li>M\u00eame si le harnais est mont\u00e9 \u00e0 l&rsquo;avant du tracteur, il s&rsquo;\u00e9tend jusqu&rsquo;\u00e0 l&rsquo;essieu arri\u00e8re pour offrir une r\u00e9sistance et une rigidit\u00e9 maximales. Il est ainsi possible de monter des accessoires sans bras de chargement.<\/li>\n<li>Peu ou pas de modifications sont n\u00e9cessaires sur votre tracteur.<\/li>\n<li>Il fournit une prise de force s\u00e9par\u00e9e \u00e0 l&rsquo;avant du tracteur.<\/li>\n<\/ul>\n<div style=\"padding-bottom: 30px; display: flex; gap: 10px;\"><a class=\"productbtn\" href=\"\/fr\/specpdfs\/TRA-M5-091-FR.pdf\" target=\"_blank\" rel=\"noreferrer noopener\">Fiche Technique<\/a><br \/>\n<a class=\"productbtn\" href=\"\/fr\/devis-accessoire\" target=\"_blank\" rel=\"noreferrer noopener\">Obtenez un devis !<\/a><\/div>\n","protected":false},"featured_media":2713,"template":"","meta":[],"product_brand":[319],"product_cat":[63],"product_tag":[126,125,124],"class_list":{"0":"post-2712","1":"product","2":"type-product","3":"status-publish","4":"has-post-thumbnail","6":"product_brand-metec","7":"product_cat-divers","8":"product_tag-cadre-droit","9":"product_tag-harnais","10":"product_tag-kubota","12":"first","13":"instock","14":"taxable","15":"shipping-taxable","16":"product-type-simple"},"_links":{"self":[{"href":"https:\/\/www.metec.ca\/fr\/wp-json\/wp\/v2\/product\/2712","targetHints":{"allow":["GET"]}}],"collection":[{"href":"https:\/\/www.metec.ca\/fr\/wp-json\/wp\/v2\/product"}],"about":[{"href":"https:\/\/www.metec.ca\/fr\/wp-json\/wp\/v2\/types\/product"}],"wp:featuredmedia":[{"embeddable":true,"href":"https:\/\/www.metec.ca\/fr\/wp-json\/wp\/v2\/media\/2713"}],"wp:attachment":[{"href":"https:\/\/www.metec.ca\/fr\/wp-json\/wp\/v2\/media?parent=2712"}],"wp:term":[{"taxonomy":"product_brand","embeddable":true,"href":"https:\/\/www.metec.ca\/fr\/wp-json\/wp\/v2\/product_brand?post=2712"},{"taxonomy":"product_cat","embeddable":true,"href":"https:\/\/www.metec.ca\/fr\/wp-json\/wp\/v2\/product_cat?post=2712"},{"taxonomy":"product_tag","embeddable":true,"href":"https:\/\/www.metec.ca\/fr\/wp-json\/wp\/v2\/product_tag?post=2712"}],"curies":[{"name":"wp","href":"https:\/\/api.w.org\/{rel}","templated":true}]}}