{"id":2511,"date":"2020-08-10T21:41:22","date_gmt":"2020-08-11T01:41:22","guid":{"rendered":"https:\/\/www.metec.ca\/?post_type=product&#038;p=2511"},"modified":"2023-04-14T15:12:14","modified_gmt":"2023-04-14T19:12:14","slug":"ducker-mkl-10-flail-mower","status":"publish","type":"product","link":"https:\/\/www.metec.ca\/fr\/product\/ducker-mkl-10-flail-mower\/","title":{"rendered":"D\u00fccker MKL 10 T\u00eate de la faucheuse"},"content":{"rendered":"<table style=\"width: 100%;\">\n<tbody>\n<tr>\n<td><\/td>\n<td class=\"specshead\">MKL 10<\/td>\n<\/tr>\n<tr>\n<td class=\"specstitle\">Poids<\/td>\n<td class=\"specs\">397 lbs (180 Kg)<\/td>\n<\/tr>\n<tr>\n<td class=\"specstitle\">Largeur de travail<\/td>\n<td class=\"specs\">39.4&Prime; (1,000 mm)<\/td>\n<\/tr>\n<tr>\n<td class=\"specstitle\">Vitesse du rotor<\/td>\n<td class=\"specs\">2700 RPM<\/td>\n<\/tr>\n<\/tbody>\n<\/table>\n","protected":false},"excerpt":{"rendered":"<p><strong><em>Con\u00e7ue pour fonctionner avec les stabilisateurs D\u00fcckers <a href=\"https:\/\/www.metec.ca\/product\/reversible-flail-arm-una-100-200\/\">UNA 100\/200<\/a> et <a href=\"https:\/\/www.metec.ca\/product\/reversible-flail-arm-dbm-400\/\">DBM 400<\/a>. <\/em><\/strong><\/p>\n<ul>\n<li><em>La t\u00eate de la faucheuse MKL 10 est \u00e9quip\u00e9e de fl\u00e9aux plats l\u00e9gers.<\/em><\/li>\n<li><em>La t\u00eate de la faucheuse peut \u00eatre utilis\u00e9e \u00e0 gauche ou \u00e0 droite.<\/em><\/li>\n<\/ul>\n","protected":false},"featured_media":2512,"template":"","meta":[],"product_brand":[],"product_cat":[68,70],"product_tag":[],"class_list":{"0":"post-2511","1":"product","2":"type-product","3":"status-publish","4":"has-post-thumbnail","6":"product_cat-faucheuses","7":"product_cat-soins-ecologique-et-technologie-des-mauvaises-herbes","9":"first","10":"instock","11":"taxable","12":"shipping-taxable","13":"product-type-simple"},"_links":{"self":[{"href":"https:\/\/www.metec.ca\/fr\/wp-json\/wp\/v2\/product\/2511","targetHints":{"allow":["GET"]}}],"collection":[{"href":"https:\/\/www.metec.ca\/fr\/wp-json\/wp\/v2\/product"}],"about":[{"href":"https:\/\/www.metec.ca\/fr\/wp-json\/wp\/v2\/types\/product"}],"wp:featuredmedia":[{"embeddable":true,"href":"https:\/\/www.metec.ca\/fr\/wp-json\/wp\/v2\/media\/2512"}],"wp:attachment":[{"href":"https:\/\/www.metec.ca\/fr\/wp-json\/wp\/v2\/media?parent=2511"}],"wp:term":[{"taxonomy":"product_brand","embeddable":true,"href":"https:\/\/www.metec.ca\/fr\/wp-json\/wp\/v2\/product_brand?post=2511"},{"taxonomy":"product_cat","embeddable":true,"href":"https:\/\/www.metec.ca\/fr\/wp-json\/wp\/v2\/product_cat?post=2511"},{"taxonomy":"product_tag","embeddable":true,"href":"https:\/\/www.metec.ca\/fr\/wp-json\/wp\/v2\/product_tag?post=2511"}],"curies":[{"name":"wp","href":"https:\/\/api.w.org\/{rel}","templated":true}]}}