{"id":1645,"date":"2020-04-28T20:04:44","date_gmt":"2020-04-29T00:04:44","guid":{"rendered":"https:\/\/www.metec.ca\/?post_type=product&#038;p=1645"},"modified":"2023-10-17T08:47:26","modified_gmt":"2023-10-17T12:47:26","slug":"ribbon-blower-pto-big-l-1600-1800-2000","status":"publish","type":"product","link":"https:\/\/www.metec.ca\/fr\/product\/ribbon-blower-pto-big-l-1600-1800-2000\/","title":{"rendered":"CERRUTI : Souffleuse \u00e0 ruban \u2013 m\u00e9canique BIG &#8211; L 1600, 1800, 2000"},"content":{"rendered":"<table style=\"width: 100%;\" border=\"0\">\n<tbody>\n<tr>\n<td><\/td>\n<td class=\"specshead\">L 1600<\/td>\n<td class=\"specshead\">L 1800<\/td>\n<td class=\"specshead\">L 2000<\/td>\n<\/tr>\n<tr>\n<td class=\"specstitle\">Poids<\/td>\n<td class=\"specs\">1 301 lbs (590 kg)<\/td>\n<td class=\"specs\">1 389 lbs (630 kg)<\/td>\n<td class=\"specs\">1 499 lbs (680 kg)<\/td>\n<\/tr>\n<tr>\n<td class=\"specstitle\">Largeur de D\u00e9gagement<\/td>\n<td class=\"specs\">63 po (1 600 mm)<\/td>\n<td class=\"specs\">71 po (1 800 mm)<\/td>\n<td class=\"specs\">79 po (2 000 mm)<\/td>\n<\/tr>\n<tr>\n<td class=\"specstitle\">Largeur globale<\/td>\n<td class=\"specs\">65 po (1 650 mm)<\/td>\n<td class=\"specs\">73 po (1 850 mm)<\/td>\n<td class=\"specs\">81 po (2 050 mm)<\/td>\n<\/tr>\n<tr>\n<td class=\"specstitle\">Hauteur d\u2019admission<\/td>\n<td class=\"specs\" colspan=\"3\">37,5 po (950 mm)<\/td>\n<\/tr>\n<tr>\n<td class=\"specstitle\">Hauteur globale<\/td>\n<td class=\"specs\" colspan=\"3\">87 po (2 215 mm)<\/td>\n<\/tr>\n<tr>\n<td class=\"specstitle\">Diam\u00e8tre de la tari\u00e8re<\/td>\n<td class=\"specs\" colspan=\"3\">24 po (610 mm)<\/td>\n<\/tr>\n<tr>\n<td class=\"specstitle\">Exigences de puissance<\/td>\n<td class=\"specs\">60\/150 CV (45\/112 kW)<\/td>\n<td class=\"specs\">70\/150 CV (52\/112 kW)<\/td>\n<td class=\"specs\">70\/150 CV (52\/112 kW)<\/td>\n<\/tr>\n<tr>\n<td class=\"specstitle\">Diam\u00e8tre de la turbine<\/td>\n<td class=\"specs\" colspan=\"3\">24,5 po (620 mm)<\/td>\n<\/tr>\n<tr>\n<td class=\"specstitle\">Caract\u00e9ristiques standard<\/td>\n<td class=\"specs\" colspan=\"3\">Ch\u00e2ssis renforc\u00e9, moteur hydraulique \u00e0 piston radial, r\u00e9ducteur en acier, tari\u00e8re avec supports soud\u00e9s et brise-glace, rotation hydraulique de la goulotte, r\u00e9glage hydraulique du d\u00e9flecteur de la goulotte, goulotte basculante<\/td>\n<\/tr>\n<tr>\n<td class=\"specstitle\">Cat\u00e9gorie d\u2019attelage<\/td>\n<td class=\"specs\" colspan=\"3\">Attelage \u00e0 3points<\/td>\n<\/tr>\n<tr>\n<td class=\"specstitle\">Options<\/td>\n<td class=\"specs\" colspan=\"3\">Goulotte enti\u00e8rement r\u00e9glable en fer galvanis\u00e9, limiteurs de couple automatiques de s\u00e9curit\u00e9 sur la tari\u00e8re, connexion pivotante avec commande hydraulique, extension de la goulotte, autres dimensions disponibles<\/td>\n<\/tr>\n<\/tbody>\n<\/table>\n","protected":false},"excerpt":{"rendered":"<p><strong>Turbine \u00e0 neige professionnelle biphas\u00e9e adapt\u00e9e aux tracteurs de moyenne\/grande capacit\u00e9, peut \u00eatre mont\u00e9e \u00e0 l&rsquo;avant ou \u00e0 l&rsquo;arri\u00e8re, avec un attelage trois points. Tari\u00e8res dentel\u00e9es \u00e0 usage intensif, patins antid\u00e9rapants r\u00e9glables par levier, goulotte en acier galvanis\u00e9, rotation hydraulique de la goulotte et r\u00e9glage du d\u00e9flecteur.<\/strong><\/p>\n<ul>\n<li>Applicable aux extr\u00e9mit\u00e9s avant et arri\u00e8re, avec un attelage \u00e0 trois points.<\/li>\n<li>Les tari\u00e8res dentel\u00e9es \u00e0 usage intensif coupent la neige et la glace les plus durcies.<\/li>\n<li>Les patins antid\u00e9rapants r\u00e9glables vous permettent d&rsquo;ajuster la hauteur du bord de coupe pour \u00e9viter de souffler du gravier sur le chemin.<\/li>\n<li>La rotation hydraulique de la goulotte et le r\u00e9glage du d\u00e9flecteur vous permettent d&rsquo;effectuer des ajustements sans quitter la cabine du tracteur.<\/li>\n<li>Goulotte en acier galvanis\u00e9 pour \u00e9viter la corrosion.<\/li>\n<\/ul>\n<div style=\"padding-top: 20px;\"><a class=\"productbtn\" href=\"\/fr\/specpdfs\/RB-BIG-PTO-FR.pdf\" target=\"_blank\" rel=\"noreferrer noopener\">Fiche Technique<\/a><\/div>\n","protected":false},"featured_media":1435,"template":"","meta":[],"product_brand":[],"product_cat":[57,54,66,69],"product_tag":[80,76,77,75,220,72,74],"class_list":{"0":"post-1645","1":"product","2":"type-product","3":"status-publish","4":"has-post-thumbnail","6":"product_cat-souffleuses-mecaniqqu","7":"product_cat-souffleuses-a-neige","8":"product_cat-souffleuses-a-ruban","9":"product_cat-technologie-de-controle-de-lhiver-et-de-la-glace","10":"product_tag-cerruti","11":"product_tag-deneigement","12":"product_tag-tractor-attachment","13":"product_tag-lance-neige","14":"product_tag-pto","15":"product_tag-souffleuse-a-neige","16":"product_tag-souffleuse-a-ruban","18":"first","19":"instock","20":"taxable","21":"shipping-taxable","22":"product-type-simple"},"_links":{"self":[{"href":"https:\/\/www.metec.ca\/fr\/wp-json\/wp\/v2\/product\/1645","targetHints":{"allow":["GET"]}}],"collection":[{"href":"https:\/\/www.metec.ca\/fr\/wp-json\/wp\/v2\/product"}],"about":[{"href":"https:\/\/www.metec.ca\/fr\/wp-json\/wp\/v2\/types\/product"}],"wp:featuredmedia":[{"embeddable":true,"href":"https:\/\/www.metec.ca\/fr\/wp-json\/wp\/v2\/media\/1435"}],"wp:attachment":[{"href":"https:\/\/www.metec.ca\/fr\/wp-json\/wp\/v2\/media?parent=1645"}],"wp:term":[{"taxonomy":"product_brand","embeddable":true,"href":"https:\/\/www.metec.ca\/fr\/wp-json\/wp\/v2\/product_brand?post=1645"},{"taxonomy":"product_cat","embeddable":true,"href":"https:\/\/www.metec.ca\/fr\/wp-json\/wp\/v2\/product_cat?post=1645"},{"taxonomy":"product_tag","embeddable":true,"href":"https:\/\/www.metec.ca\/fr\/wp-json\/wp\/v2\/product_tag?post=1645"}],"curies":[{"name":"wp","href":"https:\/\/api.w.org\/{rel}","templated":true}]}}