{"id":1644,"date":"2020-04-28T19:53:51","date_gmt":"2020-04-28T19:53:51","guid":{"rendered":"https:\/\/www.metec.ca\/?post_type=product&#038;p=1644"},"modified":"2022-11-15T15:42:43","modified_gmt":"2022-11-15T20:42:43","slug":"ribbon-blower-hydraulic-super-middle-l-1800-2000","status":"publish","type":"product","link":"https:\/\/www.metec.ca\/fr\/product\/ribbon-blower-hydraulic-super-middle-l-1800-2000\/","title":{"rendered":"CERRUTI : Souffleuse \u00e0 ruban &#8211; hydraulique  SUPER MIDDLE &#8211; L 1800, 2000"},"content":{"rendered":"<table style=\"width: 100%;\" border=\"0\">\n<tbody>\n<tr>\n<td><\/td>\n<td class=\"specshead\">L 1800<\/td>\n<td class=\"specshead\">L 2000<\/td>\n<\/tr>\n<tr>\n<td class=\"specstitle\">Poids<\/td>\n<td class=\"specs\">1 047 lbs (475 kg)<\/td>\n<td class=\"specs\">1 113 lbs (505 kg)<\/td>\n<\/tr>\n<tr>\n<td class=\"specstitle\">Largeur de d\u00e9gagement<\/td>\n<td class=\"specs\">71 po (1 800 mm)<\/td>\n<td class=\"specs\">79 po (2 000 mm)<\/td>\n<\/tr>\n<tr>\n<td class=\"specstitle\">Largeur globale<\/td>\n<td class=\"specs\">73 po (1 845 mm)<\/td>\n<td class=\"specs\">80,5 po (2 045 mm)<\/td>\n<\/tr>\n<tr>\n<td class=\"specstitle\">Hauteur d\u2019admission<\/td>\n<td class=\"specs\" colspan=\"2\">33,5 po (850 mm)<\/td>\n<\/tr>\n<tr>\n<td class=\"specstitle\">Hauteur globale<\/td>\n<td class=\"specs\" colspan=\"2\">71,5 po (1 820 mm)<\/td>\n<\/tr>\n<tr>\n<td class=\"specstitle\">Diam\u00e8tre de la tari\u00e8re<\/td>\n<td class=\"specs\" colspan=\"2\">20 po (500 mm)<\/td>\n<\/tr>\n<tr>\n<td class=\"specstitle\">Exigence en mati\u00e8re d\u2019huile<\/td>\n<td class=\"specs\">26,5\/37 GPM (100\/140 \u2113\/min)<\/td>\n<td class=\"specs\">29\/42 GPM (110\/160 \u2113\/min)<\/td>\n<\/tr>\n<tr>\n<td class=\"specstitle\">Diam\u00e8tre de la turbine<\/td>\n<td class=\"specs\" colspan=\"2\">22 po (550 mm)<\/td>\n<\/tr>\n<tr>\n<td class=\"specstitle\">Caract\u00e9ristiques standard<\/td>\n<td class=\"specs\" colspan=\"2\">Ch\u00e2ssis renforc\u00e9, moteur hydraulique \u00e0 piston radial, bo\u00eete de la tari\u00e8re avec supports soud\u00e9s et brise-glace, rotation hydraulique de la goulotte, r\u00e9glage hydraulique du d\u00e9flecteur de la goulotte, goulotte basculante<\/td>\n<\/tr>\n<tr>\n<td class=\"specstitle\">Cat\u00e9gorie d\u2019attelage<\/td>\n<td class=\"specs\" colspan=\"2\">Attelage \u00e0 3 points<\/td>\n<\/tr>\n<tr>\n<td class=\"specstitle\">Options<\/td>\n<td class=\"specs\" colspan=\"2\">Goulotte enti\u00e8rement r\u00e9glable en fer galvanis\u00e9, limiteurs de couple automatiques de s\u00e9curit\u00e9 sur la tari\u00e8re, connexion pivotante avec commande hydraulique, extension de la goulotte, autres dimensions disponibles<\/td>\n<\/tr>\n<\/tbody>\n<\/table>\n","protected":false},"excerpt":{"rendered":"<p><strong>Convient aux chargeuses de grande taille, aux chargeuses frontaux et aux chargeuses sur pneus de taille moyenne. Patins antid\u00e9rapants r\u00e9glables, goulotte en acier galvanis\u00e9, rotation hydraulique de la goulotte et r\u00e9glage du d\u00e9flecteur. Tari\u00e8res dentel\u00e9es \u00e0 usage intensif.<\/strong><\/p>\n<ul>\n<li>Tari\u00e8re avant autoportante avec brise-glace.<\/li>\n<li>Goulotte basculante en acier galvanis\u00e9 pour un nettoyage facile.<\/li>\n<li>Les tari\u00e8res sont fabriqu\u00e9es avec un bord dentel\u00e9 et renforc\u00e9es pour couper la neige durcie et la glace.<\/li>\n<li>Les tari\u00e8res ajustables vous permettent d&rsquo;ajuster la hauteur du bord de coupe pour \u00e9viter de souffler du gravier sur le chemin.<\/li>\n<li>La rotation hydraulique de la goulotte et le r\u00e9glage du d\u00e9flecteur vous permettent d&rsquo;effectuer des ajustements sans quitter la cabine du tracteur.<\/li>\n<li>H\u00e9lices autoportantes en fonte r\u00e9duisent la friction pour de meilleures performances.<\/li>\n<\/ul>\n<div style=\"padding-top: 20px;\"><a class=\"productbtn\" href=\"\/fr\/specpdfs\/RB-SUPERMIDDLE-HYD-FR.pdf\" target=\"_blank\" rel=\"noreferrer noopener\"><nobr>Fiche Technique<\/nobr><\/a><\/div>\n","protected":false},"featured_media":1853,"template":"","meta":[],"product_brand":[],"product_cat":[58,54,66,69],"product_tag":[80,76,77,75,72,74],"class_list":{"0":"post-1644","1":"product","2":"type-product","3":"status-publish","4":"has-post-thumbnail","6":"product_cat-souffleuses-hydraulique","7":"product_cat-souffleuses-a-neige","8":"product_cat-souffleuses-a-ruban","9":"product_cat-technologie-de-controle-de-lhiver-et-de-la-glace","10":"product_tag-cerruti","11":"product_tag-deneigement","12":"product_tag-tractor-attachment","13":"product_tag-lance-neige","14":"product_tag-souffleuse-a-neige","15":"product_tag-souffleuse-a-ruban","17":"first","18":"instock","19":"taxable","20":"shipping-taxable","21":"product-type-simple"},"_links":{"self":[{"href":"https:\/\/www.metec.ca\/fr\/wp-json\/wp\/v2\/product\/1644","targetHints":{"allow":["GET"]}}],"collection":[{"href":"https:\/\/www.metec.ca\/fr\/wp-json\/wp\/v2\/product"}],"about":[{"href":"https:\/\/www.metec.ca\/fr\/wp-json\/wp\/v2\/types\/product"}],"wp:featuredmedia":[{"embeddable":true,"href":"https:\/\/www.metec.ca\/fr\/wp-json\/wp\/v2\/media\/1853"}],"wp:attachment":[{"href":"https:\/\/www.metec.ca\/fr\/wp-json\/wp\/v2\/media?parent=1644"}],"wp:term":[{"taxonomy":"product_brand","embeddable":true,"href":"https:\/\/www.metec.ca\/fr\/wp-json\/wp\/v2\/product_brand?post=1644"},{"taxonomy":"product_cat","embeddable":true,"href":"https:\/\/www.metec.ca\/fr\/wp-json\/wp\/v2\/product_cat?post=1644"},{"taxonomy":"product_tag","embeddable":true,"href":"https:\/\/www.metec.ca\/fr\/wp-json\/wp\/v2\/product_tag?post=1644"}],"curies":[{"name":"wp","href":"https:\/\/api.w.org\/{rel}","templated":true}]}}