{"id":1643,"date":"2020-04-28T19:45:05","date_gmt":"2020-04-28T19:45:05","guid":{"rendered":"https:\/\/www.metec.ca\/?post_type=product&#038;p=1643"},"modified":"2022-11-15T15:42:23","modified_gmt":"2022-11-15T20:42:23","slug":"ribbon-blower-pto-super-middle-l-1400-1500-1600","status":"publish","type":"product","link":"https:\/\/www.metec.ca\/fr\/product\/ribbon-blower-pto-super-middle-l-1400-1500-1600\/","title":{"rendered":"CERRUTI : Souffleuse \u00e0 ruban \u2013 m\u00e9canique SUPER MIDDLE &#8211; L 1400, 1500, 1600"},"content":{"rendered":"<table style=\"width: 100%;\" border=\"0\">\n<tbody>\n<tr>\n<td><\/td>\n<td class=\"specshead\">L 1400<\/td>\n<td class=\"specshead\">L 1500<\/td>\n<td class=\"specshead\">L 1600<\/td>\n<\/tr>\n<tr>\n<td class=\"specstitle\">Poids<\/td>\n<td class=\"specs\">838 lbs (380 kg)<\/td>\n<td class=\"specs\">904 lbs (410 kg)<\/td>\n<td class=\"specs\">970 lbs (440 kg)<\/td>\n<\/tr>\n<tr>\n<td class=\"specstitle\">Largeur de nettoyage<\/td>\n<td class=\"specs\">55 po (1 400 mm)<\/td>\n<td class=\"specs\">59 po (1 500 mm)<\/td>\n<td class=\"specs\">63 po (1 600 mm)<\/td>\n<\/tr>\n<tr>\n<td class=\"specstitle\">Largeur globale<\/td>\n<td class=\"specs\">57 po (1 445 mm)<\/td>\n<td class=\"specs\">61 po (1 545 mm)<\/td>\n<td class=\"specs\">65 po (1 645 mm)<\/td>\n<\/tr>\n<tr>\n<td class=\"specstitle\">Hauteur d\u2019admission<\/td>\n<td class=\"specs\" colspan=\"3\">33,5 po (850 mm)<\/td>\n<\/tr>\n<tr>\n<td class=\"specstitle\">Hauteur globale<\/td>\n<td class=\"specs\" colspan=\"3\">75 po (1 900 mm)<\/td>\n<\/tr>\n<tr>\n<td class=\"specstitle\">Diam\u00e8tre de la tari\u00e8re<\/td>\n<td class=\"specs\" colspan=\"3\">20 po (500 mm)<\/td>\n<\/tr>\n<tr>\n<td class=\"specstitle\">Exigences de puissance<\/td>\n<td class=\"specs\">50\/100 CV (37\/74,5 kW)<\/td>\n<td class=\"specs\">50\/110 CV (37\/82 kW)<\/td>\n<td class=\"specs\">65\/110 CV (48,5\/82 kW)<\/td>\n<\/tr>\n<tr>\n<td class=\"specstitle\">Diam\u00e8tre de la turbine<\/td>\n<td class=\"specs\" colspan=\"3\">20 po (500 mm)<\/td>\n<\/tr>\n<tr>\n<td class=\"specstitle\">Caract\u00e9ristiques standard<\/td>\n<td class=\"specs\" colspan=\"3\">Bo\u00eete de vitesses en fonte, tari\u00e8re avec brise-glace, rotation hydraulique de la goulotte, r\u00e9glage hydraulique du d\u00e9flecteur de la goulotte, goulotte install\u00e9e sur des roulements \u00e0 billes de but\u00e9e, patins r\u00e9glables par manivelle manuelle<\/td>\n<\/tr>\n<tr>\n<td class=\"specstitle\">Cat\u00e9gorie d\u2019attelage<\/td>\n<td class=\"specs\" colspan=\"3\">Connecteur 3 points de cat\u00e9gorie 2 avec joints pivotants et fentes pour la mise \u00e0 niveau automatique<\/td>\n<\/tr>\n<tr>\n<td class=\"specstitle\">Options<\/td>\n<td class=\"specs\" colspan=\"3\">Goulotte enti\u00e8rement r\u00e9glable en fer galvanis\u00e9, rotation \u00e9lectrique de la goulotte, d\u00e9flecteur \u00e9lectrique de la goulotte, limiteurs de couple automatiques de s\u00e9curit\u00e9 sur la tari\u00e8re, extension de la goulotte, autres dimensions disponibles<\/td>\n<\/tr>\n<\/tbody>\n<\/table>\n","protected":false},"excerpt":{"rendered":"<p><strong>Convient aux tracteurs de moyenne\/grande capacit\u00e9 80-120 CV. Patins antid\u00e9rapants r\u00e9glables par levier, goulotte en acier galvanis\u00e9, rotation hydraulique de la goulotte et r\u00e9glage du d\u00e9flecteur. Montage avant ou arri\u00e8re, et tari\u00e8res dentel\u00e9es \u00e0 usage intensif.<\/strong><\/p>\n<ul>\n<li>Tari\u00e8re avant autoportante avec brise-glace.<\/li>\n<li>Goulotte basculante en acier galvanis\u00e9 pour un nettoyage facile.<\/li>\n<li>Les tari\u00e8res sont fabriqu\u00e9es avec un bord dentel\u00e9 et renforc\u00e9es pour couper la neige durcie et la glace.<\/li>\n<li>Les patins antid\u00e9rapants r\u00e9glables vous permettent d&rsquo;ajuster la hauteur du bord de coupe pour \u00e9viter de souffler du gravier sur le chemin.<\/li>\n<li>La rotation hydraulique de la goulotte et le r\u00e9glage du d\u00e9flecteur vous permettent d&rsquo;effectuer des ajustements sans quitter la cabine du tracteur.<\/li>\n<\/ul>\n<div style=\"padding-top: 20px;\"><a class=\"productbtn\" href=\"\/fr\/specpdfs\/RB-SUPERMIDDLE-PTO-FR.pdf\" target=\"_blank\" rel=\"noreferrer noopener\"><nobr>Fiche Technique<\/nobr><\/a><\/div>\n","protected":false},"featured_media":1853,"template":"","meta":[],"product_brand":[],"product_cat":[57,54,66,69],"product_tag":[80,76,77,75,220,72,74],"class_list":{"0":"post-1643","1":"product","2":"type-product","3":"status-publish","4":"has-post-thumbnail","6":"product_cat-souffleuses-mecaniqqu","7":"product_cat-souffleuses-a-neige","8":"product_cat-souffleuses-a-ruban","9":"product_cat-technologie-de-controle-de-lhiver-et-de-la-glace","10":"product_tag-cerruti","11":"product_tag-deneigement","12":"product_tag-tractor-attachment","13":"product_tag-lance-neige","14":"product_tag-pto","15":"product_tag-souffleuse-a-neige","16":"product_tag-souffleuse-a-ruban","18":"first","19":"instock","20":"taxable","21":"shipping-taxable","22":"product-type-simple"},"_links":{"self":[{"href":"https:\/\/www.metec.ca\/fr\/wp-json\/wp\/v2\/product\/1643","targetHints":{"allow":["GET"]}}],"collection":[{"href":"https:\/\/www.metec.ca\/fr\/wp-json\/wp\/v2\/product"}],"about":[{"href":"https:\/\/www.metec.ca\/fr\/wp-json\/wp\/v2\/types\/product"}],"wp:featuredmedia":[{"embeddable":true,"href":"https:\/\/www.metec.ca\/fr\/wp-json\/wp\/v2\/media\/1853"}],"wp:attachment":[{"href":"https:\/\/www.metec.ca\/fr\/wp-json\/wp\/v2\/media?parent=1643"}],"wp:term":[{"taxonomy":"product_brand","embeddable":true,"href":"https:\/\/www.metec.ca\/fr\/wp-json\/wp\/v2\/product_brand?post=1643"},{"taxonomy":"product_cat","embeddable":true,"href":"https:\/\/www.metec.ca\/fr\/wp-json\/wp\/v2\/product_cat?post=1643"},{"taxonomy":"product_tag","embeddable":true,"href":"https:\/\/www.metec.ca\/fr\/wp-json\/wp\/v2\/product_tag?post=1643"}],"curies":[{"name":"wp","href":"https:\/\/api.w.org\/{rel}","templated":true}]}}