{"id":1640,"date":"2020-04-28T19:20:25","date_gmt":"2020-04-28T19:20:25","guid":{"rendered":"https:\/\/www.metec.ca\/?post_type=product&#038;p=1640"},"modified":"2026-01-16T08:09:40","modified_gmt":"2026-01-16T13:09:40","slug":"basic-l","status":"publish","type":"product","link":"https:\/\/www.metec.ca\/fr\/product\/basic-l\/","title":{"rendered":"CERRUTI : Souffleuse \u00e0 ruban hydraulique BASIC &#8211; L 1200, 1300, 1400"},"content":{"rendered":"<table style=\"width: 100%;\" border=\"0\">\n<tbody>\n<tr>\n<td><\/td>\n<td class=\"specshead\">L 1200<\/td>\n<td class=\"specshead\">L 1300<\/td>\n<td class=\"specshead\">L 1400<\/td>\n<\/tr>\n<tr>\n<td class=\"specstitle\">Poids<\/td>\n<td class=\"specs\">485 lbs (220 kg)<\/td>\n<td class=\"specs\">529 lbs (240 kg)<\/td>\n<td class=\"specs\">562 lbs (255 kg)<\/td>\n<\/tr>\n<tr>\n<td class=\"specstitle\">Largeur de nettoyage<\/td>\n<td class=\"specs\">47 po (1,2 m)<\/td>\n<td class=\"specs\">51 po (1,3 m)<\/td>\n<td class=\"specs\">55 po (1,4 m)<\/td>\n<\/tr>\n<tr>\n<td class=\"specstitle\">Largeur globale<\/td>\n<td class=\"specs\">48 po (1,22 m)<\/td>\n<td class=\"specs\">52 po (1,32 m)<\/td>\n<td class=\"specs\">65 po (1,42 m)<\/td>\n<\/tr>\n<tr>\n<td class=\"specstitle\">Hauteur d\u2019admission<\/td>\n<td class=\"specs\" colspan=\"3\">27,6 po (700 mm)<\/td>\n<\/tr>\n<tr>\n<td class=\"specstitle\">Hauteur globale<\/td>\n<td class=\"specs\" colspan=\"3\">66 po (1,69 m)<\/td>\n<\/tr>\n<tr>\n<td class=\"specstitle\">Diam\u00e8tre de la tari\u00e8re<\/td>\n<td class=\"specs\" colspan=\"3\">16 po (400 mm) avec brise-glace<\/td>\n<\/tr>\n<tr>\n<td class=\"specstitle\">Exigences de puissance<\/td>\n<td class=\"specs\">10,5\/16 GPM (40\/60 \u2113\/min)<\/td>\n<td class=\"specs\">12\/18,5 GPM (45\/70 \u2113\/min)<\/td>\n<td class=\"specs\">13\/18,5 GPM (50\/70 \u2113\/min)<\/td>\n<\/tr>\n<tr>\n<td class=\"specstitle\">Diam\u00e8tre de la turbine<\/td>\n<td class=\"specs\" colspan=\"3\">16 po (400 mm)<\/td>\n<\/tr>\n<tr>\n<td class=\"specstitle\">Caract\u00e9ristiques standard<\/td>\n<td class=\"specs\" colspan=\"3\">Cadre renforc\u00e9, bo\u00eete de vitesses en fonte, tari\u00e8re avec brise-glace, rotation de la glissi\u00e8re hydraulique, r\u00e9glage du d\u00e9flecteur de la glissi\u00e8re hydraulique<\/td>\n<\/tr>\n<tr>\n<td class=\"specstitle\">Cat\u00e9gorie d\u2019attelage<\/td>\n<td class=\"specs\" colspan=\"3\">Plaque de montage ou raccord similaire<\/td>\n<\/tr>\n<tr>\n<td class=\"specstitle\">Options<\/td>\n<td class=\"specs\" colspan=\"3\">Chute enti\u00e8rement r\u00e9glable en fer galvanis\u00e9, rotation de chute \u00e9lectrique, d\u00e9flecteur de chute \u00e9lectrique, suspension flottante verticale, autres tailles disponibles<\/td>\n<\/tr>\n<\/tbody>\n<\/table>\n","protected":false},"excerpt":{"rendered":"<p><strong>Id\u00e9al pour tracteurs \u00e0 faible puissance et d\u00e9rapages. Gr\u00e2ce \u00e0 ses dimensions compactes, elle peut \u00eatre utilis\u00e9e dans les endroits o\u00f9 l&rsquo;espace est restreint et o\u00f9 le d\u00e9neigement serait impossible avec un \u00e9quipement standard.<\/strong><\/p>\n<ul>\n<li>Les tari\u00e8res sont dot\u00e9es d&rsquo;un bord dentel\u00e9 pour couper la neige durcie et la glace.<\/li>\n<li>Les patins antid\u00e9rapants vous permettent d&rsquo;ajuster la hauteur du bord de coupe pour \u00e9viter de souffler du gravier sur le chemin.<\/li>\n<li>La rotation hydraulique de la goulotte et le r\u00e9glage du d\u00e9flecteur vous permettent d&rsquo;effectuer des ajustements sans quitter la cabine du tracteur.<\/li>\n<\/ul>\n<div style=\"padding-bottom: 30px; display: flex; gap: 10px;\"><a class=\"productbtn\" href=\"\/fr\/specpdfs\/RB-BASIC-FR.pdf\" target=\"_blank\" rel=\"noreferrer noopener\">Fiche Technique<\/a><br \/>\n<a class=\"productbtn\" href=\"\/fr\/devis-accessoire\" target=\"_blank\" rel=\"noreferrer noopener\">Obtenez un devis !<\/a><\/div>\n","protected":false},"featured_media":1852,"template":"","meta":[],"product_brand":[322],"product_cat":[58,54,66,69],"product_tag":[80,76,77,75,72,74],"class_list":{"0":"post-1640","1":"product","2":"type-product","3":"status-publish","4":"has-post-thumbnail","6":"product_brand-cerruti","7":"product_cat-souffleuses-hydraulique","8":"product_cat-souffleuses-a-neige","9":"product_cat-souffleuses-a-ruban","10":"product_cat-technologie-de-controle-de-lhiver-et-de-la-glace","11":"product_tag-cerruti","12":"product_tag-deneigement","13":"product_tag-tractor-attachment","14":"product_tag-lance-neige","15":"product_tag-souffleuse-a-neige","16":"product_tag-souffleuse-a-ruban","18":"first","19":"instock","20":"taxable","21":"shipping-taxable","22":"product-type-simple"},"_links":{"self":[{"href":"https:\/\/www.metec.ca\/fr\/wp-json\/wp\/v2\/product\/1640","targetHints":{"allow":["GET"]}}],"collection":[{"href":"https:\/\/www.metec.ca\/fr\/wp-json\/wp\/v2\/product"}],"about":[{"href":"https:\/\/www.metec.ca\/fr\/wp-json\/wp\/v2\/types\/product"}],"wp:featuredmedia":[{"embeddable":true,"href":"https:\/\/www.metec.ca\/fr\/wp-json\/wp\/v2\/media\/1852"}],"wp:attachment":[{"href":"https:\/\/www.metec.ca\/fr\/wp-json\/wp\/v2\/media?parent=1640"}],"wp:term":[{"taxonomy":"product_brand","embeddable":true,"href":"https:\/\/www.metec.ca\/fr\/wp-json\/wp\/v2\/product_brand?post=1640"},{"taxonomy":"product_cat","embeddable":true,"href":"https:\/\/www.metec.ca\/fr\/wp-json\/wp\/v2\/product_cat?post=1640"},{"taxonomy":"product_tag","embeddable":true,"href":"https:\/\/www.metec.ca\/fr\/wp-json\/wp\/v2\/product_tag?post=1640"}],"curies":[{"name":"wp","href":"https:\/\/api.w.org\/{rel}","templated":true}]}}