{"id":1432,"date":"2020-04-06T15:56:19","date_gmt":"2020-04-06T19:56:19","guid":{"rendered":"https:\/\/www.metec.ca\/?post_type=product&#038;p=1432"},"modified":"2023-10-17T08:50:49","modified_gmt":"2023-10-17T12:50:49","slug":"ribbon-blower-middle-l-1200-1300-1400-1500","status":"publish","type":"product","link":"https:\/\/www.metec.ca\/fr\/product\/ribbon-blower-middle-l-1200-1300-1400-1500\/","title":{"rendered":"CERRUTI : Souffleuse \u00e0 ruban \u2013 m\u00e9canique &#8211; MIDDLE &#8211; L 1200, 1300, 1400, 1500"},"content":{"rendered":"<table style=\"width: 100%;\" border=\"0\">\n<tbody>\n<tr>\n<td><\/td>\n<td class=\"specshead\">L 1200<\/td>\n<td class=\"specshead\">L 1300<\/td>\n<td class=\"specshead\">L 1400<\/td>\n<td class=\"specshead\">L 1500<\/td>\n<\/tr>\n<tr>\n<td class=\"specstitle\">Poids<\/td>\n<td class=\"specs\">661 lbs (300 kg)<\/td>\n<td class=\"specs\">694 lbs (315 kg)<\/td>\n<td class=\"specs\">728 lbs (330 kg)<\/td>\n<td class=\"specs\">761 lbs (345 kg)<\/td>\n<\/tr>\n<tr>\n<td class=\"specstitle\">Largeur de nettoyage<\/td>\n<td class=\"specs\">47 po (1 200 mm)<\/td>\n<td class=\"specs\">51 po (1 300 mm)<\/td>\n<td class=\"specs\">55 po (1 400 mm)<\/td>\n<td class=\"specs\">59 po (1 500 mm)<\/td>\n<\/tr>\n<tr>\n<td class=\"specstitle\">Largeur globale<\/td>\n<td class=\"specs\">49 po (1 245 mm)<\/td>\n<td class=\"specs\">53 po (1 345 mm)<\/td>\n<td class=\"specs\">57po (1 445 mm)<\/td>\n<td class=\"specs\">61 po (1 545 mm)<\/td>\n<\/tr>\n<tr>\n<td class=\"specstitle\">Hauteur d\u2019admission<\/td>\n<td class=\"specs\" colspan=\"4\">33,5 po (850 mm)<\/td>\n<\/tr>\n<tr>\n<td class=\"specstitle\">Hauteur globale<\/td>\n<td class=\"specs\" colspan=\"4\">71,5 po (1 820 mm)<\/td>\n<\/tr>\n<tr>\n<td class=\"specstitle\">Diam\u00e8tre de la tari\u00e8re<\/td>\n<td class=\"specs\" colspan=\"4\">20 po (500 mm)<\/td>\n<\/tr>\n<tr>\n<td class=\"specstitle\">Exigences de puissance<\/td>\n<td class=\"specs\">25\/80 CV (18,5\/60 kW)<\/td>\n<td class=\"specs\">30\/80 CV (22,5\/60 kW)<\/td>\n<td class=\"specs\">38\/80 CV (28,5\/60 kW)<\/td>\n<td class=\"specs\">40\/90 CV (30\/67 kW)<\/td>\n<\/tr>\n<tr>\n<td class=\"specstitle\">Diam\u00e8tre de la turbine<\/td>\n<td class=\"specs\" colspan=\"4\">18 po (450 mm)<\/td>\n<\/tr>\n<tr>\n<td class=\"specstitle\">Caract\u00e9ristiques standard<\/td>\n<td class=\"specs\" colspan=\"4\">Bo\u00eete de vitesses en fonte, tari\u00e8re avec brise-glace, rotation hydraulique de la goulotte, r\u00e9glage hydraulique du d\u00e9flecteur de la goulotte, goulotte install\u00e9e sur des roulements \u00e0 billes de but\u00e9e, patins r\u00e9glables par manivelle manuelle<\/td>\n<\/tr>\n<tr>\n<td class=\"specstitle\">Cat\u00e9gorie d\u2019attelage<\/td>\n<td class=\"specs\" colspan=\"4\">CAT II 3PH avec joints pivotants<\/td>\n<\/tr>\n<tr>\n<td class=\"specstitle\">Options<\/td>\n<td class=\"specs\" colspan=\"4\">Goulotte enti\u00e8rement r\u00e9glable en fer galvanis\u00e9, rotation \u00e9lectrique de la goulotte, d\u00e9flecteur \u00e9lectrique de la goulotte, limiteurs de couple automatiques de s\u00e9curit\u00e9 sur la tari\u00e8re, extension de la goulotte.<\/td>\n<\/tr>\n<\/tbody>\n<\/table>\n","protected":false},"excerpt":{"rendered":"<p><strong>Convient aux tracteurs de taille moyenne, peut \u00eatre mont\u00e9e \u00e0 l&rsquo;avant ou \u00e0 l&rsquo;arri\u00e8re, avec des attelages \u00e0 trois points ou \u00e0 cadre A. H\u00e9lices avant renforc\u00e9es avec brise-glace, patins antid\u00e9rapants par levier, goulotte en acier galvanis\u00e9, rotation hydraulique de la goulotte et r\u00e9glage hydraulique du d\u00e9flecteur.<\/strong><\/p>\n<ul>\n<li>Les tari\u00e8res sont fabriqu\u00e9es avec un bord dentel\u00e9 et renforc\u00e9es pour couper la neige durcie et la glace.<\/li>\n<li>Les patins antid\u00e9rapants vous permettent d&rsquo;ajuster la hauteur du bord de coupe pour \u00e9viter de souffler du gravier sur le chemin.<\/li>\n<li>La rotation hydraulique de la goulotte et le r\u00e9glage du d\u00e9flecteur vous permettent d&rsquo;effectuer des ajustements sans quitter la cabine du tracteur.<\/li>\n<\/ul>\n<div style=\"padding-top: 20px;\"><a class=\"productbtn\" href=\"\/fr\/specpdfs\/RB-MIDDLE-PTO-FR.pdf\" target=\"_blank\" rel=\"noreferrer noopener\">Fiche Technique<\/a><\/div>\n","protected":false},"featured_media":1850,"template":"","meta":[],"product_brand":[],"product_cat":[57,54,66,69],"product_tag":[80,76,77,75,220,72,74],"class_list":{"0":"post-1432","1":"product","2":"type-product","3":"status-publish","4":"has-post-thumbnail","6":"product_cat-souffleuses-mecaniqqu","7":"product_cat-souffleuses-a-neige","8":"product_cat-souffleuses-a-ruban","9":"product_cat-technologie-de-controle-de-lhiver-et-de-la-glace","10":"product_tag-cerruti","11":"product_tag-deneigement","12":"product_tag-tractor-attachment","13":"product_tag-lance-neige","14":"product_tag-pto","15":"product_tag-souffleuse-a-neige","16":"product_tag-souffleuse-a-ruban","18":"first","19":"instock","20":"taxable","21":"shipping-taxable","22":"product-type-simple"},"_links":{"self":[{"href":"https:\/\/www.metec.ca\/fr\/wp-json\/wp\/v2\/product\/1432","targetHints":{"allow":["GET"]}}],"collection":[{"href":"https:\/\/www.metec.ca\/fr\/wp-json\/wp\/v2\/product"}],"about":[{"href":"https:\/\/www.metec.ca\/fr\/wp-json\/wp\/v2\/types\/product"}],"wp:featuredmedia":[{"embeddable":true,"href":"https:\/\/www.metec.ca\/fr\/wp-json\/wp\/v2\/media\/1850"}],"wp:attachment":[{"href":"https:\/\/www.metec.ca\/fr\/wp-json\/wp\/v2\/media?parent=1432"}],"wp:term":[{"taxonomy":"product_brand","embeddable":true,"href":"https:\/\/www.metec.ca\/fr\/wp-json\/wp\/v2\/product_brand?post=1432"},{"taxonomy":"product_cat","embeddable":true,"href":"https:\/\/www.metec.ca\/fr\/wp-json\/wp\/v2\/product_cat?post=1432"},{"taxonomy":"product_tag","embeddable":true,"href":"https:\/\/www.metec.ca\/fr\/wp-json\/wp\/v2\/product_tag?post=1432"}],"curies":[{"name":"wp","href":"https:\/\/api.w.org\/{rel}","templated":true}]}}