{"id":1397,"date":"2020-03-25T17:18:41","date_gmt":"2020-03-25T17:18:41","guid":{"rendered":"https:\/\/www.metec.ca\/?post_type=product&#038;p=1397"},"modified":"2022-11-15T15:48:30","modified_gmt":"2022-11-15T20:48:30","slug":"flail-mower-heavy-sk-1500-pm-ph-sk-2000-pm-ph","status":"publish","type":"product","link":"https:\/\/www.metec.ca\/fr\/product\/flail-mower-heavy-sk-1500-pm-ph-sk-2000-pm-ph\/","title":{"rendered":"GMR : Faucheuses \u00e0 fl\u00e9aux &#8211; HEAVY &#8211; SK 1500, 2000 PM\/PH"},"content":{"rendered":"<table style=\"width: 100%;\" border=\"0\">\n<tbody>\n<tr>\n<td width=\"20%\"><\/td>\n<td class=\"specshead\">SK 1500 PM\/PH<\/td>\n<td class=\"specshead\">SK 2000 PM\/PH<\/td>\n<\/tr>\n<tr>\n<td class=\"specstitle\">Poids<\/td>\n<td class=\"specs\">1 213 lbs (550 kg)<\/td>\n<td class=\"specs\">1 543 lbs (700 kg)<\/td>\n<\/tr>\n<tr>\n<td class=\"specstitle\">Largeur de coupe<\/td>\n<td class=\"specs\">59 po (150 cm)<\/td>\n<td class=\"specs\">87 po (220 cm)<\/td>\n<\/tr>\n<tr>\n<td class=\"specstitle\">Largeur globale<\/td>\n<td class=\"specs\">72 po (184 cm)<\/td>\n<td class=\"specs\">92 po (234 cm)<\/td>\n<\/tr>\n<tr>\n<td class=\"specstitle\">Hauteur globale<\/td>\n<td class=\"specs\" colspan=\"2\">35 po (90 cm)<\/td>\n<\/tr>\n<tr>\n<td class=\"specstitle\">Hauteur de coupe<\/td>\n<td class=\"specs\" colspan=\"2\">1 &#8211; 4 po (3 &#8211; 8 cm)<\/td>\n<\/tr>\n<tr>\n<td class=\"specstitle\">Exigences de puissance<\/td>\n<td class=\"specs\">20 CV (15 kW)<\/td>\n<td class=\"specs\">30 CV (22 kW)<\/td>\n<\/tr>\n<tr>\n<td class=\"specstitle\">R\u00e9glage de la hauteur<\/td>\n<td class=\"specs\" colspan=\"2\">Hydraulique ou m\u00e9chanique<\/td>\n<\/tr>\n<tr>\n<td class=\"specstitle\">Nombre de classe J<\/td>\n<td class=\"specs\">42 jeux<\/td>\n<td class=\"specs\">56 jeux<\/td>\n<\/tr>\n<tr>\n<td class=\"specstitle\">Nombre de classe Y<\/td>\n<td class=\"specs\">84 jeux<\/td>\n<td class=\"specs\">112 jeux<\/td>\n<\/tr>\n<tr>\n<td class=\"specstitle\">Caract\u00e9ristiques standard<\/td>\n<td class=\"specs\" colspan=\"2\">Essieu rotatif robuste, pied d\u2019appui pour le rangement, rabats avant ou garde-cha\u00eene<\/td>\n<\/tr>\n<tr>\n<td class=\"specstitle\">Cat\u00e9gorie d\u2019attelage<\/td>\n<td class=\"specs\" colspan=\"2\">Cadre A ou 3 points CAT I ou II<\/td>\n<\/tr>\n<tr>\n<td class=\"specstitle\">Options<\/td>\n<td class=\"specs\" colspan=\"2\">Inclinaison hydraulique, kit de paillage, protection de cha\u00eene, protection en caoutchouc, disque anti-d\u00e9capage, cadre de montage flottant, roues r\u00e9sistantes \u00e0 la perforation remplies de mousse, roues larges incluses dans la fourche de roue<\/td>\n<\/tr>\n<\/tbody>\n<\/table>\n","protected":false},"excerpt":{"rendered":"<p><strong>Tout ce que le mod\u00e8le SK MM\/MH a \u00e0 offrir, plus l&rsquo;avantage d&rsquo;un poids \u00e9lev\u00e9 sur le tambour, la rend id\u00e9al pour le paillage.<\/strong><\/p>\n<ul>\n<li>Elle peut \u00eatre actionn\u00e9e hydrauliquement ou m\u00e9caniquement et mont\u00e9e \u00e0 l&rsquo;avant ou \u00e0 l&rsquo;arri\u00e8re.<\/li>\n<li>Gr\u00e2ce au d\u00e9placement lat\u00e9ral hydraulique, vous pouvez facilement d\u00e9placer la faucheuse \u00e0 gauche et \u00e0 droite sans quitter la cabine. (En option).<\/li>\n<li>Le rouleau arri\u00e8re hydraulique se d\u00e9place sur le sol et ajuste la hauteur de coupe au fur et \u00e0 mesure.<\/li>\n<li>Rotation stable \u00e0 2500 tours\/minute.<\/li>\n<li>Gr\u00e2ce \u00e0 la jupe en caoutchouc (en option), vous n&rsquo;aurez pas \u00e0 craindre de projeter du gravier partout.<\/li>\n<li>Sont \u00e9galement inclus, des bacs de protection anti-\u00e9caillage, une lame inf\u00e9rieure pour assurer un broyage uniforme et des pieds de support pour un rangement sans probl\u00e8me.<\/li>\n<\/ul>\n<div style=\"padding-top: 20px;\"><a class=\"productbtn\" href=\"\/fr\/specpdfs\/FLAIL-HEAVY-FR.pdf\" target=\"_blank\" rel=\"noreferrer noopener\"><nobr>Fiche Technique<\/nobr><\/a><\/div>\n","protected":false},"featured_media":1398,"template":"","meta":[],"product_brand":[],"product_cat":[68,70],"product_tag":[82,83,85,87,84,86,229],"class_list":{"0":"post-1397","1":"product","2":"type-product","3":"status-publish","4":"has-post-thumbnail","6":"product_cat-faucheuses","7":"product_cat-soins-ecologique-et-technologie-des-mauvaises-herbes","8":"product_tag-coupe-dherbe","9":"product_tag-coupe-de-fosse","10":"product_tag-ducker","11":"product_tag-faucheuse-a-fleau","12":"product_tag-fleau","13":"product_tag-gmr","14":"product_tag-tondeuse","16":"first","17":"instock","18":"taxable","19":"shipping-taxable","20":"product-type-simple"},"_links":{"self":[{"href":"https:\/\/www.metec.ca\/fr\/wp-json\/wp\/v2\/product\/1397","targetHints":{"allow":["GET"]}}],"collection":[{"href":"https:\/\/www.metec.ca\/fr\/wp-json\/wp\/v2\/product"}],"about":[{"href":"https:\/\/www.metec.ca\/fr\/wp-json\/wp\/v2\/types\/product"}],"wp:featuredmedia":[{"embeddable":true,"href":"https:\/\/www.metec.ca\/fr\/wp-json\/wp\/v2\/media\/1398"}],"wp:attachment":[{"href":"https:\/\/www.metec.ca\/fr\/wp-json\/wp\/v2\/media?parent=1397"}],"wp:term":[{"taxonomy":"product_brand","embeddable":true,"href":"https:\/\/www.metec.ca\/fr\/wp-json\/wp\/v2\/product_brand?post=1397"},{"taxonomy":"product_cat","embeddable":true,"href":"https:\/\/www.metec.ca\/fr\/wp-json\/wp\/v2\/product_cat?post=1397"},{"taxonomy":"product_tag","embeddable":true,"href":"https:\/\/www.metec.ca\/fr\/wp-json\/wp\/v2\/product_tag?post=1397"}],"curies":[{"name":"wp","href":"https:\/\/api.w.org\/{rel}","templated":true}]}}