{"id":1395,"date":"2020-03-25T17:15:29","date_gmt":"2020-03-25T17:15:29","guid":{"rendered":"https:\/\/www.metec.ca\/?post_type=product&#038;p=1395"},"modified":"2022-11-15T15:48:09","modified_gmt":"2022-11-15T20:48:09","slug":"flail-mower-easy-sk-1300-mm-mh-sk-1500-mm-mh-sk-1700-mm-mh","status":"publish","type":"product","link":"https:\/\/www.metec.ca\/fr\/product\/flail-mower-easy-sk-1300-mm-mh-sk-1500-mm-mh-sk-1700-mm-mh\/","title":{"rendered":"GMR : Faucheuses \u00e0 fl\u00e9au \u2013 EASY &#8211; SK 1300, 1500, 1700 MM\/MH"},"content":{"rendered":"<table style=\"width: 100%;\" border=\"0\">\n<tbody>\n<tr>\n<td><\/td>\n<td class=\"specshead\">SK 1300 MM\/MH<\/td>\n<td class=\"specshead\">SK 1500 MM\/MH<\/td>\n<td class=\"specshead\">SK 1700 MM\/MH<\/td>\n<\/tr>\n<tr>\n<td class=\"specstitle\">Poids<\/td>\n<td class=\"specs\">739 lbs (335 kg)<\/td>\n<td class=\"specs\">827 lbs (375 kg)<\/td>\n<td class=\"specs\">915 lbs (415 kg)<\/td>\n<\/tr>\n<tr>\n<td class=\"specstitle\">Largeur de coupe<\/td>\n<td class=\"specs\">51 po (130 cm)<\/td>\n<td class=\"specs\">59 po (150 cm)<\/td>\n<td class=\"specs\">67 po (170 cm)<\/td>\n<\/tr>\n<tr>\n<td class=\"specstitle\">Largeur globale<\/td>\n<td class=\"specs\">62 po (158 cm)<\/td>\n<td class=\"specs\">70 po (178 cm)<\/td>\n<td class=\"specs\">78 po (198 cm)<\/td>\n<\/tr>\n<tr>\n<td class=\"specstitle\">Hauteur globale<\/td>\n<td class=\"specs\" colspan=\"3\">35 po (88 cm)<\/td>\n<\/tr>\n<tr>\n<td class=\"specstitle\">Hauteur de coupe<\/td>\n<td class=\"specs\" colspan=\"3\">1 &#8211; 4 po (3 &#8211; 8 cm)<\/td>\n<\/tr>\n<tr>\n<td class=\"specstitle\">Exigences de puissance<\/td>\n<td class=\"specs\">16 CV (12 kW)<\/td>\n<td class=\"specs\">19 CV (14 kW)<\/td>\n<td class=\"specs\">21 CV (15 kW)<\/td>\n<\/tr>\n<tr>\n<td class=\"specstitle\">R\u00e9glage de la hauteur<\/td>\n<td class=\"specs\" colspan=\"3\">0,5 &#8211; 3 po (15 &#8211; 75 mm)<\/td>\n<\/tr>\n<tr>\n<td class=\"specstitle\">Nombre de classe Y<\/td>\n<td class=\"specs\">84 jeux<\/td>\n<td class=\"specs\">96 jeux<\/td>\n<td class=\"specs\">112 jeux<\/td>\n<\/tr>\n<tr>\n<td class=\"specstitle\">Nombre de couteaux<\/td>\n<td class=\"specs\">42 jeux<\/td>\n<td class=\"specs\">48 jeux<\/td>\n<td class=\"specs\">56 jeux<\/td>\n<\/tr>\n<tr>\n<td class=\"specstitle\">Caract\u00e9ristiques standard<\/td>\n<td class=\"specs\" colspan=\"3\">Essieu rotatif robuste, pied d\u2019appui pour le rangement, rabats avant ou garde-cha\u00eene<\/td>\n<\/tr>\n<tr>\n<td class=\"specstitle\">Cat\u00e9gorie d\u2019attelage<\/td>\n<td class=\"specs\" colspan=\"3\">Attelage 3 points<\/td>\n<\/tr>\n<tr>\n<td class=\"specstitle\">Options<\/td>\n<td class=\"specs\" colspan=\"3\">D\u00e9placement lat\u00e9ral hydraulique, rouleau arri\u00e8re avec r\u00e9glage hydraulique de la hauteur<\/td>\n<\/tr>\n<\/tbody>\n<\/table>\n","protected":false},"excerpt":{"rendered":"<p><strong>Comme son nom l&rsquo;indique, cette faucheuse vous facilitera la vie.<\/strong><\/p>\n<ul>\n<li>Elle peut \u00eatre actionn\u00e9e hydrauliquement ou m\u00e9caniquement et mont\u00e9e \u00e0 l&rsquo;avant ou \u00e0 l&rsquo;arri\u00e8re.<\/li>\n<li>Gr\u00e2ce au d\u00e9placement lat\u00e9ral hydraulique, vous pouvez facilement d\u00e9placer la tondeuse de gauche \u00e0 droite sans quitter la cabine. (En option)<\/li>\n<li>Le rouleau arri\u00e8re hydraulique se d\u00e9place sur le sol et ajuste la hauteur de coupe au fur et \u00e0 mesure.<\/li>\n<li>Gr\u00e2ce \u00e0 la jupe en caoutchouc, aux volets avant ou au prot\u00e8ge-cha\u00eene, vous n&rsquo;aurez plus \u00e0 vous soucier de projeter du gravier partout.<\/li>\n<li>Sont \u00e9galement inclus, des bacs de protection anti-\u00e9caillage et une lame inf\u00e9rieure pour assurer un broyage uniforme.<\/li>\n<li>Des pieds de support pour un rangement sans probl\u00e8me.<\/li>\n<\/ul>\n<div style=\"padding-top: 20px;\"><a class=\"productbtn\" href=\"\/fr\/specpdfs\/FLAIL-EASY-FR.pdf\" target=\"_blank\" rel=\"noreferrer noopener\"><nobr>Fiche Technique<\/nobr><\/a><\/div>\n","protected":false},"featured_media":1396,"template":"","meta":[],"product_brand":[],"product_cat":[68,70],"product_tag":[82,83,85,87,84,86,229],"class_list":{"0":"post-1395","1":"product","2":"type-product","3":"status-publish","4":"has-post-thumbnail","6":"product_cat-faucheuses","7":"product_cat-soins-ecologique-et-technologie-des-mauvaises-herbes","8":"product_tag-coupe-dherbe","9":"product_tag-coupe-de-fosse","10":"product_tag-ducker","11":"product_tag-faucheuse-a-fleau","12":"product_tag-fleau","13":"product_tag-gmr","14":"product_tag-tondeuse","16":"first","17":"instock","18":"taxable","19":"shipping-taxable","20":"product-type-simple"},"_links":{"self":[{"href":"https:\/\/www.metec.ca\/fr\/wp-json\/wp\/v2\/product\/1395","targetHints":{"allow":["GET"]}}],"collection":[{"href":"https:\/\/www.metec.ca\/fr\/wp-json\/wp\/v2\/product"}],"about":[{"href":"https:\/\/www.metec.ca\/fr\/wp-json\/wp\/v2\/types\/product"}],"wp:featuredmedia":[{"embeddable":true,"href":"https:\/\/www.metec.ca\/fr\/wp-json\/wp\/v2\/media\/1396"}],"wp:attachment":[{"href":"https:\/\/www.metec.ca\/fr\/wp-json\/wp\/v2\/media?parent=1395"}],"wp:term":[{"taxonomy":"product_brand","embeddable":true,"href":"https:\/\/www.metec.ca\/fr\/wp-json\/wp\/v2\/product_brand?post=1395"},{"taxonomy":"product_cat","embeddable":true,"href":"https:\/\/www.metec.ca\/fr\/wp-json\/wp\/v2\/product_cat?post=1395"},{"taxonomy":"product_tag","embeddable":true,"href":"https:\/\/www.metec.ca\/fr\/wp-json\/wp\/v2\/product_tag?post=1395"}],"curies":[{"name":"wp","href":"https:\/\/api.w.org\/{rel}","templated":true}]}}