{"id":1390,"date":"2020-03-25T17:09:12","date_gmt":"2020-03-25T17:09:12","guid":{"rendered":"https:\/\/www.metec.ca\/?post_type=product&#038;p=1390"},"modified":"2022-11-15T15:47:47","modified_gmt":"2022-11-15T20:47:47","slug":"rotary-mower-triplex-th-thm-2500-th-thm-3000","status":"publish","type":"product","link":"https:\/\/www.metec.ca\/fr\/product\/rotary-mower-triplex-th-thm-2500-th-thm-3000\/","title":{"rendered":"GMR : Faucheuses rotatives &#8211; triplex &#8211; TH\/THM 2500, 3000"},"content":{"rendered":"<table style=\"width: 100%;\" border=\"0\">\n<tbody>\n<tr>\n<td width=\"25%\"><\/td>\n<td class=\"specshead\">TH\/THM 2500<\/td>\n<td class=\"specshead\">TH\/THM 3000<\/td>\n<\/tr>\n<tr>\n<td class=\"specstitle\">Poids<\/td>\n<td class=\"specs\">805 lbs (365 kg)<\/td>\n<td class=\"specs\">970 lbs (440 kg)<\/td>\n<\/tr>\n<tr>\n<td class=\"specstitle\">Largeur de coupe<\/td>\n<td class=\"specs\">98 po (248 cm)<\/td>\n<td class=\"specs\">114 po (290 cm)<\/td>\n<\/tr>\n<tr>\n<td class=\"specstitle\">Largeur globale<\/td>\n<td class=\"specs\">100 po (253 cm)<\/td>\n<td class=\"specs\">117 po (298 cm)<\/td>\n<\/tr>\n<tr>\n<td class=\"specstitle\">Hauteur globale<\/td>\n<td class=\"specs\" colspan=\"2\">20 po (50 cm)<\/td>\n<\/tr>\n<tr>\n<td class=\"specstitle\">Hauteur de coupe<\/td>\n<td class=\"specs\" colspan=\"2\">1 &#8211; 3 po (2 &#8211; 8 cm)<\/td>\n<\/tr>\n<tr>\n<td class=\"specstitle\">Exigences de puissance<\/td>\n<td class=\"specs\">34 CV (25 kW)<\/td>\n<td class=\"specs\">42 CV (31 kW)<\/td>\n<\/tr>\n<tr>\n<td class=\"specstitle\">R\u00e9glage de la hauteur<\/td>\n<td class=\"specs\" colspan=\"2\">Hydraulique ou m\u00e9canique<\/td>\n<\/tr>\n<tr>\n<td class=\"specstitle\">Nombre de rotors<\/td>\n<td class=\"specs\" colspan=\"2\">5 pcs<\/td>\n<\/tr>\n<tr>\n<td class=\"specstitle\">Nombre de couteaux<\/td>\n<td class=\"specs\" colspan=\"2\">5 pcs<\/td>\n<\/tr>\n<tr>\n<td class=\"specstitle\">Pneus<\/td>\n<td class=\"specs\" colspan=\"2\">6 pcs 10 x 3 po<\/td>\n<\/tr>\n<tr>\n<td class=\"specstitle\">Caract\u00e9ristiques standard<\/td>\n<td class=\"specs\" colspan=\"2\">Dur\u00e9e de vie hydraulique des faucheuses lat\u00e9rales, arr\u00eat automatique des lames<\/td>\n<\/tr>\n<tr>\n<td class=\"specstitle\">Cat\u00e9gorie d\u2019attelage<\/td>\n<td class=\"specs\" colspan=\"2\">3 points ou cadre A CAT I<\/td>\n<\/tr>\n<tr>\n<td class=\"specstitle\">Options<\/td>\n<td class=\"specs\" colspan=\"2\">Inclinaison hydraulique, kit de paillage, protection de cha\u00eene, protection en caoutchouc, disque anti-d\u00e9capage, cadre de montage flottant, roues r\u00e9sistantes \u00e0 la perforation remplies de mousse, roues larges incluses dans la fourche de roue.<\/td>\n<\/tr>\n<\/tbody>\n<\/table>\n","protected":false},"excerpt":{"rendered":"<p><strong>Vous voulez gagner du temps ? Cette faucheuse, divis\u00e9e en trois sections, est votre solution !\u00a0<\/strong><\/p>\n<ul>\n<li>Vous serez plus que satisfait de la grande largeur de coupe offerte par les cinq couteaux fixes.<\/li>\n<li>Le basculement hydraulique est id\u00e9al pour un entretien et un nettoyage rapide et facile.<\/li>\n<li>Offre un fonctionnement enti\u00e8rement hydraulique ou m\u00e9canique\/hydraulique.<\/li>\n<li>R\u00e9glage m\u00e9canique de la hauteur de coupe<\/li>\n<\/ul>\n<div style=\"padding-top: 20px;\"><a class=\"productbtn\" href=\"\/fr\/specpdfs\/ROTARY-TRIPLEX-FR.pdf\" target=\"_blank\" rel=\"noreferrer noopener\"><nobr>Fiche Technique<\/nobr><\/a><\/div>\n","protected":false},"featured_media":1391,"template":"","meta":[],"product_brand":[],"product_cat":[68,70],"product_tag":[83,79,89,86,88,229],"class_list":{"0":"post-1390","1":"product","2":"type-product","3":"status-publish","4":"has-post-thumbnail","6":"product_cat-faucheuses","7":"product_cat-soins-ecologique-et-technologie-des-mauvaises-herbes","8":"product_tag-coupe-de-fosse","9":"product_tag-coupeur-dherbe","10":"product_tag-faucheuse-rotative","11":"product_tag-gmr","12":"product_tag-nettoyage-de-fosse","13":"product_tag-tondeuse","15":"first","16":"instock","17":"taxable","18":"shipping-taxable","19":"product-type-simple"},"_links":{"self":[{"href":"https:\/\/www.metec.ca\/fr\/wp-json\/wp\/v2\/product\/1390","targetHints":{"allow":["GET"]}}],"collection":[{"href":"https:\/\/www.metec.ca\/fr\/wp-json\/wp\/v2\/product"}],"about":[{"href":"https:\/\/www.metec.ca\/fr\/wp-json\/wp\/v2\/types\/product"}],"wp:featuredmedia":[{"embeddable":true,"href":"https:\/\/www.metec.ca\/fr\/wp-json\/wp\/v2\/media\/1391"}],"wp:attachment":[{"href":"https:\/\/www.metec.ca\/fr\/wp-json\/wp\/v2\/media?parent=1390"}],"wp:term":[{"taxonomy":"product_brand","embeddable":true,"href":"https:\/\/www.metec.ca\/fr\/wp-json\/wp\/v2\/product_brand?post=1390"},{"taxonomy":"product_cat","embeddable":true,"href":"https:\/\/www.metec.ca\/fr\/wp-json\/wp\/v2\/product_cat?post=1390"},{"taxonomy":"product_tag","embeddable":true,"href":"https:\/\/www.metec.ca\/fr\/wp-json\/wp\/v2\/product_tag?post=1390"}],"curies":[{"name":"wp","href":"https:\/\/api.w.org\/{rel}","templated":true}]}}