{"id":1384,"date":"2020-03-25T15:08:13","date_gmt":"2020-03-25T15:08:13","guid":{"rendered":"https:\/\/www.metec.ca\/?post_type=product&#038;p=1384"},"modified":"2022-11-15T15:47:23","modified_gmt":"2022-11-15T20:47:23","slug":"rotary-mower-side-discharge-hc-hch-1500-a-hc-hch-1800-a","status":"publish","type":"product","link":"https:\/\/www.metec.ca\/fr\/product\/rotary-mower-side-discharge-hc-hch-1500-a-hc-hch-1800-a\/","title":{"rendered":"GMR : Faucheuses rotatives \u2013 \u00e0 d\u00e9charge lat\u00e9rale &#8211; HC\/HCH 1500, 1800 A"},"content":{"rendered":"<table style=\"width: 100%;\" border=\"0\">\n<tbody>\n<tr>\n<td><\/td>\n<td class=\"specshead\">HC\/HCH 1500 A<\/td>\n<td class=\"specshead\">HC\/HCH 1800 A<\/td>\n<\/tr>\n<tr>\n<td class=\"specstitle\">Poids<\/td>\n<td class=\"specs\">529 lbs (240 kg)<\/td>\n<td class=\"specs\">606 lbs (275 kg)<\/td>\n<\/tr>\n<tr>\n<td class=\"specstitle\">Largeur de coupe<\/td>\n<td class=\"specs\">60 po (153 cm)<\/td>\n<td class=\"specs\">70 po (178 cm)<\/td>\n<\/tr>\n<tr>\n<td class=\"specstitle\">Largeur globale<\/td>\n<td class=\"specs\">67 po (170 cm)<\/td>\n<td class=\"specs\">76 po (193 cm)<\/td>\n<\/tr>\n<tr>\n<td class=\"specstitle\">Hauteur globale<\/td>\n<td class=\"specs\" colspan=\"2\">31 po (80 cm)<\/td>\n<\/tr>\n<tr>\n<td class=\"specstitle\">Hauteur de coupe<\/td>\n<td class=\"specs\" colspan=\"2\">1 &#8211; 3 po (2 &#8211; 8 cm)<\/td>\n<\/tr>\n<tr>\n<td class=\"specstitle\">Exigences de puissance<\/td>\n<td class=\"specs\">21 CV (15 kW)<\/td>\n<td class=\"specs\">27 CV (20 kW)<\/td>\n<\/tr>\n<tr>\n<td class=\"specstitle\">R\u00e9glage de la hauteur<\/td>\n<td class=\"specs\" colspan=\"2\">Hydraulique ou m\u00e9canique<\/td>\n<\/tr>\n<tr>\n<td class=\"specstitle\">Nombre de rotors<\/td>\n<td class=\"specs\" colspan=\"2\">3 pcs<\/td>\n<\/tr>\n<tr>\n<td class=\"specstitle\">Nombre de couteaux<\/td>\n<td class=\"specs\" colspan=\"2\">3 pcs<\/td>\n<\/tr>\n<tr>\n<td class=\"specstitle\">Pneus<\/td>\n<td class=\"specs\" colspan=\"2\">4 pcs 10 x 3 po<\/td>\n<\/tr>\n<tr>\n<td class=\"specstitle\">Cat\u00e9gorie d\u2019attelage<\/td>\n<td class=\"specs\" colspan=\"2\">Cadre A ou 3 points CAT 0 &#8211; I, II<\/td>\n<\/tr>\n<tr>\n<td class=\"specstitle\">Options<\/td>\n<td class=\"specs\" colspan=\"2\">Kit de paillage, anti-d\u00e9capage 3 pcs, roues r\u00e9sistantes \u00e0 la perforation avec support de blindage<\/td>\n<\/tr>\n<\/tbody>\n<\/table>\n","protected":false},"excerpt":{"rendered":"<p><strong>Cette faucheuse frontale poss\u00e8de d&rsquo;innombrables fonctionnalit\u00e9s et est disponible avec un arr\u00eat automatique !<\/strong><\/p>\n<ul>\n<li>Le branchement m\u00e9canique par basculement et par accouplement \u00e0 l\u2019eau facilite le nettoyage.<\/li>\n<li>Elle offre une d\u00e9charge \u00e0 droite.<\/li>\n<li>Elle peut \u00eatre actionn\u00e9e m\u00e9caniquement ou hydrauliquement.<\/li>\n<li>Elle comprend \u00e9galement quatre grandes roues pivotantes, un rouleau anti-d\u00e9capage et des couteaux fixes.<\/li>\n<\/ul>\n<div style=\"padding-top: 20px;\"><a class=\"productbtn\" href=\"\/fr\/specpdfs\/ROTARY-SD-FR.pdf\" target=\"_blank\" rel=\"noreferrer noopener\"><nobr>Fiche Technique<\/nobr><\/a><\/div>\n","protected":false},"featured_media":1386,"template":"","meta":[],"product_brand":[],"product_cat":[68,70],"product_tag":[83,79,89,86,88,229],"class_list":{"0":"post-1384","1":"product","2":"type-product","3":"status-publish","4":"has-post-thumbnail","6":"product_cat-faucheuses","7":"product_cat-soins-ecologique-et-technologie-des-mauvaises-herbes","8":"product_tag-coupe-de-fosse","9":"product_tag-coupeur-dherbe","10":"product_tag-faucheuse-rotative","11":"product_tag-gmr","12":"product_tag-nettoyage-de-fosse","13":"product_tag-tondeuse","15":"first","16":"instock","17":"taxable","18":"shipping-taxable","19":"product-type-simple"},"_links":{"self":[{"href":"https:\/\/www.metec.ca\/fr\/wp-json\/wp\/v2\/product\/1384","targetHints":{"allow":["GET"]}}],"collection":[{"href":"https:\/\/www.metec.ca\/fr\/wp-json\/wp\/v2\/product"}],"about":[{"href":"https:\/\/www.metec.ca\/fr\/wp-json\/wp\/v2\/types\/product"}],"wp:featuredmedia":[{"embeddable":true,"href":"https:\/\/www.metec.ca\/fr\/wp-json\/wp\/v2\/media\/1386"}],"wp:attachment":[{"href":"https:\/\/www.metec.ca\/fr\/wp-json\/wp\/v2\/media?parent=1384"}],"wp:term":[{"taxonomy":"product_brand","embeddable":true,"href":"https:\/\/www.metec.ca\/fr\/wp-json\/wp\/v2\/product_brand?post=1384"},{"taxonomy":"product_cat","embeddable":true,"href":"https:\/\/www.metec.ca\/fr\/wp-json\/wp\/v2\/product_cat?post=1384"},{"taxonomy":"product_tag","embeddable":true,"href":"https:\/\/www.metec.ca\/fr\/wp-json\/wp\/v2\/product_tag?post=1384"}],"curies":[{"name":"wp","href":"https:\/\/api.w.org\/{rel}","templated":true}]}}