{"id":1381,"date":"2020-03-25T14:56:16","date_gmt":"2020-03-25T14:56:16","guid":{"rendered":"https:\/\/www.metec.ca\/?post_type=product&#038;p=1381"},"modified":"2026-01-16T08:18:33","modified_gmt":"2026-01-16T13:18:33","slug":"fr-lm-lh","status":"publish","type":"product","link":"https:\/\/www.metec.ca\/fr\/product\/fr-lm-lh\/","title":{"rendered":"GMR Faucheuses rotatives \u2013 l\u00e9g\u00e8res &#8211; FR 1500, 1800 LM\/LH"},"content":{"rendered":"<table style=\"width: 100%;\" border=\"0\">\n<tbody>\n<tr>\n<td><\/td>\n<td class=\"specshead\">FR 1500 LM\/LH<\/td>\n<td class=\"specshead\">FR 1800 LM\/LH<\/td>\n<\/tr>\n<tr>\n<td class=\"specstitle\">Poids<\/td>\n<td class=\"specs\">584 lbs (265 kg)<\/td>\n<td class=\"specs\">628 lbs (285 kg)<\/td>\n<\/tr>\n<tr>\n<td class=\"specstitle\">Largeur de coupe<\/td>\n<td class=\"specs\">60 po (1,53 m)<\/td>\n<td class=\"specs\">70 po (1,78 m)<\/td>\n<\/tr>\n<tr>\n<td class=\"specstitle\">Largeur globale<\/td>\n<td class=\"specs\">66 po (1,67 m)<\/td>\n<td class=\"specs\">76 po (1,93 m)<\/td>\n<\/tr>\n<tr>\n<td class=\"specstitle\">Hauteur globale<\/td>\n<td class=\"specs\" colspan=\"2\">28 po (700 mm)<\/td>\n<\/tr>\n<tr>\n<td class=\"specstitle\">Hauteur de coupe<\/td>\n<td class=\"specs\" colspan=\"2\">1 &#8211; 3 po (20 &#8211; 80 mm)<\/td>\n<\/tr>\n<tr>\n<td class=\"specstitle\">Exigences de puissance<\/td>\n<td class=\"specs\">19 CV (14 kW)<\/td>\n<td class=\"specs\">21 CV (15 kW)<\/td>\n<\/tr>\n<tr>\n<td class=\"specstitle\">R\u00e9glage de la hauteur<\/td>\n<td class=\"specs\" colspan=\"2\">Hydraulique<\/td>\n<\/tr>\n<tr>\n<td class=\"specstitle\">Nombre de rotors<\/td>\n<td class=\"specs\" colspan=\"2\">3 pcs<\/td>\n<\/tr>\n<tr>\n<td class=\"specstitle\">Nombre de couteaux<\/td>\n<td class=\"specs\" colspan=\"2\">3 pcs<\/td>\n<\/tr>\n<tr>\n<td class=\"specstitle\">Pneus<\/td>\n<td class=\"specs\" colspan=\"2\">4 pcs 10 x 3 po (254 \u00d7 76 mm)<\/td>\n<\/tr>\n<tr>\n<td class=\"specstitle\">Caract\u00e9ristiques standard<\/td>\n<td class=\"specs\" colspan=\"2\">Basculement hydraulique, cadre de montage : Cadre A ou 3 points<\/td>\n<\/tr>\n<tr>\n<td class=\"specstitle\">Cat\u00e9gorie d\u2019attelage<\/td>\n<td class=\"specs\" colspan=\"2\">A-Frame or 3-Point CAT 0 &#8211; I<\/td>\n<\/tr>\n<tr>\n<td class=\"specstitle\">Options<\/td>\n<td class=\"specs\" colspan=\"2\">Kit de paillage, garde-cha\u00eene, protecteur en caoutchouc, anti-d\u00e9capage 3 pcs, inclinaison hydraulique, roues r\u00e9sistantes \u00e0 la perforation remplies de mousse<\/td>\n<\/tr>\n<\/tbody>\n<\/table>\n","protected":false},"excerpt":{"rendered":"<p><strong>Vous serez impressionn\u00e9 par les r\u00e9sultats de cette faucheuse rotative \u00e0 montage frontal.<\/strong><\/p>\n<ul>\n<li>Elle offre une large d\u00e9charge arri\u00e8re.<\/li>\n<li>Le r\u00e9glage hydraulique de la hauteur de coupe et le basculement vous permettent de modifier la hauteur de coupe sans descendre de la cabine.<\/li>\n<\/ul>\n<div style=\"padding-bottom: 30px; display: flex; gap: 10px;\"><a class=\"productbtn\" href=\"\/fr\/specpdfs\/ROTARY-LIGHTFR-FR.pdf\" target=\"_blank\" rel=\"noreferrer noopener\">Fiche Technique<\/a><br \/>\n<a class=\"productbtn\" href=\"\/fr\/devis-accessoire\" target=\"_blank\" rel=\"noreferrer noopener\">Obtenez un devis !<\/a><\/div>\n","protected":false},"featured_media":1383,"template":"","meta":[],"product_brand":[324],"product_cat":[68,70],"product_tag":[83,79,89,86,88,229],"class_list":{"0":"post-1381","1":"product","2":"type-product","3":"status-publish","4":"has-post-thumbnail","6":"product_brand-gmr","7":"product_cat-faucheuses","8":"product_cat-soins-ecologique-et-technologie-des-mauvaises-herbes","9":"product_tag-coupe-de-fosse","10":"product_tag-coupeur-dherbe","11":"product_tag-faucheuse-rotative","12":"product_tag-gmr","13":"product_tag-nettoyage-de-fosse","14":"product_tag-tondeuse","16":"first","17":"instock","18":"taxable","19":"shipping-taxable","20":"product-type-simple"},"_links":{"self":[{"href":"https:\/\/www.metec.ca\/fr\/wp-json\/wp\/v2\/product\/1381","targetHints":{"allow":["GET"]}}],"collection":[{"href":"https:\/\/www.metec.ca\/fr\/wp-json\/wp\/v2\/product"}],"about":[{"href":"https:\/\/www.metec.ca\/fr\/wp-json\/wp\/v2\/types\/product"}],"wp:featuredmedia":[{"embeddable":true,"href":"https:\/\/www.metec.ca\/fr\/wp-json\/wp\/v2\/media\/1383"}],"wp:attachment":[{"href":"https:\/\/www.metec.ca\/fr\/wp-json\/wp\/v2\/media?parent=1381"}],"wp:term":[{"taxonomy":"product_brand","embeddable":true,"href":"https:\/\/www.metec.ca\/fr\/wp-json\/wp\/v2\/product_brand?post=1381"},{"taxonomy":"product_cat","embeddable":true,"href":"https:\/\/www.metec.ca\/fr\/wp-json\/wp\/v2\/product_cat?post=1381"},{"taxonomy":"product_tag","embeddable":true,"href":"https:\/\/www.metec.ca\/fr\/wp-json\/wp\/v2\/product_tag?post=1381"}],"curies":[{"name":"wp","href":"https:\/\/api.w.org\/{rel}","templated":true}]}}