{"id":1376,"date":"2020-03-25T04:35:24","date_gmt":"2020-03-25T04:35:24","guid":{"rendered":"https:\/\/www.metec.ca\/?post_type=product&#038;p=1376"},"modified":"2026-01-16T08:18:59","modified_gmt":"2026-01-16T13:18:59","slug":"fm-fh-p","status":"publish","type":"product","link":"https:\/\/www.metec.ca\/fr\/product\/fm-fh-p\/","title":{"rendered":"GMR : Faucheuse rotative &#8211; lourde &#8211; FM\/FH 1500, 1800, 2100, 2500 P"},"content":{"rendered":"<table style=\"width: 100%;\" border=\"0\">\n<tbody>\n<tr>\n<td><\/td>\n<td class=\"specshead\">FM\/FH 1500 P<\/td>\n<td class=\"specshead\">FM\/FH 1800 P<\/td>\n<td class=\"specshead\">FM\/FH 2100 P<\/td>\n<td class=\"specshead\">FM\/FH 2500 P<\/td>\n<\/tr>\n<tr>\n<td class=\"specstitle\" style=\"width: 200px;\">Poids<\/td>\n<td class=\"specs\">551 lbs (250 kg)<\/td>\n<td class=\"specs\">650 lbs (295 kg)<\/td>\n<td class=\"specs\">750 lbs (340 kg)<\/td>\n<td class=\"specs\">970 lbs (440 kg)<\/td>\n<\/tr>\n<tr>\n<td class=\"specstitle\">Largeur de coupe<\/td>\n<td class=\"specs\">59 po (1,5 m)<\/td>\n<td class=\"specs\">70 po (1,78 m)<\/td>\n<td class=\"specs\">80 po (2,03 m)<\/td>\n<td class=\"specs\">97 po (2,47 m)<\/td>\n<\/tr>\n<tr>\n<td class=\"specstitle\">Largeur globale<\/td>\n<td class=\"specs\">68 po (1,72 m)<\/td>\n<td class=\"specs\">78 po (1,98 m)<\/td>\n<td class=\"specs\">89 po (2,25 m)<\/td>\n<td class=\"specs\">107 po (2,73 m)<\/td>\n<\/tr>\n<tr>\n<td class=\"specstitle\">Hauteur globale<\/td>\n<td class=\"specs\">22 po (560 mm)<\/td>\n<td class=\"specs\">22 po (570 mm)<\/td>\n<td class=\"specs\">24 po (610 mm)<\/td>\n<td class=\"specs\">24 po (620 mm)<\/td>\n<\/tr>\n<tr>\n<td class=\"specstitle\">Hauteur de coupe<\/td>\n<td class=\"specs\" colspan=\"3\">1 &#8211; 3,5 po (30 &#8211; 90 mm)<\/td>\n<td class=\"specs\">1 &#8211; 4 po (30 &#8211; 100 mm)<\/td>\n<\/tr>\n<tr>\n<td class=\"specstitle\">Exigences de puissance<\/td>\n<td class=\"specs\">21 CV (15 kW)<\/td>\n<td class=\"specs\">24,5 CV (18 kW)<\/td>\n<td class=\"specs\">30 CV (22 kW)<\/td>\n<td class=\"specs\">35 CV (26 kW)<\/td>\n<\/tr>\n<tr>\n<td class=\"specstitle\">R\u00e9glage de la hauteur<\/td>\n<td class=\"specs\" colspan=\"4\">Variable continue<\/td>\n<\/tr>\n<tr>\n<td class=\"specstitle\">Nombre de rotors<\/td>\n<td class=\"specs\" colspan=\"4\">3 pcs<\/td>\n<\/tr>\n<tr>\n<td class=\"specstitle\">Nombre de couteaux<\/td>\n<td class=\"specs\" colspan=\"4\">6 pcs<\/td>\n<\/tr>\n<tr>\n<td class=\"specstitle\">Pneus<\/td>\n<td class=\"specs\" colspan=\"3\">4 pcs 12 x 4 po (305 \u00d7 102 mm)<\/td>\n<td class=\"specs\">4 pcs 14 x 6 po (356 \u00d7 152 mm)<\/td>\n<\/tr>\n<tr>\n<td class=\"specstitle\">Cat\u00e9gorie d\u2019attelage<\/td>\n<td class=\"specs\" colspan=\"4\">Cadre A ou 3 points CAT I ou II<\/td>\n<\/tr>\n<tr>\n<td class=\"specstitle\">Options<\/td>\n<td class=\"specs\" colspan=\"4\">Couteau double multi, couteau Gator 3 en 1, cadre de montage avec bras inclinables, cadre de montage sp\u00e9cial pour chargeurs sur roues, d\u00e9placement lat\u00e9ral hydraulique, dispositif de soupape de d\u00e9charge hydraulique pour l&rsquo;arr\u00eat et le d\u00e9marrage automatiques lors du levage ou de l&rsquo;abaissement de la faucheuse, roues en mousse r\u00e9sistantes \u00e0 la perforation<\/td>\n<\/tr>\n<\/tbody>\n<\/table>\n","protected":false},"excerpt":{"rendered":"<p><strong>Gr\u00e2ce \u00e0 sa conception robuste, cette faucheuse rotative \u00e0 montage avant ou arri\u00e8re est efficace m\u00eame pour les herbes les plus r\u00e9sistantes.<\/strong><\/p>\n<ul>\n<li>Un \u00e9jecteur arri\u00e8re assure une r\u00e9partition uniforme de l&rsquo;herbe et \u00e9vite les amas.<\/li>\n<li>L&rsquo;\u00e9cran de s\u00e9curit\u00e9, qui reste \u00e0 une hauteur constante quel que soit le niveau de coupe, emp\u00eache les pierres de voler.<\/li>\n<li>Elle peut \u00eatre actionn\u00e9e m\u00e9caniquement ou hydrauliquement.<\/li>\n<\/ul>\n<div style=\"padding-bottom: 30px; display: flex; gap: 10px;\"><a class=\"productbtn\" href=\"\/fr\/specpdfs\/ROTARY-HEAVY-FR.pdf\" target=\"_blank\" rel=\"noreferrer noopener\">Fiche Technique<\/a><br \/>\n<a class=\"productbtn\" href=\"\/fr\/devis-accessoire\" target=\"_blank\" rel=\"noreferrer noopener\">Obtenez un devis !<\/a><\/div>\n","protected":false},"featured_media":1377,"template":"","meta":[],"product_brand":[324],"product_cat":[68,70],"product_tag":[83,79,89,86,88,229],"class_list":{"0":"post-1376","1":"product","2":"type-product","3":"status-publish","4":"has-post-thumbnail","6":"product_brand-gmr","7":"product_cat-faucheuses","8":"product_cat-soins-ecologique-et-technologie-des-mauvaises-herbes","9":"product_tag-coupe-de-fosse","10":"product_tag-coupeur-dherbe","11":"product_tag-faucheuse-rotative","12":"product_tag-gmr","13":"product_tag-nettoyage-de-fosse","14":"product_tag-tondeuse","16":"first","17":"instock","18":"taxable","19":"shipping-taxable","20":"product-type-simple"},"_links":{"self":[{"href":"https:\/\/www.metec.ca\/fr\/wp-json\/wp\/v2\/product\/1376","targetHints":{"allow":["GET"]}}],"collection":[{"href":"https:\/\/www.metec.ca\/fr\/wp-json\/wp\/v2\/product"}],"about":[{"href":"https:\/\/www.metec.ca\/fr\/wp-json\/wp\/v2\/types\/product"}],"wp:featuredmedia":[{"embeddable":true,"href":"https:\/\/www.metec.ca\/fr\/wp-json\/wp\/v2\/media\/1377"}],"wp:attachment":[{"href":"https:\/\/www.metec.ca\/fr\/wp-json\/wp\/v2\/media?parent=1376"}],"wp:term":[{"taxonomy":"product_brand","embeddable":true,"href":"https:\/\/www.metec.ca\/fr\/wp-json\/wp\/v2\/product_brand?post=1376"},{"taxonomy":"product_cat","embeddable":true,"href":"https:\/\/www.metec.ca\/fr\/wp-json\/wp\/v2\/product_cat?post=1376"},{"taxonomy":"product_tag","embeddable":true,"href":"https:\/\/www.metec.ca\/fr\/wp-json\/wp\/v2\/product_tag?post=1376"}],"curies":[{"name":"wp","href":"https:\/\/api.w.org\/{rel}","templated":true}]}}