{"id":1374,"date":"2020-03-25T04:29:14","date_gmt":"2020-03-25T04:29:14","guid":{"rendered":"https:\/\/www.metec.ca\/?post_type=product&#038;p=1374"},"modified":"2022-04-19T18:37:00","modified_gmt":"2022-04-19T18:37:00","slug":"finishing-uf-150-r","status":"publish","type":"product","link":"https:\/\/www.metec.ca\/fr\/product\/finishing-uf-150-r\/","title":{"rendered":"GMR : Finition de bordures &#8211; UF 150 R"},"content":{"rendered":"<table style=\"width: 100%;\" border=\"0\">\n<tbody>\n<tr>\n<td><\/td>\n<td class=\"specshead\">UF 150 R<\/td>\n<\/tr>\n<tr>\n<td class=\"specstitle\">poids<\/td>\n<td class=\"specs\">264.6 lbs (120 kg)<\/td>\n<\/tr>\n<tr>\n<td class=\"specstitle\">largeur totale<\/td>\n<td class=\"specs\">61\u201d (155 cm)<\/td>\n<\/tr>\n<tr>\n<td class=\"specstitle\">longueur totale<\/td>\n<td class=\"specs\">41\u201d (105 cm)<\/td>\n<\/tr>\n<tr>\n<td class=\"specstitle\">Cultivating Width<\/td>\n<td class=\"specs\">6\u201d (15 cm)<\/td>\n<\/tr>\n<tr>\n<td class=\"specstitle\">Cultivating Depth<\/td>\n<td class=\"specs\">1-3\u201d (3-8 cm)<\/td>\n<\/tr>\n<tr>\n<td class=\"specstitle\">Cutter Adjustment<\/td>\n<td class=\"specs\">Hydraulic<\/td>\n<\/tr>\n<tr>\n<td class=\"specstitle\">cat\u00e9gorie d\u2019attelage <\/td>\n<td class=\"specs\">A-frame or 3-Point Hitch CAT 0 or CAT I<\/td>\n<\/tr>\n<\/tbody>\n<\/table>\n","protected":false},"excerpt":{"rendered":"<p><strong>La coupe des bords est facilit\u00e9e par ce coupe-bordures.<\/strong><\/p>\n<ul>\n<li>L&rsquo;\u00e9l\u00e9vateur \u00e0 commande hydraulique facilite le transport et le r\u00e9glage de la hauteur.<\/li>\n<li>\u00c9quip\u00e9 de lames \u00e0 roulettes et de couteaux tranchants.<\/li>\n<li>La roue d&rsquo;appui vous permet de r\u00e9gler la profondeur de coupe.<\/li>\n<li>R\u00e9versible et enti\u00e8rement r\u00e9glable, ce qui vous permet de travailler des deux c\u00f4t\u00e9s.<\/li>\n<li>S&rsquo;adapte \u00e0 la plupart des porte-outils.<\/li>\n<\/ul>\n","protected":false},"featured_media":1375,"template":"","meta":[],"product_brand":[],"product_cat":[67,70],"product_tag":[92,91,93],"class_list":{"0":"post-1374","1":"product","2":"type-product","3":"status-publish","4":"has-post-thumbnail","6":"product_cat-controle-des-mauvaises-herbes","7":"product_cat-soins-ecologique-et-technologie-des-mauvaises-herbes","8":"product_tag-bush-cutting","9":"product_tag-edge-cutter","10":"product_tag-hedge","12":"first","13":"instock","14":"taxable","15":"shipping-taxable","16":"product-type-simple"},"_links":{"self":[{"href":"https:\/\/www.metec.ca\/fr\/wp-json\/wp\/v2\/product\/1374","targetHints":{"allow":["GET"]}}],"collection":[{"href":"https:\/\/www.metec.ca\/fr\/wp-json\/wp\/v2\/product"}],"about":[{"href":"https:\/\/www.metec.ca\/fr\/wp-json\/wp\/v2\/types\/product"}],"wp:featuredmedia":[{"embeddable":true,"href":"https:\/\/www.metec.ca\/fr\/wp-json\/wp\/v2\/media\/1375"}],"wp:attachment":[{"href":"https:\/\/www.metec.ca\/fr\/wp-json\/wp\/v2\/media?parent=1374"}],"wp:term":[{"taxonomy":"product_brand","embeddable":true,"href":"https:\/\/www.metec.ca\/fr\/wp-json\/wp\/v2\/product_brand?post=1374"},{"taxonomy":"product_cat","embeddable":true,"href":"https:\/\/www.metec.ca\/fr\/wp-json\/wp\/v2\/product_cat?post=1374"},{"taxonomy":"product_tag","embeddable":true,"href":"https:\/\/www.metec.ca\/fr\/wp-json\/wp\/v2\/product_tag?post=1374"}],"curies":[{"name":"wp","href":"https:\/\/api.w.org\/{rel}","templated":true}]}}