{"id":1372,"date":"2020-03-25T04:21:45","date_gmt":"2020-03-25T04:21:45","guid":{"rendered":"https:\/\/www.metec.ca\/?post_type=product&#038;p=1372"},"modified":"2026-01-16T08:37:04","modified_gmt":"2026-01-16T13:37:04","slug":"uk-625","status":"publish","type":"product","link":"https:\/\/www.metec.ca\/fr\/product\/uk-625\/","title":{"rendered":"GMR : Contr\u00f4le des mauvaises herbes &#8211; UK 625 MDS, 625 HDS"},"content":{"rendered":"<table style=\"width: 100%;\" border=\"0\">\n<tbody>\n<tr>\n<td><\/td>\n<td class=\"specshead\">UK 625 MDS<\/td>\n<td class=\"specshead\">UK 625 HDS<\/td>\n<\/tr>\n<tr>\n<td class=\"specstitle\">Type<\/td>\n<td class=\"specs\">M\u00e9canique<\/td>\n<td class=\"specs\">Hydraulique<\/td>\n<\/tr>\n<tr>\n<td class=\"specstitle\">Poids<\/td>\n<td class=\"specs\" colspan=\"2\">441 lbs (200 kg)<\/td>\n<\/tr>\n<tr>\n<td class=\"specstitle\">T\u00eate de brosse<\/td>\n<td class=\"specs\" colspan=\"2\">24 po (620 mm) w\/2 32 brosses en acier<\/td>\n<\/tr>\n<tr>\n<td class=\"specstitle\">Plaque de brosse<\/td>\n<td class=\"specs\">Mont\u00e9 sur cannelure<\/td>\n<td class=\"specs\">Brosse<\/td>\n<\/tr>\n<tr>\n<td class=\"specstitle\">R\u00e9glage des brosses<\/td>\n<td class=\"specs\" colspan=\"2\">Hydraulique<\/td>\n<\/tr>\n<tr>\n<td class=\"specstitle\">Nombre de brosses<\/td>\n<td class=\"specs\" colspan=\"2\">40 pcs<\/td>\n<\/tr>\n<tr>\n<td class=\"specstitle\">Angle de 65\u00b0 vers la droite\/la gauche<\/td>\n<td class=\"specs\" colspan=\"2\">Hydraulique<\/td>\n<\/tr>\n<tr>\n<td class=\"specstitle\">\u00c9quipement de s\u00e9curit\u00e9<\/td>\n<td class=\"specs\">Bouclier en caoutchouc<\/td>\n<td class=\"specs\">Soupape de d\u00e9bordement et bouclier en caoutchouc<\/td>\n<\/tr>\n<tr>\n<td class=\"specstitle\">Caract\u00e9ristiques standard<\/td>\n<td class=\"specs\" colspan=\"2\">Amovible 10 po (254 mm)<\/td>\n<\/tr>\n<tr>\n<td class=\"specstitle\">Cat\u00e9gorie d\u2019attelage<\/td>\n<td class=\"specs\" colspan=\"2\">Cadre A ou 3 points CAT I ou II<\/td>\n<\/tr>\n<tr>\n<td class=\"specstitle\">Options<\/td>\n<td class=\"specs\" colspan=\"2\">Kit d&rsquo;inversion \u00e9lectrique, roues porteuses<\/td>\n<\/tr>\n<\/tbody>\n<\/table>\n","protected":false},"excerpt":{"rendered":"<p><strong>La conception compacte mais solide de cette brosse \u00e0 mauvaises herbes \u00e0 commande m\u00e9canique ou hydraulique la rend id\u00e9ale pour les tracteurs compacts ou les porte-outils.<\/strong><\/p>\n<ul>\n<li>Elle est \u00e9quip\u00e9e d&rsquo;une brosse en acier robuste pour se d\u00e9barrasser des mauvaises herbes sans utiliser de produits chimiques.<\/li>\n<li>Gr\u00e2ce \u00e0 son inclinaison hydraulique multidirectionnelle de 65\u00b0, la t\u00eate de la brosse peut \u00eatre inclin\u00e9e dans quatre directions diff\u00e9rentes.<\/li>\n<li>R\u00e9versible, elle permet de travailler de chaque c\u00f4t\u00e9.<\/li>\n<li>N\u00e9cessite une vanne de moteur hydraulique \u00e0 double effet pour le fonctionnement, et trois vannes \u00e0 double effet pour la commande.<\/li>\n<\/ul>\n<div style=\"padding-bottom: 30px; display: flex; gap: 10px;\"><a class=\"productbtn\" href=\"\/fr\/specpdfs\/UKDS-FR.pdf\" target=\"_blank\" rel=\"noreferrer noopener\">Fiche Technique<\/a><br \/>\n<a class=\"productbtn\" href=\"\/fr\/devis-accessoire\" target=\"_blank\" rel=\"noreferrer noopener\">Obtenez un devis !<\/a><\/div>\n","protected":false},"featured_media":1373,"template":"","meta":[],"product_brand":[324],"product_cat":[67,70],"product_tag":[97,98,95,86,94,96],"class_list":{"0":"post-1372","1":"product","2":"type-product","3":"status-publish","4":"has-post-thumbnail","6":"product_brand-gmr","7":"product_cat-controle-des-mauvaises-herbes","8":"product_cat-soins-ecologique-et-technologie-des-mauvaises-herbes","9":"product_tag-accessoire","10":"product_tag-brosse-a-mauvaises-herbes","11":"product_tag-deserbage","12":"product_tag-gmr","13":"product_tag-mauvaise-herbes","14":"product_tag-nettoyage-des-mauvaises-herbes","16":"first","17":"instock","18":"taxable","19":"shipping-taxable","20":"product-type-simple"},"_links":{"self":[{"href":"https:\/\/www.metec.ca\/fr\/wp-json\/wp\/v2\/product\/1372","targetHints":{"allow":["GET"]}}],"collection":[{"href":"https:\/\/www.metec.ca\/fr\/wp-json\/wp\/v2\/product"}],"about":[{"href":"https:\/\/www.metec.ca\/fr\/wp-json\/wp\/v2\/types\/product"}],"wp:featuredmedia":[{"embeddable":true,"href":"https:\/\/www.metec.ca\/fr\/wp-json\/wp\/v2\/media\/1373"}],"wp:attachment":[{"href":"https:\/\/www.metec.ca\/fr\/wp-json\/wp\/v2\/media?parent=1372"}],"wp:term":[{"taxonomy":"product_brand","embeddable":true,"href":"https:\/\/www.metec.ca\/fr\/wp-json\/wp\/v2\/product_brand?post=1372"},{"taxonomy":"product_cat","embeddable":true,"href":"https:\/\/www.metec.ca\/fr\/wp-json\/wp\/v2\/product_cat?post=1372"},{"taxonomy":"product_tag","embeddable":true,"href":"https:\/\/www.metec.ca\/fr\/wp-json\/wp\/v2\/product_tag?post=1372"}],"curies":[{"name":"wp","href":"https:\/\/api.w.org\/{rel}","templated":true}]}}