{"id":1308,"date":"2020-03-22T06:11:48","date_gmt":"2020-03-22T06:11:48","guid":{"rendered":"https:\/\/www.metec.ca\/?post_type=product&#038;p=1308"},"modified":"2022-11-15T15:50:59","modified_gmt":"2022-11-15T20:50:59","slug":"street-sweeper-medium-ff-hf-1200-1300-1500-1700-ma","status":"publish","type":"product","link":"https:\/\/www.metec.ca\/fr\/product\/street-sweeper-medium-ff-hf-1200-1300-1500-1700-ma\/","title":{"rendered":"GMR : Balayeuse de rue \u2013 moyenne FF\/HF 1200, 1300, 1500, 1700 MA"},"content":{"rendered":"<table style=\"width: 100%;\" border=\"0\">\n<tbody>\n<tr>\n<td><\/td>\n<td class=\"specshead\">FF\/HF 1200 MA<\/td>\n<td class=\"specshead\">FF\/HF 1300 MA<\/td>\n<td class=\"specshead\">FF\/HF 1500 MA<\/td>\n<td class=\"specshead\">FF\/HF 1700 MA<\/td>\n<\/tr>\n<tr>\n<td class=\"specstitle\">Poids<\/td>\n<td class=\"specs\">331 lbs (150 kg)<\/td>\n<td class=\"specs\">353 lbs (160 kg)<\/td>\n<td class=\"specs\">397 lbs (180 kg)<\/td>\n<td class=\"specs\">441 lbs (200 kg)<\/td>\n<\/tr>\n<tr>\n<td class=\"specstitle\">Largeur de d\u00e9gagement<\/td>\n<td class=\"specs\">44 po (113 cm)<\/td>\n<td class=\"specs\">48 po (123 cm)<\/td>\n<td class=\"specs\">56 po (143 cm)<\/td>\n<td class=\"specs\">64 po (163 cm)<\/td>\n<\/tr>\n<tr>\n<td class=\"specstitle\">Largeur globale<\/td>\n<td class=\"specs\">55 po (139 cm)<\/td>\n<td class=\"specs\">59 po (149 cm)<\/td>\n<td class=\"specs\">67 po (169 cm)<\/td>\n<td class=\"specs\">75 po (190 cm)<\/td>\n<\/tr>\n<tr>\n<td class=\"specstitle\">Hauteur globale<\/td>\n<td class=\"specs\" colspan=\"4\">30 po (75 cm)<\/td>\n<\/tr>\n<tr>\n<td class=\"specstitle\">Exigences de puissance<\/td>\n<td class=\"specs\">14 CV (10 kW)<\/td>\n<td class=\"specs\">17 CV (12 kW)<\/td>\n<td class=\"specs\">19 CV (14 kW)<\/td>\n<td class=\"specs\">22 CV (16 kW)<\/td>\n<\/tr>\n<tr>\n<td class=\"specstitle\">Type de brosses<\/td>\n<td class=\"specs\" colspan=\"4\">Poils en poly &#8211; standard, m\u00e9lange poly\/acier en option<\/td>\n<\/tr>\n<tr>\n<td class=\"specstitle\">Diam\u00e8tre de la brosse<\/td>\n<td class=\"specs\" colspan=\"4\">60 cm x 7 po sur rouleau \u00e0 balais flottant mont\u00e9 dans les essieux cannel\u00e9s<\/td>\n<\/tr>\n<tr>\n<td class=\"specstitle\">Inclinaison hydraulique<\/td>\n<td class=\"specs\" colspan=\"4\">20\u00b0 droite\/gauche &#8211; 1 cylindre pivotant<\/td>\n<\/tr>\n<tr>\n<td class=\"specstitle\">Caract\u00e9ristiques standard<\/td>\n<td class=\"specs\" colspan=\"4\">2 roues en caoutchouc 8 x 2,5&Prime; avec r\u00e9glage de la broche<\/td>\n<\/tr>\n<tr>\n<td class=\"specstitle\">Cat\u00e9gorie d\u2019attelage<\/td>\n<td class=\"specs\" colspan=\"4\">Cadre A ou 3 points CAT 0, I<\/td>\n<\/tr>\n<tr>\n<td class=\"specstitle\">Options<\/td>\n<td class=\"specs\" colspan=\"4\">Roues pivotantes extra lourdes, cadre de montage inclinable, kit d&rsquo;\u00e9clairage DEL de position<\/td>\n<\/tr>\n<\/tbody>\n<\/table>\n","protected":false},"excerpt":{"rendered":"<ul>\n<li>Les brosses sont fabriqu\u00e9es en polyur\u00e9thane r\u00e9sistant \u00e0 l&rsquo;usure, ce qui prolonge la dur\u00e9e de vie de vos brosses.<\/li>\n<li>Les roues pivotantes de 10 pouces permettent de contourner plus facilement les objets et les structures.<\/li>\n<li>L&rsquo;angle de la brosse peut \u00eatre r\u00e9gl\u00e9 hydrauliquement sans effort.<\/li>\n<li>Les pieds de support offrent un montage et un d\u00e9montage rapides et faciles de la brosse ainsi qu&rsquo;une stabilit\u00e9 lorsque la brosse est rang\u00e9e.<\/li>\n<\/ul>\n<div style=\"padding-top: 20px;\"><a class=\"productbtn\" href=\"\/fr\/specpdfs\/SWEEPER-MED-FR.pdf\" target=\"_blank\" rel=\"noreferrer noopener\"><nobr>Fiche Technique<\/nobr><\/a><\/div>\n","protected":false},"featured_media":1334,"template":"","meta":[],"product_brand":[],"product_cat":[60,59,53],"product_tag":[104,108,77,86,106,107],"class_list":{"0":"post-1308","1":"product","2":"type-product","3":"status-publish","4":"has-post-thumbnail","6":"product_cat-hydraulique-balayeuses","7":"product_cat-mecanique-balayeuses","8":"product_cat-technologie-de-balayage","9":"product_tag-sweeping","10":"product_tag-brush","11":"product_tag-tractor-attachment","12":"product_tag-gmr","13":"product_tag-lavage-des-rues","14":"product_tag-sidewalk-cleaning","16":"first","17":"instock","18":"taxable","19":"shipping-taxable","20":"product-type-simple"},"_links":{"self":[{"href":"https:\/\/www.metec.ca\/fr\/wp-json\/wp\/v2\/product\/1308","targetHints":{"allow":["GET"]}}],"collection":[{"href":"https:\/\/www.metec.ca\/fr\/wp-json\/wp\/v2\/product"}],"about":[{"href":"https:\/\/www.metec.ca\/fr\/wp-json\/wp\/v2\/types\/product"}],"wp:featuredmedia":[{"embeddable":true,"href":"https:\/\/www.metec.ca\/fr\/wp-json\/wp\/v2\/media\/1334"}],"wp:attachment":[{"href":"https:\/\/www.metec.ca\/fr\/wp-json\/wp\/v2\/media?parent=1308"}],"wp:term":[{"taxonomy":"product_brand","embeddable":true,"href":"https:\/\/www.metec.ca\/fr\/wp-json\/wp\/v2\/product_brand?post=1308"},{"taxonomy":"product_cat","embeddable":true,"href":"https:\/\/www.metec.ca\/fr\/wp-json\/wp\/v2\/product_cat?post=1308"},{"taxonomy":"product_tag","embeddable":true,"href":"https:\/\/www.metec.ca\/fr\/wp-json\/wp\/v2\/product_tag?post=1308"}],"curies":[{"name":"wp","href":"https:\/\/api.w.org\/{rel}","templated":true}]}}