{"id":1304,"date":"2020-03-22T05:59:33","date_gmt":"2020-03-22T05:59:33","guid":{"rendered":"https:\/\/www.metec.ca\/?post_type=product&#038;p=1304"},"modified":"2022-11-15T15:35:42","modified_gmt":"2022-11-15T20:35:42","slug":"sweeper-light-hf-1100-1200-1300-1400-1500-1600-1800-2000-p","status":"publish","type":"product","link":"https:\/\/www.metec.ca\/fr\/product\/sweeper-light-hf-1100-1200-1300-1400-1500-1600-1800-2000-p\/","title":{"rendered":"GMR : Balayeuse \u2013 l\u00e9g\u00e8re HF 1100, 1200, 1300, 1400, 1500, 1600, 1800, 2000 P"},"content":{"rendered":"<table style=\"width: 100%;\" border=\"0\">\n<tbody>\n<tr>\n<td style=\"width: 160px;\"><\/td>\n<td class=\"specshead\">HF 1100 P<\/td>\n<td class=\"specshead\">HF 1200 P<\/td>\n<td class=\"specshead\">HF 1300 P<\/td>\n<td class=\"specshead\">HF 1400 P<\/td>\n<td class=\"specshead\">HF 1500 P<\/td>\n<td class=\"specshead\">HF 1600 P<\/td>\n<td class=\"specshead\">HF 1800 P<\/td>\n<td class=\"specshead\">HF 2000 P<\/td>\n<\/tr>\n<tr>\n<td class=\"specstitle\">Poids<\/td>\n<td class=\"specs\">397 lbs(180kg)<\/td>\n<td class=\"specs\">408 lbs(185kg)<\/td>\n<td class=\"specs\">430 lbs(195kg)<\/td>\n<td class=\"specs\">463 lbs(210kg)<\/td>\n<td class=\"specs\">485 lbs(220kg)<\/td>\n<td class=\"specs\">518 lbs(235kg)<\/td>\n<td class=\"specs\">584 lbs(265kg)<\/td>\n<td class=\"specs\">650 lbs(295kg)<\/td>\n<\/tr>\n<tr>\n<td class=\"specstitle\">Largeur de d\u00e9gagement<\/td>\n<td class=\"specs\">43 po(110cm)<\/td>\n<td class=\"specs\">47 po(120cm)<\/td>\n<td class=\"specs\">51 po(130cm)<\/td>\n<td class=\"specs\">55 po(140cm)<\/td>\n<td class=\"specs\">59 po(150cm)<\/td>\n<td class=\"specs\">63 po(160cm)<\/td>\n<td class=\"specs\">71 po(180cm)<\/td>\n<td class=\"specs\">79 po(200cm)<\/td>\n<\/tr>\n<tr>\n<td class=\"specstitle\">Largeur globale<\/td>\n<td class=\"specs\">51 po(129cm)<\/td>\n<td class=\"specs\">55 po(139cm)<\/td>\n<td class=\"specs\">59 po(149cm)<\/td>\n<td class=\"specs\">63 po(159cm)<\/td>\n<td class=\"specs\">67 po(169cm)<\/td>\n<td class=\"specs\">70 po(179cm)<\/td>\n<td class=\"specs\">78 po(199cm)<\/td>\n<td class=\"specs\">86 po(219cm)<\/td>\n<\/tr>\n<tr>\n<td class=\"specstitle\">Hauteur globale<\/td>\n<td class=\"specs\" colspan=\"8\">26 po (65 cm)<\/td>\n<\/tr>\n<tr>\n<td class=\"specstitle\">Longueur globale<\/td>\n<td class=\"specs\" colspan=\"8\">28 po (70 cm)<\/td>\n<\/tr>\n<tr>\n<td class=\"specstitle\">Inclinaison hydraulique<\/td>\n<td class=\"specs\" colspan=\"8\">25\u00b0 droite\/gauche &#8211; 1 cylindre pivotant<\/td>\n<\/tr>\n<tr>\n<td class=\"specstitle\">Exigences de puissance<\/td>\n<td class=\"specs\" colspan=\"8\">Pour utilisation avec tracteurs ou porte-outils jusqu\u2019\u00e0 60 CV (45 kW)<\/td>\n<\/tr>\n<tr>\n<td class=\"specstitle\">Diam\u00e8tre de la brosse<\/td>\n<td class=\"specs\" colspan=\"8\">\u00d8 24 x 7\u201d (600 x 178 mm) brosses en nylon<\/td>\n<\/tr>\n<tr>\n<td class=\"specstitle\">Caract\u00e9ristiques standard<\/td>\n<td class=\"specs\" colspan=\"8\">Poils en poly \u2013 standard, m\u00e9lange poly\/acier en option<\/td>\n<\/tr>\n<tr>\n<td class=\"specstitle\">Cat\u00e9gorie d\u2019attelage<\/td>\n<td class=\"specs\" colspan=\"8\">Cadre A ou 3 points CAT I ou II<\/td>\n<\/tr>\n<tr>\n<td class=\"specstitle\">Options<\/td>\n<td class=\"specs\" colspan=\"8\">Kit d&rsquo;\u00e9clairage \u00e0 DEL pour les positions, clapet anti-retour pour la libre circulation, soupape pivotante int\u00e9gr\u00e9e, kit d&rsquo;inversion \u00e9lectrique, jupe fixe en caoutchouc<\/td>\n<\/tr>\n<\/tbody>\n<\/table>\n","protected":false},"excerpt":{"rendered":"<p><strong>La conception l\u00e9g\u00e8re et europ\u00e9enne de cette balayeuse ne manquera pas de plaire !<\/strong><\/p>\n<ul>\n<li>Le roulement triangulaire et la d\u00e9coupe dans la plaque lat\u00e9rale facilitent le changement des brosses de 24 pouces de diam\u00e8tre.<\/li>\n<li>Le moteur \u00e9tant mont\u00e9 directement sur le noyau de la brosse plut\u00f4t que sur le c\u00f4t\u00e9, vous pouvez balayer beaucoup plus pr\u00e8s des objets et des structures.<\/li>\n<li>L&rsquo;angle de la brosse peut \u00eatre r\u00e9gl\u00e9 hydrauliquement sans effort.<\/li>\n<li>Les pieds de support permettent un montage et un d\u00e9montage rapides et faciles de la brosse.<\/li>\n<li>Les roues pivotantes permettent de se d\u00e9placer plus facilement autour des objets et des structures.<\/li>\n<\/ul>\n<div style=\"padding-top: 20px;\"><a class=\"productbtn\" href=\"\/fr\/specpdfs\/SWEEPER-LIGHT-FR.pdf\" target=\"_blank\" rel=\"noreferrer noopener\"><nobr>Fiche Technique<\/nobr><\/a><\/div>\n","protected":false},"featured_media":1327,"template":"","meta":[],"product_brand":[],"product_cat":[60,53],"product_tag":[104,108,77,86,101,107],"class_list":{"0":"post-1304","1":"product","2":"type-product","3":"status-publish","4":"has-post-thumbnail","6":"product_cat-hydraulique-balayeuses","7":"product_cat-technologie-de-balayage","8":"product_tag-sweeping","9":"product_tag-brush","10":"product_tag-tractor-attachment","11":"product_tag-gmr","12":"product_tag-nettoyage-des-rues","13":"product_tag-sidewalk-cleaning","15":"first","16":"instock","17":"taxable","18":"shipping-taxable","19":"product-type-simple"},"_links":{"self":[{"href":"https:\/\/www.metec.ca\/fr\/wp-json\/wp\/v2\/product\/1304","targetHints":{"allow":["GET"]}}],"collection":[{"href":"https:\/\/www.metec.ca\/fr\/wp-json\/wp\/v2\/product"}],"about":[{"href":"https:\/\/www.metec.ca\/fr\/wp-json\/wp\/v2\/types\/product"}],"wp:featuredmedia":[{"embeddable":true,"href":"https:\/\/www.metec.ca\/fr\/wp-json\/wp\/v2\/media\/1327"}],"wp:attachment":[{"href":"https:\/\/www.metec.ca\/fr\/wp-json\/wp\/v2\/media?parent=1304"}],"wp:term":[{"taxonomy":"product_brand","embeddable":true,"href":"https:\/\/www.metec.ca\/fr\/wp-json\/wp\/v2\/product_brand?post=1304"},{"taxonomy":"product_cat","embeddable":true,"href":"https:\/\/www.metec.ca\/fr\/wp-json\/wp\/v2\/product_cat?post=1304"},{"taxonomy":"product_tag","embeddable":true,"href":"https:\/\/www.metec.ca\/fr\/wp-json\/wp\/v2\/product_tag?post=1304"}],"curies":[{"name":"wp","href":"https:\/\/api.w.org\/{rel}","templated":true}]}}