{"id":1299,"date":"2020-03-22T05:36:40","date_gmt":"2020-03-22T05:36:40","guid":{"rendered":"https:\/\/www.metec.ca\/?post_type=product&#038;p=1299"},"modified":"2022-11-15T15:50:10","modified_gmt":"2022-11-15T20:50:10","slug":"three-point-spreader-d-301-d-601","status":"publish","type":"product","link":"https:\/\/www.metec.ca\/fr\/product\/three-point-spreader-d-301-d-601\/","title":{"rendered":"KUGELMANN : \u00c9pandeur \u00e0 attelage trois points &#8211; D301, D601"},"content":{"rendered":"<table style=\"width: 100%;\" border=\"0\">\n<tbody>\n<tr>\n<td><\/td>\n<td class=\"specshead\">D 301<\/td>\n<td class=\"specshead\">D 601<\/td>\n<\/tr>\n<tr>\n<td class=\"specstitle\">Poids<\/td>\n<td class=\"specs\">392 lbs (178 kg)<\/td>\n<td class=\"specs\">492 lbs (223 kg)<\/td>\n<\/tr>\n<tr>\n<td class=\"specstitle\">Capacit\u00e9<\/td>\n<td class=\"specs\">79 G (300 \u2113)<\/td>\n<td class=\"specs\">159 G (600 \u2113)<\/td>\n<\/tr>\n<tr>\n<td class=\"specstitle\">Largeur totale<\/td>\n<td class=\"specs\">43 po (108 cm)<\/td>\n<td class=\"specs\">53 po (135 cm)<\/td>\n<\/tr>\n<tr>\n<td class=\"specstitle\">Largeur d\u2019\u00e9pandage<\/td>\n<td class=\"specs\" colspan=\"2\">39 &#8211; 276 po (1 &#8211; 7 m)<\/td>\n<\/tr>\n<tr>\n<td class=\"specstitle\">Hauteur globale<\/td>\n<td class=\"specs\">50 po (127 cm)<\/td>\n<td class=\"specs\">54 po (137 cm)<\/td>\n<\/tr>\n<tr>\n<td class=\"specstitle\">Longueur globale<\/td>\n<td class=\"specs\" colspan=\"2\">32 po (82 cm)<\/td>\n<\/tr>\n<tr>\n<td class=\"specstitle\">Cat\u00e9gorie d\u2019attelage<\/td>\n<td class=\"specs\" colspan=\"2\">3PH CAT I<\/td>\n<\/tr>\n<tr>\n<td class=\"specstitle\">Caract\u00e9ristiques standard<\/td>\n<td class=\"specs\" colspan=\"2\">Support de stationnement, convoyeur \u00e0 vis pour les quantit\u00e9s exactes, K-Tronic 1<\/td>\n<\/tr>\n<tr>\n<td class=\"specstitle\">Options<\/td>\n<td class=\"specs\" colspan=\"2\">Arbre agitateur, syst\u00e8me de contr\u00f4le K-Tronic 2<\/td>\n<\/tr>\n<\/tbody>\n<\/table>\n","protected":false},"excerpt":{"rendered":"<p><strong>La nouvelle g\u00e9n\u00e9ration d&rsquo;\u00e9pandeurs trois points \u00e0 une chambre de Kugelmann.<\/strong><\/p>\n<ul>\n<li>La combinaison innovante de mat\u00e9riaux, d\u2019acier inoxydable et de plastique de haute qualit\u00e9, offre une durabilit\u00e9 et une fiabilit\u00e9 imbattables.<\/li>\n<li>La largeur d&rsquo;\u00e9pandage va de 39 po \u00e0 276 po (1 \u00e0 7 m) et peut \u00eatre r\u00e9gl\u00e9e \u00e9lectroniquement.<\/li>\n<li>\u00c9quip\u00e9 d&rsquo;un attelage trois points, cet \u00e9pandeur peut \u00eatre mont\u00e9 sur la plupart des tracteurs.<\/li>\n<li>La b\u00e9quille de stationnement fournie permet de le garer et de le ranger facilement.<\/li>\n<\/ul>\n<div style=\"padding-top: 20px;\"><a class=\"productbtn\" href=\"\/fr\/specpdfs\/DS-3P-FR.pdf\" target=\"_blank\" rel=\"noreferrer noopener\"><nobr>Fiche Technique<\/nobr><\/a><\/div>\n","protected":false},"featured_media":1340,"template":"","meta":[],"product_brand":[],"product_cat":[20,69],"product_tag":[110,233,111,112],"class_list":{"0":"post-1299","1":"product","2":"type-product","3":"status-publish","4":"has-post-thumbnail","6":"product_cat-epandeurs","7":"product_cat-technologie-de-controle-de-lhiver-et-de-la-glace","8":"product_tag-epandeur","9":"product_tag-kugelmann","10":"product_tag-sableur","11":"product_tag-saliere","13":"first","14":"instock","15":"taxable","16":"shipping-taxable","17":"product-type-simple"},"_links":{"self":[{"href":"https:\/\/www.metec.ca\/fr\/wp-json\/wp\/v2\/product\/1299","targetHints":{"allow":["GET"]}}],"collection":[{"href":"https:\/\/www.metec.ca\/fr\/wp-json\/wp\/v2\/product"}],"about":[{"href":"https:\/\/www.metec.ca\/fr\/wp-json\/wp\/v2\/types\/product"}],"wp:featuredmedia":[{"embeddable":true,"href":"https:\/\/www.metec.ca\/fr\/wp-json\/wp\/v2\/media\/1340"}],"wp:attachment":[{"href":"https:\/\/www.metec.ca\/fr\/wp-json\/wp\/v2\/media?parent=1299"}],"wp:term":[{"taxonomy":"product_brand","embeddable":true,"href":"https:\/\/www.metec.ca\/fr\/wp-json\/wp\/v2\/product_brand?post=1299"},{"taxonomy":"product_cat","embeddable":true,"href":"https:\/\/www.metec.ca\/fr\/wp-json\/wp\/v2\/product_cat?post=1299"},{"taxonomy":"product_tag","embeddable":true,"href":"https:\/\/www.metec.ca\/fr\/wp-json\/wp\/v2\/product_tag?post=1299"}],"curies":[{"name":"wp","href":"https:\/\/api.w.org\/{rel}","templated":true}]}}