{"id":1296,"date":"2020-03-22T05:15:38","date_gmt":"2020-03-22T05:15:38","guid":{"rendered":"https:\/\/www.metec.ca\/?post_type=product&#038;p=1296"},"modified":"2022-11-15T15:40:35","modified_gmt":"2022-11-15T20:40:35","slug":"ribbon-blower-sb1300-sb1500","status":"publish","type":"product","link":"https:\/\/www.metec.ca\/fr\/product\/ribbon-blower-sb1300-sb1500\/","title":{"rendered":"WESTA : Souffleuse \u00e0 ruban hydraulique ou m\u00e9canique &#8211; SB1300, 1500"},"content":{"rendered":"<table style=\"width: 100%;\" border=\"0\">\n<tbody>\n<tr>\n<td><\/td>\n<td class=\"specshead\">SB1300<\/td>\n<td class=\"specshead\">SB1500<\/td>\n<\/tr>\n<tr>\n<td class=\"specstitle\">Poids<\/td>\n<td class=\"specs\">1 025 lbs (465 kg)<\/td>\n<td class=\"specs\">1 190 lbs (540 kg)<\/td>\n<\/tr>\n<tr>\n<td class=\"specstitle\">Largeur de nettoyage<\/td>\n<td class=\"specs\">51 po (130 cm)<\/td>\n<td class=\"specs\">59 po (150 cm)<\/td>\n<\/tr>\n<tr>\n<td class=\"specstitle\">Largeur globale<\/td>\n<td class=\"specs\">51 po (130 cm)<\/td>\n<td class=\"specs\">59 po (150 cm)<\/td>\n<\/tr>\n<tr>\n<td class=\"specstitle\">Hauteur<\/td>\n<td class=\"specs\" colspan=\"2\">83 po (210 cm)<\/td>\n<\/tr>\n<tr>\n<td class=\"specstitle\">Diam\u00e8tre de la tari\u00e8re<\/td>\n<td class=\"specs\" colspan=\"2\">21,5 po (55 cm)<\/td>\n<\/tr>\n<tr>\n<td class=\"specstitle\">Exigences de puissance<\/td>\n<td class=\"specs\" colspan=\"2\">40 CV (30 kW) &#8211; 80 CV (60 kW)<\/td>\n<\/tr>\n<tr>\n<td class=\"specstitle\">Diam\u00e8tre de la turbine<\/td>\n<td class=\"specs\" colspan=\"2\">24 po (60 cm)<\/td>\n<\/tr>\n<tr>\n<td class=\"specstitle\">Caract\u00e9ristiques standard<\/td>\n<td class=\"specs\" colspan=\"2\">Enduits de poudre orange, m\u00e9canique ou hydraulique, patins antid\u00e9rapants Hardox et bord tranchant<\/td>\n<\/tr>\n<tr>\n<td class=\"specstitle\">Cat\u00e9gorie d\u2019attelage<\/td>\n<td class=\"specs\" colspan=\"2\">CAT\u00a0 II \u2013 attelage \u00e0 trois points<\/td>\n<\/tr>\n<tr>\n<td class=\"specstitle\">Options<\/td>\n<td class=\"specs\" colspan=\"2\">Feux fonctionnelles, couleurs personnalis\u00e9es, autres dimensions disponibles<\/td>\n<\/tr>\n<\/tbody>\n<\/table>\n","protected":false},"excerpt":{"rendered":"<p><strong>Une conception \u00e0 entra\u00eenement central pour une efficacit\u00e9 accrue !<\/strong><\/p>\n<ul>\n<li>Les patins antid\u00e9rapants AR 400 de s\u00e9rie et les bords de coupe permettent de mener \u00e0 bien les travaux les plus difficiles.<\/li>\n<li>Les tari\u00e8res sont dot\u00e9es d&rsquo;un bord dentel\u00e9 pour couper la neige durcie et briser facilement la glace.<\/li>\n<li>La goulotte d&rsquo;\u00e9jection a \u00e9t\u00e9 con\u00e7ue pour avoir une rotation et une distance de projection maximales, afin que vous puissiez diriger la neige exactement o\u00f9 vous le souhaitez.<\/li>\n<li>Vous pouvez compter sur la rotation de la goulotte \u00e0 vis, m\u00eame dans des conditions difficiles.<\/li>\n<li>La tari\u00e8re \u00e9quilibr\u00e9e avec pr\u00e9cision et la turbine \u00e0 cinq pales r\u00e9duisent les vibrations pendant le fonctionnement.<\/li>\n<\/ul>\n<div style=\"padding-top: 20px;\"><a class=\"productbtn\" href=\"\/fr\/specpdfs\/RBWesta-FR.pdf\" target=\"_blank\" rel=\"noreferrer noopener\"><nobr>Fiche Technique<\/nobr><\/a><\/div>\n","protected":false},"featured_media":1851,"template":"","meta":[],"product_brand":[],"product_cat":[58,57,54,66,69],"product_tag":[76,77,72,74,221],"class_list":{"0":"post-1296","1":"product","2":"type-product","3":"status-publish","4":"has-post-thumbnail","6":"product_cat-souffleuses-hydraulique","7":"product_cat-souffleuses-mecaniqqu","8":"product_cat-souffleuses-a-neige","9":"product_cat-souffleuses-a-ruban","10":"product_cat-technologie-de-controle-de-lhiver-et-de-la-glace","11":"product_tag-deneigement","12":"product_tag-tractor-attachment","13":"product_tag-souffleuse-a-neige","14":"product_tag-souffleuse-a-ruban","15":"product_tag-westa","17":"first","18":"instock","19":"taxable","20":"shipping-taxable","21":"product-type-simple"},"_links":{"self":[{"href":"https:\/\/www.metec.ca\/fr\/wp-json\/wp\/v2\/product\/1296","targetHints":{"allow":["GET"]}}],"collection":[{"href":"https:\/\/www.metec.ca\/fr\/wp-json\/wp\/v2\/product"}],"about":[{"href":"https:\/\/www.metec.ca\/fr\/wp-json\/wp\/v2\/types\/product"}],"wp:featuredmedia":[{"embeddable":true,"href":"https:\/\/www.metec.ca\/fr\/wp-json\/wp\/v2\/media\/1851"}],"wp:attachment":[{"href":"https:\/\/www.metec.ca\/fr\/wp-json\/wp\/v2\/media?parent=1296"}],"wp:term":[{"taxonomy":"product_brand","embeddable":true,"href":"https:\/\/www.metec.ca\/fr\/wp-json\/wp\/v2\/product_brand?post=1296"},{"taxonomy":"product_cat","embeddable":true,"href":"https:\/\/www.metec.ca\/fr\/wp-json\/wp\/v2\/product_cat?post=1296"},{"taxonomy":"product_tag","embeddable":true,"href":"https:\/\/www.metec.ca\/fr\/wp-json\/wp\/v2\/product_tag?post=1296"}],"curies":[{"name":"wp","href":"https:\/\/api.w.org\/{rel}","templated":true}]}}