{"id":10465,"date":"2026-04-18T01:17:38","date_gmt":"2026-04-18T05:17:38","guid":{"rendered":"https:\/\/www.metec.ca\/fr\/?post_type=product&#038;p=10465"},"modified":"2026-04-18T01:31:07","modified_gmt":"2026-04-18T05:31:07","slug":"hs","status":"publish","type":"product","link":"https:\/\/www.metec.ca\/fr\/product\/hs\/","title":{"rendered":"ELKAER Scies &#8211; HS"},"content":{"rendered":"<table style=\"width: 100%;\" border=\"0\">\n<tbody>\n<tr>\n<td width=\"25%\"><\/td>\n<td class=\"specshead\">HS 800<\/td>\n<td class=\"specshead\">HS 1300<\/td>\n<td class=\"specshead\">HS 1750<\/td>\n<td class=\"specshead\">HS 2300<\/td>\n<td class=\"specshead\">HS 3000<\/td>\n<\/tr>\n<tr>\n<td class=\"specstitle\">Poids<\/td>\n<td class=\"specs\">176 lbs (80 kg)<\/td>\n<td class=\"specs\">88 lbs (40 kg)<\/td>\n<td class=\"specs\">287 lbs (130 kg)<\/td>\n<td class=\"specs\">485 lbs (220 kg)<\/td>\n<td class=\"specs\">882 lbs (400 kg)<\/td>\n<\/tr>\n<tr>\n<td class=\"specstitle\">Largeur de travail<\/td>\n<td class=\"specs\">31,5 po (800 mm)<\/td>\n<td class=\"specs\">51 po (1,3 m)<\/td>\n<td class=\"specs\">69 po (1,75 m)<\/td>\n<td class=\"specs\">90,5 po (2,3 m)<\/td>\n<td class=\"specs\">118 po (3 m)<\/td>\n<\/tr>\n<tr>\n<td class=\"specstitle\">Diam\u00e8tre max. des branches<\/td>\n<td class=\"specs\">\u00d8 9,8 po (250 mm)<\/td>\n<td class=\"specs\">\u00d8 3,9 po (100 mm)<\/td>\n<td class=\"specs\">\u00d8 5,9 po (150 mm)<\/td>\n<td class=\"specs\" colspan=\"2\">\u00d8 9,8 po (250 mm)<\/td>\n<\/tr>\n<tr>\n<td class=\"specstitle\">Lames de scie<\/td>\n<td class=\"specs\">1 pc.<br \/>\n(\u00d8 31,5 po \/ 800 mm)<\/td>\n<td class=\"specs\">3 pcs.<br \/>\n(\u00d8 17,7 po \/ 450 mm)<\/td>\n<td class=\"specs\">3 pcs.<br \/>\n(\u00d8 23,6 po \/ 600 mm)<\/td>\n<td class=\"specs\">3 pcs.<br \/>\n(\u00d8 31,5 po \/ 800 mm)<\/td>\n<td class=\"specs\">5 pcs.<br \/>\n(\u00d8 31,5 po \/ 800 mm)<\/td>\n<\/tr>\n<tr>\n<td class=\"specstitle\">Exigences hydrauliques<\/td>\n<td class=\"specs\">11,9 GPM<br \/>\n(45 \u2113\/min)<\/td>\n<td class=\"specs\">5,3 GPM<br \/>\n(20 \u2113\/min)<\/td>\n<td class=\"specs\">11,9 GPM<br \/>\n(45 \u2113\/min)<\/td>\n<td class=\"specs\" colspan=\"2\">15,9 GPM<br \/>\n(60 \u2113\/min)<\/td>\n<\/tr>\n<tr>\n<td class=\"specstitle\">Options<\/td>\n<td class=\"specs\" colspan=\"5\">Support \u00e0 souder, supports, excavatrice<\/td>\n<\/tr>\n<\/tbody>\n<\/table>\n","protected":false},"excerpt":{"rendered":"<p><strong>Les scies \u00e0 branches ELK\u00c6R offrent une coupe rapide et nette des haies et des brise-vent pour une large gamme de machines porteuses. Caract\u00e9ristiques principales :<\/strong><\/p>\n<ul>\n<li data-start=\"0\" data-end=\"90\"><strong data-start=\"2\" data-end=\"32\" data-is-only-node=\"\">Compatibilit\u00e9 \u00e9tendue :<\/strong> Compatibles avec excavatrices, faucheuses \u00e0 bras, tracteurs compacts, tracteurs, chariots t\u00e9lescopiques, chargeuses sur roues et trancheuses.<\/li>\n<li data-start=\"91\" data-end=\"202\"><strong data-start=\"93\" data-end=\"130\" data-is-only-node=\"\">Capacit\u00e9 de coupe \u00e9lev\u00e9e :<\/strong> Coupe des branches jusqu\u2019\u00e0 250 mm (9,8 po).<\/li>\n<li data-start=\"203\" data-end=\"290\"><strong data-start=\"205\" data-end=\"229\" data-is-only-node=\"\">Productivit\u00e9 accrue :<\/strong> Vitesse de fonctionnement \u00e9lev\u00e9e pour l\u2019entretien efficace de longues haies et cl\u00f4tures.<\/li>\n<li data-start=\"291\" data-end=\"396\"><strong data-start=\"293\" data-end=\"324\" data-is-only-node=\"\">Pr\u00e9cision de coupe :<\/strong> Conception flexible permettant la coupe pr\u00e9cise de branches individuelles.<\/li>\n<li data-start=\"495\" data-end=\"573\"><strong data-start=\"497\" data-end=\"519\" data-is-only-node=\"\">Finition professionnelle :<\/strong> Coupe nette et uniforme pour un r\u00e9sultat propre.<\/li>\n<li data-start=\"574\" data-end=\"677\" data-is-last-node=\"\"><strong data-start=\"576\" data-end=\"606\" data-is-only-node=\"\">Largeurs disponibles :<\/strong> Largeurs de travail de 800 mm (31,5 po) \u00e0 3 m (118 po).<\/li>\n<\/ul>\n<div style=\"padding-bottom: 30px; display: flex; gap: 10px;\"><a class=\"productbtn\" style=\"display: none;\" href=\"\/fr\/specpdfs\/COMBI-PLOW-SWEEPER_FR.pdf\" target=\"_blank\" rel=\"noreferrer noopener\">Fiche Technique<\/a><br \/>\n<a class=\"productbtn\" href=\"\/fr\/devis-accessoire\" target=\"_blank\" rel=\"noreferrer noopener\">Obtenez un devis !<\/a><\/div>\n","protected":false},"featured_media":10469,"template":"","meta":[],"product_brand":[329],"product_cat":[70],"product_tag":[334],"class_list":{"0":"post-10465","1":"product","2":"type-product","3":"status-publish","4":"has-post-thumbnail","6":"product_brand-elkaer","7":"product_cat-soins-ecologique-et-technologie-des-mauvaises-herbes","8":"product_tag-scies","10":"first","11":"instock","12":"taxable","13":"shipping-taxable","14":"product-type-simple"},"_links":{"self":[{"href":"https:\/\/www.metec.ca\/fr\/wp-json\/wp\/v2\/product\/10465","targetHints":{"allow":["GET"]}}],"collection":[{"href":"https:\/\/www.metec.ca\/fr\/wp-json\/wp\/v2\/product"}],"about":[{"href":"https:\/\/www.metec.ca\/fr\/wp-json\/wp\/v2\/types\/product"}],"wp:featuredmedia":[{"embeddable":true,"href":"https:\/\/www.metec.ca\/fr\/wp-json\/wp\/v2\/media\/10469"}],"wp:attachment":[{"href":"https:\/\/www.metec.ca\/fr\/wp-json\/wp\/v2\/media?parent=10465"}],"wp:term":[{"taxonomy":"product_brand","embeddable":true,"href":"https:\/\/www.metec.ca\/fr\/wp-json\/wp\/v2\/product_brand?post=10465"},{"taxonomy":"product_cat","embeddable":true,"href":"https:\/\/www.metec.ca\/fr\/wp-json\/wp\/v2\/product_cat?post=10465"},{"taxonomy":"product_tag","embeddable":true,"href":"https:\/\/www.metec.ca\/fr\/wp-json\/wp\/v2\/product_tag?post=10465"}],"curies":[{"name":"wp","href":"https:\/\/api.w.org\/{rel}","templated":true}]}}