{"id":10455,"date":"2026-04-13T10:23:55","date_gmt":"2026-04-13T14:23:55","guid":{"rendered":"https:\/\/www.metec.ca\/fr\/?post_type=product&#038;p=10455"},"modified":"2026-04-13T15:10:17","modified_gmt":"2026-04-13T19:10:17","slug":"hk","status":"publish","type":"product","link":"https:\/\/www.metec.ca\/fr\/product\/hk\/","title":{"rendered":"ELKAER Barre de coupe &#8211; HK"},"content":{"rendered":"<table style=\"width: 100%;\" border=\"0\">\n<tbody>\n<tr>\n<td width=\"25%\"><\/td>\n<td class=\"specshead\">HK 1300-3<\/td>\n<td class=\"specshead\">HK 1600-3<\/td>\n<td class=\"specshead\">HK 1500-5<\/td>\n<td class=\"specshead\">HK 2000-5<\/td>\n<td class=\"specshead\">HK 3000-5<\/td>\n<td class=\"specshead\">HK 2000-10<\/td>\n<\/tr>\n<tr>\n<td class=\"specstitle\">Poids<\/td>\n<td class=\"specs\">55 lbs (25 kg)<\/td>\n<td class=\"specs\">66 lbs (30 kg)<\/td>\n<td class=\"specs\">110 lbs (50 kg)<\/td>\n<td class=\"specs\">220 lbs (100 kg)<\/td>\n<td class=\"specs\">331 lbs (150 kg)<\/td>\n<td class=\"specs\">507 lbs (230 kg)<\/td>\n<\/tr>\n<tr>\n<td class=\"specstitle\">Largeur de travail<\/td>\n<td class=\"specs\">51,2 po (1,3 m)<\/td>\n<td class=\"specs\">63 po (1,6 m)<\/td>\n<td class=\"specs\">59 po (1,5 m)<\/td>\n<td class=\"specs\">79 po (2 m)<\/td>\n<td class=\"specs\">118 po (3 m)<\/td>\n<td class=\"specs\">79 po (2 m)<\/td>\n<\/tr>\n<tr>\n<td class=\"specstitle\">Diam\u00e8tre max. des branches<\/td>\n<td class=\"specs\" colspan=\"2\">\u00d8 1,2 po (30 mm)<\/td>\n<td class=\"specs\" colspan=\"3\">\u00d8 2 po (50 mm)<\/td>\n<td class=\"specs\">\u00d8 3,9 po<br \/>\n(100 mm)<\/td>\n<\/tr>\n<tr>\n<td class=\"specstitle\">Couteaux<\/td>\n<td class=\"specs\">36 pcs.<br \/>\n(double couteau)<\/td>\n<td class=\"specs\">44 pcs.<br \/>\n(double couteau)<\/td>\n<td class=\"specs\">21 pcs.<\/td>\n<td class=\"specs\">27 pcs.<\/td>\n<td class=\"specs\">35 pcs.<\/td>\n<td class=\"specs\">14 pcs.<\/td>\n<\/tr>\n<tr>\n<td class=\"specstitle\">Exigences hydrauliques<\/td>\n<td class=\"specs\" colspan=\"2\">6,6 GPM (25 L\/min.)<\/td>\n<td class=\"specs\">7,9 GPM<br \/>\n(30 L\/min.)<\/td>\n<td class=\"specs\" colspan=\"2\">9,2 GPM (35 L\/min.)<\/td>\n<td class=\"specs\">13,2 GPM<br \/>\n(50 L\/min.)<\/td>\n<\/tr>\n<tr>\n<td class=\"specstitle\">Options<\/td>\n<td class=\"specs\" colspan=\"6\">Support \u00e0 souder, supports, excavatrice<\/td>\n<\/tr>\n<\/tbody>\n<\/table>\n<div style=\"margin-top: 30px;\">\n<h3 style=\"margin-bottom: 5px;\"><span style=\"color: #164766;\">HK1300-3 \/ HK1600-3 : Barres de coupe compactes<\/span><\/h3>\n<p>Les <strong data-start=\"4\" data-end=\"50\">barres de coupe compactes HK1300-3 et HK1600-3<\/strong> sont con\u00e7ues pour les porte-outils plus petits et sont id\u00e9ales pour l\u2019entretien pr\u00e9cis des haies, capables de couper des branches jusqu\u2019\u00e0 \u00d8 30 mm (1,2 po). Leur syst\u00e8me \u00e0 double couteau oppos\u00e9 assure une coupe fluide et pr\u00e9cise tout en minimisant les vibrations, et leur fonctionnement \u00e0 faible niveau sonore les rend particuli\u00e8rement adapt\u00e9es aux environnements urbains et r\u00e9sidentiels. Combin\u00e9es \u00e0 un bras hydraulique, ces barres de taille permettent un travail efficace en position horizontale, verticale et angulaire, maximisant la polyvalence et le contr\u00f4le.<\/p>\n<h3 style=\"margin-bottom: 5px;\"><span style=\"color: #164766;\">HK1500-5 \/ HK2000-5 \/ HK3000-5 : Barres de coupe robustes pour l\u2019entretien<\/span><\/h3>\n<p>Les <strong data-start=\"558\" data-end=\"630\">barres de coupe robustes HK1500-5, HK2000-5 et HK3000-5<\/strong> sont con\u00e7ues pour l\u2019entretien r\u00e9gulier des haies et de la v\u00e9g\u00e9tation en bordure de route, coupant des branches jusqu\u2019\u00e0 \u00d8 50 mm (2 po) gr\u00e2ce \u00e0 des lames robustes qui garantissent une performance constante et durable. Ces barres de coupe sont tr\u00e8s adaptables et se montent facilement sur tracteurs, mini chargeuses ou excavatrices \u00e0 l\u2019aide de bras de port\u00e9e, de cadres ou d\u2019attaches rapides, ce qui en fait une solution flexible pour une grande vari\u00e9t\u00e9 de haies et de types de v\u00e9g\u00e9tation.<\/p>\n<h3 style=\"margin-bottom: 5px;\"><span style=\"color: #164766;\">HK2000-10 : Barre de coupe extra robuste<\/span><\/h3>\n<p>La <strong data-start=\"1038\" data-end=\"1082\">barre de coupe extra robuste HK2000-10<\/strong> est con\u00e7ue pour les applications les plus exigeantes, coupant efficacement des branches jusqu\u2019\u00e0 \u00d8 100 mm (3,9 po). Elle est optimis\u00e9e pour les porteurs plus grands et excelle dans le d\u00e9gagement de v\u00e9g\u00e9tation envahissante le long des routes et des sentiers forestiers. Les lames durcies r\u00e9duisent les besoins d\u2019entretien, tandis que le syst\u00e8me d\u2019entra\u00eenement robuste maintient une vitesse de coupe constante sous charge. Malgr\u00e9 ses performances \u00e9lev\u00e9es, la HK2000-10 fonctionne avec un niveau sonore relativement faible, offrant un \u00e9quilibre entre puissance et confort d\u2019utilisation.<\/p>\n<\/div>\n","protected":false},"excerpt":{"rendered":"<p><strong>La gamme de barres de coupe ELKAER couvre des applications allant de la taille l\u00e9g\u00e8re \u00e0 la coupe intensive sur plusieurs plateformes de porteurs. Caract\u00e9ristiques principales :<\/strong><\/p>\n<ul>\n<li data-start=\"0\" data-end=\"90\"><strong data-start=\"2\" data-end=\"32\" data-is-only-node=\"\">Performance de coupe nette :<\/strong> Coupe propre et uniforme gr\u00e2ce \u00e0 des syst\u00e8mes de couteaux \u00e0 faibles vibrations.<\/li>\n<li data-start=\"91\" data-end=\"202\"><strong data-start=\"93\" data-end=\"130\" data-is-only-node=\"\">Entretien polyvalent de la v\u00e9g\u00e9tation :<\/strong> Convient aux haies, \u00e0 la v\u00e9g\u00e9tation en bordure de route et aux brise-vent.<\/li>\n<li data-start=\"203\" data-end=\"290\"><strong data-start=\"205\" data-end=\"229\" data-is-only-node=\"\">Fonctionnement \u00e0 faible bruit :<\/strong> Fonctionnement silencieux adapt\u00e9 aux environnements urbains et r\u00e9sidentiels.<\/li>\n<li data-start=\"291\" data-end=\"396\"><strong data-start=\"293\" data-end=\"324\" data-is-only-node=\"\">Large compatibilit\u00e9 avec les porteurs :<\/strong> Compatible avec les tracteurs, porte-outils, mini chargeuses et excavatrices.<\/li>\n<li data-start=\"397\" data-end=\"494\"><strong data-start=\"399\" data-end=\"428\" data-is-only-node=\"\">Angles de taille flexibles :<\/strong> Permet la taille horizontale, verticale et angulaire.<\/li>\n<li data-start=\"495\" data-end=\"573\"><strong data-start=\"497\" data-end=\"519\" data-is-only-node=\"\">Longue dur\u00e9e de vie :<\/strong> Couteaux robustes con\u00e7us pour une dur\u00e9e de vie prolong\u00e9e.<\/li>\n<li data-start=\"574\" data-end=\"677\" data-is-last-node=\"\"><strong data-start=\"576\" data-end=\"606\" data-is-only-node=\"\">Multiples options de montage :<\/strong> Options de montage disponibles pour bras de port\u00e9e ou fixation directe au porteur.<\/li>\n<\/ul>\n<div style=\"padding-bottom: 30px; display: flex; gap: 10px;\"><a class=\"productbtn\" style=\"display: none;\" href=\"\/fr\/specpdfs\/COMBI-PLOW-SWEEPER_FR.pdf\" target=\"_blank\" rel=\"noreferrer noopener\">Fiche Technique<\/a><br \/>\n<a class=\"productbtn\" href=\"\/fr\/devis-accessoire\" target=\"_blank\" rel=\"noreferrer noopener\">Obtenez un devis !<\/a><\/div>\n","protected":false},"featured_media":10460,"template":"","meta":[],"product_brand":[329],"product_cat":[70],"product_tag":[332,333],"class_list":{"0":"post-10455","1":"product","2":"type-product","3":"status-publish","4":"has-post-thumbnail","6":"product_brand-elkaer","7":"product_cat-soins-ecologique-et-technologie-des-mauvaises-herbes","8":"product_tag-barre-de-coupe","9":"product_tag-barre-de-taille","11":"first","12":"instock","13":"taxable","14":"shipping-taxable","15":"product-type-simple"},"_links":{"self":[{"href":"https:\/\/www.metec.ca\/fr\/wp-json\/wp\/v2\/product\/10455","targetHints":{"allow":["GET"]}}],"collection":[{"href":"https:\/\/www.metec.ca\/fr\/wp-json\/wp\/v2\/product"}],"about":[{"href":"https:\/\/www.metec.ca\/fr\/wp-json\/wp\/v2\/types\/product"}],"wp:featuredmedia":[{"embeddable":true,"href":"https:\/\/www.metec.ca\/fr\/wp-json\/wp\/v2\/media\/10460"}],"wp:attachment":[{"href":"https:\/\/www.metec.ca\/fr\/wp-json\/wp\/v2\/media?parent=10455"}],"wp:term":[{"taxonomy":"product_brand","embeddable":true,"href":"https:\/\/www.metec.ca\/fr\/wp-json\/wp\/v2\/product_brand?post=10455"},{"taxonomy":"product_cat","embeddable":true,"href":"https:\/\/www.metec.ca\/fr\/wp-json\/wp\/v2\/product_cat?post=10455"},{"taxonomy":"product_tag","embeddable":true,"href":"https:\/\/www.metec.ca\/fr\/wp-json\/wp\/v2\/product_tag?post=10455"}],"curies":[{"name":"wp","href":"https:\/\/api.w.org\/{rel}","templated":true}]}}