{"id":10450,"date":"2026-04-08T10:39:04","date_gmt":"2026-04-08T14:39:04","guid":{"rendered":"https:\/\/www.metec.ca\/fr\/?post_type=product&#038;p=10450"},"modified":"2026-04-08T14:18:26","modified_gmt":"2026-04-08T18:18:26","slug":"termit-pro","status":"publish","type":"product","link":"https:\/\/www.metec.ca\/fr\/product\/termit-pro\/","title":{"rendered":"ELKAER Bras de port\u00e9e polyvalent &#8211; TERMIT PRO"},"content":{"rendered":"<table style=\"width: 100%;\" border=\"0\">\n<tbody>\n<tr>\n<td width=\"25%\"><\/td>\n<td class=\"specshead\">TERMIT PRO<\/td>\n<\/tr>\n<tr>\n<td class=\"specstitle\">Poids<\/td>\n<td class=\"specs\">287 lbs (130 kg)<\/td>\n<\/tr>\n<tr>\n<td class=\"specstitle\">Hauteur de travail<\/td>\n<td class=\"specs\">129,9 po (3,3 m)<\/td>\n<\/tr>\n<tr>\n<td class=\"specstitle\">Largeur du ch\u00e2ssis<\/td>\n<td class=\"specs\">86,6 po (2,2 m)<\/td>\n<\/tr>\n<tr>\n<td class=\"specstitle\">Prises d\u2019huile<\/td>\n<td class=\"specs\">3 voies, double effet<\/td>\n<\/tr>\n<tr>\n<td class=\"specstitle\">Montage<\/td>\n<td class=\"specs\">Avant ou arri\u00e8re<\/td>\n<\/tr>\n<tr>\n<td class=\"specstitle\">Options<\/td>\n<td class=\"specs\">D\u00e9port lat\u00e9ral hydraulique, valve 6\/2 voies, valve de contr\u00f4le du d\u00e9bit, jeu de roues<\/td>\n<\/tr>\n<tr>\n<td class=\"specstitle\">Accessoires compatibles<\/td>\n<td class=\"specs\">Barre de coupe HK1300-3, barre de coupe HK1600-3, Multitrimmer MT1300, scie HS1300<\/td>\n<\/tr>\n<\/tbody>\n<\/table>\n","protected":false},"excerpt":{"rendered":"<p><strong>ELKAER Bras hydraulique &#8211; Bras de port\u00e9e polyvalent. Caract\u00e9ristiques cl\u00e9s :<\/strong><\/p>\n<ul>\n<li>Port\u00e9e \u00e9tendue pour l\u2019entretien des accotements et des sentiers.<\/li>\n<li>Con\u00e7u pour les porte-outils compacts.<\/li>\n<li>Id\u00e9al pour les espaces restreints tels que les trottoirs et les pistes cyclables.<\/li>\n<li>Fonctionne des deux c\u00f4t\u00e9s du porteur.<\/li>\n<li>Permet des positions de coupe horizontales, inclin\u00e9es et verticales.<\/li>\n<li>Construction robuste pour les applications exigeantes.<\/li>\n<\/ul>\n<div style=\"padding-bottom: 30px; display: flex; gap: 10px;\"><a class=\"productbtn\" style=\"display: none;\" href=\"\/fr\/specpdfs\/COMBI-PLOW-SWEEPER_FR.pdf\" target=\"_blank\" rel=\"noreferrer noopener\">Fiche Technique<\/a><br \/>\n<a class=\"productbtn\" href=\"\/fr\/devis-accessoire\" target=\"_blank\" rel=\"noreferrer noopener\">Obtenez un devis !<\/a><\/div>\n","protected":false},"featured_media":10452,"template":"","meta":[],"product_brand":[329],"product_cat":[70],"product_tag":[330,328],"class_list":{"0":"post-10450","1":"product","2":"type-product","3":"status-publish","4":"has-post-thumbnail","6":"product_brand-elkaer","7":"product_cat-soins-ecologique-et-technologie-des-mauvaises-herbes","8":"product_tag-bras-de-portee-polyvalent","9":"product_tag-bras-hydraulique","11":"first","12":"instock","13":"taxable","14":"shipping-taxable","15":"product-type-simple"},"_links":{"self":[{"href":"https:\/\/www.metec.ca\/fr\/wp-json\/wp\/v2\/product\/10450","targetHints":{"allow":["GET"]}}],"collection":[{"href":"https:\/\/www.metec.ca\/fr\/wp-json\/wp\/v2\/product"}],"about":[{"href":"https:\/\/www.metec.ca\/fr\/wp-json\/wp\/v2\/types\/product"}],"wp:featuredmedia":[{"embeddable":true,"href":"https:\/\/www.metec.ca\/fr\/wp-json\/wp\/v2\/media\/10452"}],"wp:attachment":[{"href":"https:\/\/www.metec.ca\/fr\/wp-json\/wp\/v2\/media?parent=10450"}],"wp:term":[{"taxonomy":"product_brand","embeddable":true,"href":"https:\/\/www.metec.ca\/fr\/wp-json\/wp\/v2\/product_brand?post=10450"},{"taxonomy":"product_cat","embeddable":true,"href":"https:\/\/www.metec.ca\/fr\/wp-json\/wp\/v2\/product_cat?post=10450"},{"taxonomy":"product_tag","embeddable":true,"href":"https:\/\/www.metec.ca\/fr\/wp-json\/wp\/v2\/product_tag?post=10450"}],"curies":[{"name":"wp","href":"https:\/\/api.w.org\/{rel}","templated":true}]}}