{"id":10440,"date":"2026-03-26T08:26:02","date_gmt":"2026-03-26T12:26:02","guid":{"rendered":"https:\/\/www.metec.ca\/fr\/?post_type=product&#038;p=10440"},"modified":"2026-03-26T11:15:03","modified_gmt":"2026-03-26T15:15:03","slug":"combine-chasse-neige-balai","status":"publish","type":"product","link":"https:\/\/www.metec.ca\/fr\/product\/combine-chasse-neige-balai\/","title":{"rendered":"TIMAN Chasse-neige et balayeuse combin\u00e9s"},"content":{"rendered":"<table style=\"width: 100%;\" border=\"0\">\n<tbody>\n<tr>\n<td width=\"25%\"><\/td>\n<td class=\"specshead\">1600<\/td>\n<td class=\"specshead\">1800<\/td>\n<\/tr>\n<tr>\n<td class=\"specstitle\">Poids<\/td>\n<td class=\"specs\">750 lbs (340 kg)<\/td>\n<td class=\"specs\">792 lbs (360 kg)<\/td>\n<\/tr>\n<tr>\n<td class=\"specstitle\">Largeur de d\u00e9neigement<\/td>\n<td class=\"specs\">63 po (1,6 m)<\/td>\n<td class=\"specs\">71 po (1,8 m)<\/td>\n<\/tr>\n<tr>\n<td class=\"specstitle\">Largeur de d\u00e9neigement \u00e0 21\u00b0<\/td>\n<td class=\"specs\">48 po (1,48 m)<\/td>\n<td class=\"specs\">66 po (1,68 m)<\/td>\n<\/tr>\n<tr>\n<td class=\"specstitle\">Largeur hors tout<\/td>\n<td class=\"specs\">63 po (1,6 m)<\/td>\n<td class=\"specs\">71 po (1,8 m)<\/td>\n<\/tr>\n<tr>\n<td class=\"specstitle\">Hauteur hors tout<\/td>\n<td class=\"specs\" colspan=\"2\">37 po (950 mm)<\/td>\n<\/tr>\n<tr>\n<td class=\"specstitle\">Exigences hydrauliques<\/td>\n<td class=\"specs\" colspan=\"2\">1 haut d\u00e9bit \/ 2 distributeurs<\/td>\n<\/tr>\n<tr>\n<td class=\"specstitle\">Angle d\u2019orientation<\/td>\n<td class=\"specs\" colspan=\"2\">21\u00b0<\/td>\n<\/tr>\n<tr>\n<td class=\"specstitle\">Type<\/td>\n<td class=\"specs\" colspan=\"2\">Hydraulique<\/td>\n<\/tr>\n<tr>\n<td class=\"specstitle\">Diam\u00e8tre de la brosse<\/td>\n<td class=\"specs\" colspan=\"2\">24 po (600 mm)<\/td>\n<\/tr>\n<tr>\n<td class=\"specstitle\">Caract\u00e9ristiques standard<\/td>\n<td class=\"specs\" colspan=\"2\">Roues pivotantes r\u00e9glables en hauteur, syst\u00e8me de changement rapide du balai, b\u00e9quille de stationnement, capot en acier<\/td>\n<\/tr>\n<\/tbody>\n<\/table>\n","protected":false},"excerpt":{"rendered":"<p><strong>Chasse-neige et balayeuse combin\u00e9s TIMAN : deux fonctions, un seul accessoire. Caract\u00e9ristiques cl\u00e9s :<\/strong><\/p>\n<ul>\n<li>Combine une balayeuse hydraulique et une lame \u00e0 neige en un seul accessoire polyvalent pour une utilisation toute l&rsquo;ann\u00e9e.<\/li>\n<li>L&rsquo;inclinaison hydraulique de la lame permet un contr\u00f4le pr\u00e9cis lors du d\u00e9placement de la neige.<\/li>\n<li>Le tranchant \u00e0 ressort prot\u00e8ge l&rsquo;\u00e9quipement lors de la rencontre d&rsquo;obstacles.<\/li>\n<li>Le bord d&rsquo;usure rempla\u00e7able r\u00e9duit les besoins d&rsquo;entretien et prolonge la dur\u00e9e de vie utile.<\/li>\n<li>La conception compacte pr\u00e9serve la maniabilit\u00e9 sur les trottoirs, les sentiers et dans les zones urbaines restreintes.<\/li>\n<li>Parfaitement adapt\u00e9 aux municipalit\u00e9s g\u00e9rant \u00e0 la fois le d\u00e9neigement et le nettoyage des d\u00e9bris lors des p\u00e9riodes de transition.<\/li>\n<\/ul>\n<div style=\"padding-bottom: 30px; display: flex; gap: 10px;\"><a class=\"productbtn\" href=\"\/fr\/specpdfs\/COMBI-PLOW-SWEEPER_FR.pdf\" target=\"_blank\" rel=\"noreferrer noopener\">Fiche Technique<\/a><br \/>\n<a class=\"productbtn\" href=\"\/fr\/devis-accessoire\" target=\"_blank\" rel=\"noreferrer noopener\">Obtenez un devis !<\/a><\/div>\n","protected":false},"featured_media":10441,"template":"","meta":[],"product_brand":[326],"product_cat":[28,60,53,69],"product_tag":[327,118,231],"class_list":{"0":"post-10440","1":"product","2":"type-product","3":"status-publish","4":"has-post-thumbnail","6":"product_brand-timan","7":"product_cat-chasse-neige","8":"product_cat-hydraulique-balayeuses","9":"product_cat-technologie-de-balayage","10":"product_cat-technologie-de-controle-de-lhiver-et-de-la-glace","11":"product_tag-balai","12":"product_tag-balayeuse","13":"product_tag-chasse-neige","15":"first","16":"instock","17":"featured","18":"taxable","19":"shipping-taxable","20":"product-type-simple"},"_links":{"self":[{"href":"https:\/\/www.metec.ca\/fr\/wp-json\/wp\/v2\/product\/10440","targetHints":{"allow":["GET"]}}],"collection":[{"href":"https:\/\/www.metec.ca\/fr\/wp-json\/wp\/v2\/product"}],"about":[{"href":"https:\/\/www.metec.ca\/fr\/wp-json\/wp\/v2\/types\/product"}],"wp:featuredmedia":[{"embeddable":true,"href":"https:\/\/www.metec.ca\/fr\/wp-json\/wp\/v2\/media\/10441"}],"wp:attachment":[{"href":"https:\/\/www.metec.ca\/fr\/wp-json\/wp\/v2\/media?parent=10440"}],"wp:term":[{"taxonomy":"product_brand","embeddable":true,"href":"https:\/\/www.metec.ca\/fr\/wp-json\/wp\/v2\/product_brand?post=10440"},{"taxonomy":"product_cat","embeddable":true,"href":"https:\/\/www.metec.ca\/fr\/wp-json\/wp\/v2\/product_cat?post=10440"},{"taxonomy":"product_tag","embeddable":true,"href":"https:\/\/www.metec.ca\/fr\/wp-json\/wp\/v2\/product_tag?post=10440"}],"curies":[{"name":"wp","href":"https:\/\/api.w.org\/{rel}","templated":true}]}}