{"id":3561,"date":"2021-05-06T01:23:10","date_gmt":"2021-05-06T01:23:10","guid":{"rendered":"https:\/\/www.metec.ca\/?page_id=3561"},"modified":"2025-07-09T12:01:35","modified_gmt":"2025-07-09T16:01:35","slug":"nous-joindre","status":"publish","type":"page","link":"https:\/\/www.metec.ca\/fr\/nous-joindre\/","title":{"rendered":"Nous joindre"},"content":{"rendered":"\t\t<div data-elementor-type=\"wp-page\" data-elementor-id=\"3561\" class=\"elementor elementor-3561\" data-elementor-post-type=\"page\">\n\t\t\t\t\t\t<section class=\"elementor-section elementor-top-section elementor-element elementor-element-e13b33d elementor-section-boxed elementor-section-height-default elementor-section-height-default\" data-id=\"e13b33d\" data-element_type=\"section\" data-e-type=\"section\">\n\t\t\t\t\t\t<div class=\"elementor-container elementor-column-gap-default\">\n\t\t\t\t\t<div class=\"elementor-column elementor-col-100 elementor-top-column elementor-element elementor-element-8e68790\" data-id=\"8e68790\" data-element_type=\"column\" data-e-type=\"column\">\n\t\t\t<div class=\"elementor-widget-wrap elementor-element-populated\">\n\t\t\t\t\t\t<div class=\"elementor-element elementor-element-81f489d elementor-invisible elementor-widget elementor-widget-heading\" data-id=\"81f489d\" data-element_type=\"widget\" data-e-type=\"widget\" data-settings=\"{&quot;_animation&quot;:&quot;fadeInDown&quot;}\" data-widget_type=\"heading.default\">\n\t\t\t\t<div class=\"elementor-widget-container\">\n\t\t\t\t\t<h1 class=\"elementor-heading-title elementor-size-default\">Nous aimerions avoir de vos nouvelles<\/h1>\t\t\t\t<\/div>\n\t\t\t\t<\/div>\n\t\t\t\t\t<\/div>\n\t\t<\/div>\n\t\t\t\t\t<\/div>\n\t\t<\/section>\n\t\t\t\t<section class=\"elementor-section elementor-top-section elementor-element elementor-element-228c3c5 elementor-section-boxed elementor-section-height-default elementor-section-height-default\" data-id=\"228c3c5\" data-element_type=\"section\" data-e-type=\"section\">\n\t\t\t\t\t\t<div class=\"elementor-container elementor-column-gap-default\">\n\t\t\t\t\t<div class=\"elementor-column elementor-col-50 elementor-top-column elementor-element elementor-element-ff3790b\" data-id=\"ff3790b\" data-element_type=\"column\" data-e-type=\"column\">\n\t\t\t<div class=\"elementor-widget-wrap elementor-element-populated\">\n\t\t\t\t\t\t<div class=\"elementor-element elementor-element-6bec914 fluentform-widget-submit-button-custom elementor-widget elementor-widget-fluent-form-widget\" data-id=\"6bec914\" data-element_type=\"widget\" data-e-type=\"widget\" data-widget_type=\"fluent-form-widget.default\">\n\t\t\t\t<div class=\"elementor-widget-container\">\n\t\t\t\t\t\n            <div class=\"fluentform-widget-wrapper fluentform-widget-align-default\">\n\n            \n            <div class='fluentform ff-default fluentform_wrapper_4 ffs_default_wrap'><form data-form_id=\"4\" id=\"fluentform_4\" class=\"frm-fluent-form fluent_form_4 ff-el-form-top ff_form_instance_4_1 ff-form-loading ffs_default\" data-form_instance=\"ff_form_instance_4_1\" method=\"POST\" ><fieldset  style=\"border: none!important;margin: 0!important;padding: 0!important;background-color: transparent!important;box-shadow: none!important;outline: none!important; min-inline-size: 100%;\">\n                    <legend class=\"ff_screen_reader_title\" style=\"display: block; margin: 0!important;padding: 0!important;height: 0!important;text-indent: -999999px;width: 0!important;overflow:hidden;\">Contact Us - FR<\/legend><input type='hidden' name='__fluent_form_embded_post_id' value='3561' \/><input type=\"hidden\" id=\"_fluentform_4_fluentformnonce\" name=\"_fluentform_4_fluentformnonce\" value=\"e09484d74d\" \/><input type=\"hidden\" name=\"_wp_http_referer\" value=\"\/fr\/wp-json\/wp\/v2\/pages\/3561\" \/><div data-type=\"name-element\" data-name=\"names\" class=\" ff-field_container ff-name-field-wrapper\" ><div class='ff-t-container'><div class='ff-t-cell '><div class='ff-el-group ff-el-form-top'><div class=\"ff-el-input--label ff-el-is-required asterisk-right\"><label for='ff_4_names_first_name_' id='label_ff_4_names_first_name_' >Nom<\/label><\/div><div class='ff-el-input--content'><input type=\"text\" name=\"names[first_name]\" id=\"ff_4_names_first_name_\" class=\"ff-el-form-control\" placeholder=\"Entrez votre nom :\" aria-invalid=\"false\" aria-required=true><\/div><\/div><\/div><\/div><\/div><div class='ff-el-group'><div class=\"ff-el-input--label ff-el-is-required asterisk-right\"><label for='ff_4_email' id='label_ff_4_email' aria-label=\"Adresse courriel\">Adresse courriel<\/label><\/div><div class='ff-el-input--content'><input type=\"email\" name=\"email\" id=\"ff_4_email\" class=\"ff-el-form-control\" placeholder=\"Entrez votre adresse courriel :\" data-name=\"email\"  aria-invalid=\"false\" aria-required=true><\/div><\/div><div class='ff-el-group'><div class=\"ff-el-input--label ff-el-is-required asterisk-right\"><label for='ff_4_description' id='label_ff_4_description' aria-label=\"Message\">Message<\/label><\/div><div class='ff-el-input--content'><textarea aria-required=\"true\" aria-labelledby=\"label_ff_4_description\" name=\"description\" id=\"ff_4_description\" class=\"ff-el-form-control\" placeholder=\"Entrez votre message :\" rows=\"3\" cols=\"2\" data-name=\"description\" ><\/textarea><\/div><\/div><div class='ff-el-group ff-text-left ff_submit_btn_wrapper'><button type=\"submit\" class=\"ff-btn ff-btn-submit ff-btn-lg ff_btn_style\"  aria-label=\"Envoyer\">Envoyer<\/button><\/div>\t\t<div id=\"cf-turnstile-fluent-735562396\"\r\n\t\tclass=\"cf-turnstile\" \t\tdata-sitekey=\"0x4AAAAAABAntzoEL-lZVgu9\"\r\n\t\tdata-theme=\"light\"\r\n\t\tdata-language=\"auto\"\r\n\t\tdata-size=\"normal\"\r\n\t\tdata-retry=\"auto\" data-retry-interval=\"1000\"\r\n\t\tdata-refresh-expired=\"auto\"\r\n\t\tdata-refresh-timeout=\"auto\"\r\n\t\tdata-action=\"fluent-form-4\"\r\n\t\tdata-callback=\"turnstileFluentCallback\"\r\n\t\t\t\tdata-appearance=\"always\"><\/div>\r\n\t\t\t<script>document.addEventListener(\"DOMContentLoaded\", function() { setTimeout(function(){ var e=document.getElementById(\"cf-turnstile-fluent-735562396\"); if(e&&!e.innerHTML.trim()){turnstile.render(e, {sitekey:\"0x4AAAAAABAntzoEL-lZVgu9\"});} }, 200); });<\/script>\r\n\t\t\t<br class=\"cf-turnstile-br cf-turnstile-br-fluent-735562396\">\r\n\t\t\t\t<style>#cf-turnstile-fluent-735562396 { margin-left: -15px; }<\/style>\r\n\t\t<\/fieldset><\/form><div id='fluentform_4_errors' class='ff-errors-in-stack ff_form_instance_4_1 ff-form-loading_errors ff_form_instance_4_1_errors'><\/div><\/div>            <script type=\"text\/javascript\">\n                window.fluent_form_ff_form_instance_4_1 = {\"id\":\"4\",\"ajaxUrl\":\"https:\\\/\\\/www.metec.ca\\\/fr\\\/wp-admin\\\/admin-ajax.php\",\"settings\":{\"layout\":{\"labelPlacement\":\"top\",\"asteriskPlacement\":\"asterisk-right\",\"helpMessagePlacement\":\"with_label\",\"errorMessagePlacement\":\"inline\",\"cssClassName\":\"\"},\"restrictions\":{\"denyEmptySubmission\":{\"enabled\":false}}},\"form_instance\":\"ff_form_instance_4_1\",\"form_id_selector\":\"fluentform_4\",\"rules\":{\"names[first_name]\":{\"required\":{\"value\":true,\"message\":\"This field is required\",\"global_message\":\"This field is required\",\"global\":true}},\"names[middle_name]\":{\"required\":{\"value\":false,\"message\":\"This field is required\",\"global_message\":\"This field is required\",\"global\":true}},\"names[last_name]\":{\"required\":{\"value\":false,\"message\":\"This field is required\",\"global_message\":\"This field is required\",\"global\":true}},\"email\":{\"required\":{\"value\":true,\"message\":\"This field is required\",\"global_message\":\"This field is required\",\"global\":true},\"email\":{\"value\":true,\"message\":\"This field must contain a valid email\",\"global_message\":\"This field must contain a valid email\",\"global\":true}},\"description\":{\"required\":{\"value\":true,\"message\":\"This field is required\",\"global_message\":\"This field is required\",\"global\":true}}},\"debounce_time\":300};\n                            <\/script>\n                        <\/div>\n\n            \t\t\t\t<\/div>\n\t\t\t\t<\/div>\n\t\t\t\t<section class=\"elementor-section elementor-inner-section elementor-element elementor-element-179f110 elementor-section-boxed elementor-section-height-default elementor-section-height-default\" data-id=\"179f110\" data-element_type=\"section\" data-e-type=\"section\">\n\t\t\t\t\t\t<div class=\"elementor-container elementor-column-gap-default\">\n\t\t\t\t\t<div class=\"elementor-column elementor-col-33 elementor-inner-column elementor-element elementor-element-604a5ec\" data-id=\"604a5ec\" data-element_type=\"column\" data-e-type=\"column\">\n\t\t\t<div class=\"elementor-widget-wrap elementor-element-populated\">\n\t\t\t\t\t\t<div class=\"elementor-element elementor-element-06d7d5d elementor-widget elementor-widget-nm-feature\" data-id=\"06d7d5d\" data-element_type=\"widget\" data-e-type=\"widget\" data-widget_type=\"nm-feature.default\">\n\t\t\t\t<div class=\"elementor-widget-container\">\n\t\t\t\t\t\r\n\t\t\t<div class=\"nm-feature layout-icon_left icon-style-simple bottom-spacing-none\"><div class=\"nm-feature-icon\"><i class=\"pe-7s-paper-plane\"><\/i><\/div>\r\n\t\t\t\t<div class=\"nm-feature-content\"><h2>Contactez-nous<\/h2>\r\n\t\t\t\t\t<div class=\"wpb_text_column\"><p>T\u00e9l\u00e9phone : 613.678.3957<br \/>\n<a href=\"mailto:info@metec.ca\">info@metec.ca<\/a><\/p>\n<\/div>\r\n\t\t\t\t<\/div>\r\n\t\t\t<\/div>\t\t\t\t<\/div>\n\t\t\t\t<\/div>\n\t\t\t\t\t<\/div>\n\t\t<\/div>\n\t\t\t\t<div class=\"elementor-column elementor-col-33 elementor-inner-column elementor-element elementor-element-84832ae\" data-id=\"84832ae\" data-element_type=\"column\" data-e-type=\"column\">\n\t\t\t<div class=\"elementor-widget-wrap elementor-element-populated\">\n\t\t\t\t\t\t<div class=\"elementor-element elementor-element-08bd6f8 elementor-widget elementor-widget-nm-feature\" data-id=\"08bd6f8\" data-element_type=\"widget\" data-e-type=\"widget\" data-widget_type=\"nm-feature.default\">\n\t\t\t\t<div class=\"elementor-widget-container\">\n\t\t\t\t\t\r\n\t\t\t<div class=\"nm-feature layout-icon_left icon-style-simple bottom-spacing-none\"><div class=\"nm-feature-icon\"><i class=\"pe-7s-map-marker\"><\/i><\/div>\r\n\t\t\t\t<div class=\"nm-feature-content\"><h2>Visitez-nous <\/h2>\r\n\t\t\t\t\t<div class=\"wpb_text_column\"><p>20 Terry Fox drive, Vankleek Hill, Ontario K0B 1R0<br \/>\nLundi au jeudi : 8 h \u00e0 17 h<br \/>\nVendredi : 8 h \u00e0 12 h<\/p>\n<\/div>\r\n\t\t\t\t<\/div>\r\n\t\t\t<\/div>\t\t\t\t<\/div>\n\t\t\t\t<\/div>\n\t\t\t\t\t<\/div>\n\t\t<\/div>\n\t\t\t\t<div class=\"elementor-column elementor-col-33 elementor-inner-column elementor-element elementor-element-bbd0d7d\" data-id=\"bbd0d7d\" data-element_type=\"column\" data-e-type=\"column\">\n\t\t\t<div class=\"elementor-widget-wrap elementor-element-populated\">\n\t\t\t\t\t\t<div class=\"elementor-element elementor-element-91b5777 elementor-widget elementor-widget-nm-feature\" data-id=\"91b5777\" data-element_type=\"widget\" data-e-type=\"widget\" data-widget_type=\"nm-feature.default\">\n\t\t\t\t<div class=\"elementor-widget-container\">\n\t\t\t\t\t\r\n\t\t\t<div class=\"nm-feature layout-icon_left icon-style-simple bottom-spacing-none\"><div class=\"nm-feature-icon\"><i class=\"pe-7s-portfolio\"><\/i><\/div>\r\n\t\t\t\t<div class=\"nm-feature-content\"><h2>Travaillez avec nous?<\/h2>\r\n\t\t\t\t\t<div class=\"wpb_text_column\"><p>METEC fait preuve d\u2019un esprit familial et est \u00e0 la recherche de bons joueurs d\u2019\u00e9quipe.<br \/>\n <a href=\"mailto:hr@metec.ca\">hr@metec.ca<\/a><\/p>\n<\/div>\r\n\t\t\t\t<\/div>\r\n\t\t\t<\/div>\t\t\t\t<\/div>\n\t\t\t\t<\/div>\n\t\t\t\t\t<\/div>\n\t\t<\/div>\n\t\t\t\t\t<\/div>\n\t\t<\/section>\n\t\t\t\t\t<\/div>\n\t\t<\/div>\n\t\t\t\t<div class=\"elementor-column elementor-col-50 elementor-top-column elementor-element elementor-element-35530fd\" data-id=\"35530fd\" data-element_type=\"column\" data-e-type=\"column\">\n\t\t\t<div class=\"elementor-widget-wrap elementor-element-populated\">\n\t\t\t\t\t\t<div class=\"elementor-element elementor-element-7da8376 elementor-widget elementor-widget-text-editor\" data-id=\"7da8376\" data-element_type=\"widget\" data-e-type=\"widget\" data-widget_type=\"text-editor.default\">\n\t\t\t\t<div class=\"elementor-widget-container\">\n\t\t\t\t\t\t\t\t\t<p><strong>Fondateur et pr\u00e9sident<\/strong>\u00a0\u2013 poste 201<br \/><a href=\"mailto:cwalz@metec.ca\">Christian Walz<\/a><\/p><p><strong>Vice-pr\u00e9sidente principale, Finances et administration<\/strong>\u00a0\u2013 poste 202<br \/><a href=\"mailto:shigi@metec.ca\">Shigi Walz<\/a><\/p><p><strong>Vice-pr\u00e9sident, Op\u00e9rations<\/strong> \u2013 poste 207<br \/><a href=\"mailto:mwalz@metec.ca\">Marc Walz<\/a><\/p><p><strong>Responsable Marketing et TI<\/strong> \u2013 poste 204<br \/><a href=\"mailto:bmartin@metec.ca\">Ben Martin<\/a><\/p><p><strong>Conception et support technique<\/strong> \u2013 poste 212<br \/><a href=\"mailto:cmacwhirter@metec.ca\">Cole MacWhirter<\/a><\/p><p><strong>Achats<\/strong> \u2013 poste 205<br \/><a href=\"mailto:purchasing@metec.ca\">Pat Cote<\/a><\/p><p><strong>Exp\u00e9dition et r\u00e9ception<\/strong> \u2013 poste 211<br \/><a href=\"mailto:oetelaar@metec.ca\">Jenn Oetelaar<\/a><\/p><p><strong>R\u00e9ception<\/strong> \u2013 poste 201<br \/><a href=\"mailto:megerton@metec.ca\">Marie Egerton<\/a><\/p>\t\t\t\t\t\t\t\t<\/div>\n\t\t\t\t<\/div>\n\t\t\t\t\t<\/div>\n\t\t<\/div>\n\t\t\t\t\t<\/div>\n\t\t<\/section>\n\t\t\t\t<section class=\"elementor-section elementor-top-section elementor-element elementor-element-4420008 elementor-section-boxed elementor-section-height-default elementor-section-height-default\" data-id=\"4420008\" data-element_type=\"section\" data-e-type=\"section\">\n\t\t\t\t\t\t<div class=\"elementor-container elementor-column-gap-default\">\n\t\t\t\t\t<div class=\"elementor-column elementor-col-100 elementor-top-column elementor-element elementor-element-44b9c42\" data-id=\"44b9c42\" data-element_type=\"column\" data-e-type=\"column\">\n\t\t\t<div class=\"elementor-widget-wrap elementor-element-populated\">\n\t\t\t\t\t\t<div class=\"elementor-element elementor-element-2ea5f10 elementor-widget elementor-widget-heading\" data-id=\"2ea5f10\" data-element_type=\"widget\" data-e-type=\"widget\" data-widget_type=\"heading.default\">\n\t\t\t\t<div class=\"elementor-widget-container\">\n\t\t\t\t\t<h2 class=\"elementor-heading-title elementor-size-default\">\u00c9quipe METEC <\/h2>\t\t\t\t<\/div>\n\t\t\t\t<\/div>\n\t\t\t\t<section class=\"elementor-section elementor-inner-section elementor-element elementor-element-bfc3d53 elementor-section-boxed elementor-section-height-default elementor-section-height-default\" data-id=\"bfc3d53\" data-element_type=\"section\" data-e-type=\"section\">\n\t\t\t\t\t\t<div class=\"elementor-container elementor-column-gap-default\">\n\t\t\t\t\t<div class=\"elementor-column elementor-col-50 elementor-inner-column elementor-element elementor-element-3b44726\" data-id=\"3b44726\" data-element_type=\"column\" data-e-type=\"column\">\n\t\t\t<div class=\"elementor-widget-wrap\">\n\t\t\t\t\t\t\t<\/div>\n\t\t<\/div>\n\t\t\t\t<div class=\"elementor-column elementor-col-50 elementor-inner-column elementor-element elementor-element-ef8f5ac\" data-id=\"ef8f5ac\" data-element_type=\"column\" data-e-type=\"column\">\n\t\t\t<div class=\"elementor-widget-wrap elementor-element-populated\">\n\t\t\t\t\t\t<div class=\"elementor-element elementor-element-732299a elementor-widget elementor-widget-nm-team\" data-id=\"732299a\" data-element_type=\"widget\" data-e-type=\"widget\" data-widget_type=\"nm-team.default\">\n\t\t\t\t<div class=\"elementor-widget-container\">\n\t\t\t\t\t\r\n\t\t\t<ul class=\"nm-team small-block-grid-2 medium-block-grid-2 large-block-grid-4\">\r\n\t\t\t\t<li>\r\n\t\t\t\t\t<div class=\"nm-team-member\">\r\n\t\t\t\t\t\t<div class=\"nm-team-member-image rounded\"><img decoding=\"async\" src=\"https:\/\/www.metec.ca\/fr\/wp-content\/uploads\/2015\/08\/Christian-e1691422360721.jpg\" alt=\"Christian Walz\" \/>\r\n\t\t\t\t\t\t\t<div class=\"nm-team-member-overlay\"><ul class=\"nm-team-member-social-icons\"><li><a href=\"mailto:cwalz@metec.ca\" target=\"_blank\"><i class=\"nm-font nm-font-envelope\"><\/i><\/a><\/li><\/ul>\r\n\t\t\t\t\t\t\t<\/div>\r\n\t\t\t\t\t\t<\/div>\r\n\t\t\t\t\t\t<div class=\"nm-team-member-content\"><h2>Christian Walz<\/h2><h3>Fondateur et pr\u00e9sident<\/h3><div class=\"wpb_text_column\"><\/div>\r\n\t\t\t\t\t\t<\/div>\r\n\t\t\t\t\t<\/div>\r\n\t\t\t\t<\/li>\r\n\t\t\t\t<li>\r\n\t\t\t\t\t<div class=\"nm-team-member\">\r\n\t\t\t\t\t\t<div class=\"nm-team-member-image rounded\"><img decoding=\"async\" src=\"https:\/\/www.metec.ca\/fr\/wp-content\/uploads\/2020\/03\/Shigi-1.jpg\" alt=\"Shigi\" \/>\r\n\t\t\t\t\t\t\t<div class=\"nm-team-member-overlay\"><ul class=\"nm-team-member-social-icons\"><li><a href=\"mailto:shigi@metec.ca\" target=\"_blank\"><i class=\"nm-font nm-font-envelope\"><\/i><\/a><\/li><\/ul>\r\n\t\t\t\t\t\t\t<\/div>\r\n\t\t\t\t\t\t<\/div>\r\n\t\t\t\t\t\t<div class=\"nm-team-member-content\"><h2>Shigi Walz<\/h2><h3>Vice-pr\u00e9sidente principale, Finances et administration<\/h3><div class=\"wpb_text_column\"><\/div>\r\n\t\t\t\t\t\t<\/div>\r\n\t\t\t\t\t<\/div>\r\n\t\t\t\t<\/li>\r\n\t\t\t\t<li>\r\n\t\t\t\t\t<div class=\"nm-team-member\">\r\n\t\t\t\t\t\t<div class=\"nm-team-member-image rounded\"><img decoding=\"async\" src=\"https:\/\/www.metec.ca\/fr\/wp-content\/uploads\/2020\/04\/Marc-Walz-e1691423542926.jpg\" alt=\"Marc-Walz\" \/>\r\n\t\t\t\t\t\t\t<div class=\"nm-team-member-overlay\"><ul class=\"nm-team-member-social-icons\"><li><a href=\"mailto:mwalz@metec.ca\" target=\"_blank\"><i class=\"nm-font nm-font-envelope\"><\/i><\/a><\/li><\/ul>\r\n\t\t\t\t\t\t\t<\/div>\r\n\t\t\t\t\t\t<\/div>\r\n\t\t\t\t\t\t<div class=\"nm-team-member-content\"><h2>Marc Walz<\/h2><h3>Vice-pr\u00e9sident aux op\u00e9rations<\/h3><div class=\"wpb_text_column\"><\/div>\r\n\t\t\t\t\t\t<\/div>\r\n\t\t\t\t\t<\/div>\r\n\t\t\t\t<\/li>\r\n\t\t\t<\/ul>\t\t\t\t<\/div>\n\t\t\t\t<\/div>\n\t\t\t\t\t<\/div>\n\t\t<\/div>\n\t\t\t\t\t<\/div>\n\t\t<\/section>\n\t\t\t\t\t<\/div>\n\t\t<\/div>\n\t\t\t\t\t<\/div>\n\t\t<\/section>\n\t\t\t\t<section class=\"elementor-section elementor-top-section elementor-element elementor-element-51e2676 elementor-section-full_width elementor-section-height-default elementor-section-height-default\" data-id=\"51e2676\" data-element_type=\"section\" data-e-type=\"section\">\n\t\t\t\t\t\t<div class=\"elementor-container elementor-column-gap-default\">\n\t\t\t\t\t<div class=\"elementor-column elementor-col-100 elementor-top-column elementor-element elementor-element-f2fc29f\" data-id=\"f2fc29f\" data-element_type=\"column\" data-e-type=\"column\">\n\t\t\t<div class=\"elementor-widget-wrap elementor-element-populated\">\n\t\t\t\t\t\t<div class=\"elementor-element elementor-element-0c94695 elementor-widget elementor-widget-google_maps\" data-id=\"0c94695\" data-element_type=\"widget\" data-e-type=\"widget\" data-widget_type=\"google_maps.default\">\n\t\t\t\t<div class=\"elementor-widget-container\">\n\t\t\t\t\t\t\t<div class=\"elementor-custom-embed\">\n\t\t\t<iframe loading=\"lazy\"\n\t\t\t\t\tsrc=\"https:\/\/maps.google.com\/maps?q=20%20Terry%20Fox%20Drive%2C%20Vankleek%20Hill%2C%20Ontario&#038;t=m&#038;z=10&#038;output=embed&#038;iwloc=near\"\n\t\t\t\t\ttitle=\"20 Terry Fox Drive, Vankleek Hill, Ontario\"\n\t\t\t\t\taria-label=\"20 Terry Fox Drive, Vankleek Hill, Ontario\"\n\t\t\t><\/iframe>\n\t\t<\/div>\n\t\t\t\t\t\t<\/div>\n\t\t\t\t<\/div>\n\t\t\t\t\t<\/div>\n\t\t<\/div>\n\t\t\t\t\t<\/div>\n\t\t<\/section>\n\t\t\t\t<\/div>\n\t\t","protected":false},"excerpt":{"rendered":"<p>Nous aimerions avoir de vos nouvelles Contact Us &#8211; FR NomAdresse courrielMessageEnvoyer Contactez-nous T\u00e9l\u00e9phone : 613.678.3957 info@metec.ca Visitez-nous 20 Terry Fox drive, Vankleek Hill, Ontario K0B 1R0 Lundi au jeudi : 8 h \u00e0 17 h Vendredi : 8 h \u00e0 12 h Travaillez avec nous? METEC fait preuve d\u2019un esprit familial et est \u00e0 &hellip;<\/p>\n","protected":false},"author":3,"featured_media":0,"parent":0,"menu_order":0,"comment_status":"closed","ping_status":"closed","template":"","meta":{"footnotes":""},"class_list":["post-3561","page","type-page","status-publish","hentry"],"_links":{"self":[{"href":"https:\/\/www.metec.ca\/fr\/wp-json\/wp\/v2\/pages\/3561","targetHints":{"allow":["GET"]}}],"collection":[{"href":"https:\/\/www.metec.ca\/fr\/wp-json\/wp\/v2\/pages"}],"about":[{"href":"https:\/\/www.metec.ca\/fr\/wp-json\/wp\/v2\/types\/page"}],"author":[{"embeddable":true,"href":"https:\/\/www.metec.ca\/fr\/wp-json\/wp\/v2\/users\/3"}],"replies":[{"embeddable":true,"href":"https:\/\/www.metec.ca\/fr\/wp-json\/wp\/v2\/comments?post=3561"}],"version-history":[{"count":35,"href":"https:\/\/www.metec.ca\/fr\/wp-json\/wp\/v2\/pages\/3561\/revisions"}],"predecessor-version":[{"id":9502,"href":"https:\/\/www.metec.ca\/fr\/wp-json\/wp\/v2\/pages\/3561\/revisions\/9502"}],"wp:attachment":[{"href":"https:\/\/www.metec.ca\/fr\/wp-json\/wp\/v2\/media?parent=3561"}],"curies":[{"name":"wp","href":"https:\/\/api.w.org\/{rel}","templated":true}]}}