{"id":3556,"date":"2021-05-06T02:48:00","date_gmt":"2021-05-06T02:48:00","guid":{"rendered":"https:\/\/www.metec.ca\/?page_id=3556"},"modified":"2024-08-22T16:08:58","modified_gmt":"2024-08-22T20:08:58","slug":"a-propos","status":"publish","type":"page","link":"https:\/\/www.metec.ca\/fr\/a-propos\/","title":{"rendered":"\u00c0 propos"},"content":{"rendered":"\t\t<div data-elementor-type=\"wp-page\" data-elementor-id=\"3556\" class=\"elementor elementor-3556\" data-elementor-post-type=\"page\">\n\t\t\t\t\t\t<section class=\"elementor-section elementor-top-section elementor-element elementor-element-2323f1c elementor-section-boxed elementor-section-height-default elementor-section-height-default\" data-id=\"2323f1c\" data-element_type=\"section\" data-e-type=\"section\">\n\t\t\t\t\t\t<div class=\"elementor-container elementor-column-gap-default\">\n\t\t\t\t\t<div class=\"elementor-column elementor-col-100 elementor-top-column elementor-element elementor-element-d2f6aa5\" data-id=\"d2f6aa5\" data-element_type=\"column\" data-e-type=\"column\">\n\t\t\t<div class=\"elementor-widget-wrap elementor-element-populated\">\n\t\t\t\t\t\t<div class=\"elementor-element elementor-element-05a8ec3 elementor-widget elementor-widget-spacer\" data-id=\"05a8ec3\" data-element_type=\"widget\" data-e-type=\"widget\" data-widget_type=\"spacer.default\">\n\t\t\t\t<div class=\"elementor-widget-container\">\n\t\t\t\t\t\t\t<div class=\"elementor-spacer\">\n\t\t\t<div class=\"elementor-spacer-inner\"><\/div>\n\t\t<\/div>\n\t\t\t\t\t\t<\/div>\n\t\t\t\t<\/div>\n\t\t\t\t<div class=\"elementor-element elementor-element-e5cf102 elementor-invisible elementor-widget elementor-widget-heading\" data-id=\"e5cf102\" data-element_type=\"widget\" data-e-type=\"widget\" data-settings=\"{&quot;_animation&quot;:&quot;fadeInDown&quot;}\" data-widget_type=\"heading.default\">\n\t\t\t\t<div class=\"elementor-widget-container\">\n\t\t\t\t\t<h1 class=\"elementor-heading-title elementor-size-default\">Notre histoire<\/h1>\t\t\t\t<\/div>\n\t\t\t\t<\/div>\n\t\t\t\t<div class=\"elementor-element elementor-element-0cdf38d elementor-widget elementor-widget-spacer\" data-id=\"0cdf38d\" data-element_type=\"widget\" data-e-type=\"widget\" data-widget_type=\"spacer.default\">\n\t\t\t\t<div class=\"elementor-widget-container\">\n\t\t\t\t\t\t\t<div class=\"elementor-spacer\">\n\t\t\t<div class=\"elementor-spacer-inner\"><\/div>\n\t\t<\/div>\n\t\t\t\t\t\t<\/div>\n\t\t\t\t<\/div>\n\t\t\t\t<div class=\"elementor-element elementor-element-86fcaa7 elementor-widget elementor-widget-image\" data-id=\"86fcaa7\" data-element_type=\"widget\" data-e-type=\"widget\" data-widget_type=\"image.default\">\n\t\t\t\t<div class=\"elementor-widget-container\">\n\t\t\t\t\t\t\t\t\t\t\t\t\t\t\t<img fetchpriority=\"high\" decoding=\"async\" width=\"1024\" height=\"434\" src=\"https:\/\/www.metec.ca\/fr\/wp-content\/uploads\/2023\/06\/metec-copy.jpg\" class=\"attachment-full size-full wp-image-5341\" alt=\"\" srcset=\"https:\/\/www.metec.ca\/fr\/wp-content\/uploads\/2023\/06\/metec-copy.jpg 1024w, https:\/\/www.metec.ca\/fr\/wp-content\/uploads\/2023\/06\/metec-copy-300x127.jpg 300w, https:\/\/www.metec.ca\/fr\/wp-content\/uploads\/2023\/06\/metec-copy-150x64.jpg 150w, https:\/\/www.metec.ca\/fr\/wp-content\/uploads\/2023\/06\/metec-copy-768x326.jpg 768w, https:\/\/www.metec.ca\/fr\/wp-content\/uploads\/2023\/06\/metec-copy-350x148.jpg 350w, https:\/\/www.metec.ca\/fr\/wp-content\/uploads\/2023\/06\/metec-copy-680x288.jpg 680w\" sizes=\"(max-width: 1024px) 100vw, 1024px\" \/>\t\t\t\t\t\t\t\t\t\t\t\t\t\t\t<\/div>\n\t\t\t\t<\/div>\n\t\t\t\t<section class=\"elementor-section elementor-inner-section elementor-element elementor-element-13b1c07 elementor-section-full_width elementor-section-height-default elementor-section-height-default\" data-id=\"13b1c07\" data-element_type=\"section\" data-e-type=\"section\">\n\t\t\t\t\t\t<div class=\"elementor-container elementor-column-gap-default\">\n\t\t\t\t\t<div class=\"elementor-column elementor-col-50 elementor-inner-column elementor-element elementor-element-85b218f\" data-id=\"85b218f\" data-element_type=\"column\" data-e-type=\"column\">\n\t\t\t<div class=\"elementor-widget-wrap elementor-element-populated\">\n\t\t\t\t\t\t<div class=\"elementor-element elementor-element-fba5ace elementor-widget elementor-widget-heading\" data-id=\"fba5ace\" data-element_type=\"widget\" data-e-type=\"widget\" data-widget_type=\"heading.default\">\n\t\t\t\t<div class=\"elementor-widget-container\">\n\t\t\t\t\t<h2 class=\"elementor-heading-title elementor-size-default\">\u00c0 propos de METEC<\/h2>\t\t\t\t<\/div>\n\t\t\t\t<\/div>\n\t\t\t\t\t<\/div>\n\t\t<\/div>\n\t\t\t\t<div class=\"elementor-column elementor-col-50 elementor-inner-column elementor-element elementor-element-fb5dcd7\" data-id=\"fb5dcd7\" data-element_type=\"column\" data-e-type=\"column\">\n\t\t\t<div class=\"elementor-widget-wrap elementor-element-populated\">\n\t\t\t\t\t\t<div class=\"elementor-element elementor-element-1f50a6e elementor-widget elementor-widget-text-editor\" data-id=\"1f50a6e\" data-element_type=\"widget\" data-e-type=\"widget\" data-widget_type=\"text-editor.default\">\n\t\t\t\t<div class=\"elementor-widget-container\">\n\t\t\t\t\t\t\t\t\t<p>En 1995, Christian et Shigi Walz ont \u00e9tabli leur entreprise familiale dans le parc d\u2019affaires de Vankleek Hill. Cet endroit a \u00e9t\u00e9 choisi pour sa facilit\u00e9 d\u2019acc\u00e8s aux march\u00e9s\u00a0: Montr\u00e9al, Ottawa et les \u00c9tats-Unis.<\/p><p>Au d\u00e9but, METEC fournissait des services d\u2019atelier d\u2019usinage et de m\u00e9caniciens-monteurs \u00e0 des clients industriels et agricoles locaux, tout en offrant des emplois aux employ\u00e9s qualifi\u00e9s et des occasions de formations aux apprentis. Aujourd\u2019hui, apr\u00e8s une p\u00e9riode de croissance constante et quatre expansions consid\u00e9rables, l\u2019entreprise continue \u00e0 offrir des services d\u2019usinage de pr\u00e9cision, de fabrication, de manufacture et d\u2019assemblage ainsi que des services de prototypes et de design sur mesure, en plus d\u2019une \u00e9cole de formation d\u2019apprentis. La formation \u00e0 l\u2019intention des op\u00e9rateurs d\u2019\u00e9quipement est offerte sur demande.<\/p><p>METEC collabore \u00e9galement avec diverses entreprises canadiennes et internationales pour introduire des technologies innovantes sur les march\u00e9s nord-am\u00e9ricains et \u00e9largir ses capacit\u00e9s de r\u00e9solution de probl\u00e8mes.<\/p>\t\t\t\t\t\t\t\t<\/div>\n\t\t\t\t<\/div>\n\t\t\t\t\t<\/div>\n\t\t<\/div>\n\t\t\t\t\t<\/div>\n\t\t<\/section>\n\t\t\t\t<section class=\"elementor-section elementor-inner-section elementor-element elementor-element-d4391bf elementor-section-boxed elementor-section-height-default elementor-section-height-default\" data-id=\"d4391bf\" data-element_type=\"section\" data-e-type=\"section\">\n\t\t\t\t\t\t<div class=\"elementor-container elementor-column-gap-default\">\n\t\t\t\t\t<div class=\"elementor-column elementor-col-50 elementor-inner-column elementor-element elementor-element-50050ca\" data-id=\"50050ca\" data-element_type=\"column\" data-e-type=\"column\">\n\t\t\t<div class=\"elementor-widget-wrap elementor-element-populated\">\n\t\t\t\t\t\t<div class=\"elementor-element elementor-element-11d7a57 elementor-widget elementor-widget-heading\" data-id=\"11d7a57\" data-element_type=\"widget\" data-e-type=\"widget\" data-widget_type=\"heading.default\">\n\t\t\t\t<div class=\"elementor-widget-container\">\n\t\t\t\t\t<h2 class=\"elementor-heading-title elementor-size-default\">Nous joindre<\/h2>\t\t\t\t<\/div>\n\t\t\t\t<\/div>\n\t\t\t\t\t<\/div>\n\t\t<\/div>\n\t\t\t\t<div class=\"elementor-column elementor-col-50 elementor-inner-column elementor-element elementor-element-d7fa445\" data-id=\"d7fa445\" data-element_type=\"column\" data-e-type=\"column\">\n\t\t\t<div class=\"elementor-widget-wrap elementor-element-populated\">\n\t\t\t\t\t\t<div class=\"elementor-element elementor-element-fe08a46 elementor-widget elementor-widget-text-editor\" data-id=\"fe08a46\" data-element_type=\"widget\" data-e-type=\"widget\" data-widget_type=\"text-editor.default\">\n\t\t\t\t<div class=\"elementor-widget-container\">\n\t\t\t\t\t\t\t\t\t<p><strong>T\u00e9l\u00e9phone\u00a0:<\/strong> 613-678-3957<br \/><a href=\"mailto:info@metec.ca\">info@metec.ca<\/a><\/p><p><strong>METEC Metal Technology Inc.<br \/><\/strong>20 Terry Fox Drive, C.P. 781<br \/>Vankleek Hill, Ontario<br \/>K0B 1R0<\/p><p><strong>Lundi au jeudi\u00a0:<\/strong> 8\u00a0h \u00e0 17\u00a0h<br \/><strong>Vendredi\u00a0:<\/strong> 8\u00a0h \u00e0 12\u00a0h<\/p>\t\t\t\t\t\t\t\t<\/div>\n\t\t\t\t<\/div>\n\t\t\t\t\t<\/div>\n\t\t<\/div>\n\t\t\t\t\t<\/div>\n\t\t<\/section>\n\t\t\t\t<section class=\"elementor-section elementor-inner-section elementor-element elementor-element-9fed476 elementor-section-boxed elementor-section-height-default elementor-section-height-default\" data-id=\"9fed476\" data-element_type=\"section\" data-e-type=\"section\">\n\t\t\t\t\t\t<div class=\"elementor-container elementor-column-gap-default\">\n\t\t\t\t\t<div class=\"elementor-column elementor-col-25 elementor-inner-column elementor-element elementor-element-bcf159b\" data-id=\"bcf159b\" data-element_type=\"column\" data-e-type=\"column\">\n\t\t\t<div class=\"elementor-widget-wrap\">\n\t\t\t\t\t\t\t<\/div>\n\t\t<\/div>\n\t\t\t\t<div class=\"elementor-column elementor-col-25 elementor-inner-column elementor-element elementor-element-d7482d7\" data-id=\"d7482d7\" data-element_type=\"column\" data-e-type=\"column\">\n\t\t\t<div class=\"elementor-widget-wrap elementor-element-populated\">\n\t\t\t\t\t\t<div class=\"elementor-element elementor-element-4875f5d elementor-position-top elementor-widget elementor-widget-image-box\" data-id=\"4875f5d\" data-element_type=\"widget\" data-e-type=\"widget\" data-widget_type=\"image-box.default\">\n\t\t\t\t<div class=\"elementor-widget-container\">\n\t\t\t\t\t<div class=\"elementor-image-box-wrapper\"><figure class=\"elementor-image-box-img\"><img decoding=\"async\" src=\"https:\/\/www.metec.ca\/fr\/wp-content\/uploads\/elementor\/thumbs\/Christian-e1691422360721-qsuljm5n0k5j3vo296rmmrm90msbxkness9f2uaguo.jpg\" title=\"Christian Walz\" alt=\"Christian Walz\" loading=\"lazy\" \/><\/figure><div class=\"elementor-image-box-content\"><h5 class=\"elementor-image-box-title\">Christian Walz<\/h5><p class=\"elementor-image-box-description\">Pr\u00e9sident fondateur<\/p><\/div><\/div>\t\t\t\t<\/div>\n\t\t\t\t<\/div>\n\t\t\t\t\t<\/div>\n\t\t<\/div>\n\t\t\t\t<div class=\"elementor-column elementor-col-25 elementor-inner-column elementor-element elementor-element-03b24b1\" data-id=\"03b24b1\" data-element_type=\"column\" data-e-type=\"column\">\n\t\t\t<div class=\"elementor-widget-wrap elementor-element-populated\">\n\t\t\t\t\t\t<div class=\"elementor-element elementor-element-04efb21 elementor-position-top elementor-widget elementor-widget-image-box\" data-id=\"04efb21\" data-element_type=\"widget\" data-e-type=\"widget\" data-widget_type=\"image-box.default\">\n\t\t\t\t<div class=\"elementor-widget-container\">\n\t\t\t\t\t<div class=\"elementor-image-box-wrapper\"><figure class=\"elementor-image-box-img\"><img decoding=\"async\" src=\"https:\/\/www.metec.ca\/fr\/wp-content\/uploads\/elementor\/thumbs\/Shigi-1-qsulhpjf5njlkcfqdv3v2qxlni6jbo307cmz1n47gw.jpg\" title=\"Shigi\" alt=\"Shigi\" loading=\"lazy\" \/><\/figure><div class=\"elementor-image-box-content\"><h5 class=\"elementor-image-box-title\">Shigi Walz<\/h5><p class=\"elementor-image-box-description\">Vice-pr\u00e9sidente directrice aux <br>\nfinances et \u00e0 l\u2019administration<\/p><\/div><\/div>\t\t\t\t<\/div>\n\t\t\t\t<\/div>\n\t\t\t\t\t<\/div>\n\t\t<\/div>\n\t\t\t\t<div class=\"elementor-column elementor-col-25 elementor-inner-column elementor-element elementor-element-3063307\" data-id=\"3063307\" data-element_type=\"column\" data-e-type=\"column\">\n\t\t\t<div class=\"elementor-widget-wrap elementor-element-populated\">\n\t\t\t\t\t\t<div class=\"elementor-element elementor-element-9019c73 elementor-position-top elementor-widget elementor-widget-image-box\" data-id=\"9019c73\" data-element_type=\"widget\" data-e-type=\"widget\" data-widget_type=\"image-box.default\">\n\t\t\t\t<div class=\"elementor-widget-container\">\n\t\t\t\t\t<div class=\"elementor-image-box-wrapper\"><figure class=\"elementor-image-box-img\"><img decoding=\"async\" src=\"https:\/\/www.metec.ca\/fr\/wp-content\/uploads\/elementor\/thumbs\/Marc-Walz-e1691423542926-qsulh8mbqmwfrd4b4nsktv7aykhxh47u50w8entakw.jpg\" title=\"Marc-Walz\" alt=\"Marc Walz\" loading=\"lazy\" \/><\/figure><div class=\"elementor-image-box-content\"><h5 class=\"elementor-image-box-title\">Marc Walz<\/h5><p class=\"elementor-image-box-description\">Vice-pr\u00e9sident aux op\u00e9rations<\/p><\/div><\/div>\t\t\t\t<\/div>\n\t\t\t\t<\/div>\n\t\t\t\t\t<\/div>\n\t\t<\/div>\n\t\t\t\t\t<\/div>\n\t\t<\/section>\n\t\t\t\t<section class=\"elementor-section elementor-inner-section elementor-element elementor-element-7f02933 elementor-section-boxed elementor-section-height-default elementor-section-height-default\" data-id=\"7f02933\" data-element_type=\"section\" data-e-type=\"section\">\n\t\t\t\t\t\t<div class=\"elementor-container elementor-column-gap-default\">\n\t\t\t\t\t<div class=\"elementor-column elementor-col-100 elementor-inner-column elementor-element elementor-element-a4b30d3\" data-id=\"a4b30d3\" data-element_type=\"column\" data-e-type=\"column\">\n\t\t\t<div class=\"elementor-widget-wrap elementor-element-populated\">\n\t\t\t\t\t\t<div class=\"elementor-element elementor-element-200eddf elementor-widget elementor-widget-heading\" data-id=\"200eddf\" data-element_type=\"widget\" data-e-type=\"widget\" data-widget_type=\"heading.default\">\n\t\t\t\t<div class=\"elementor-widget-container\">\n\t\t\t\t\t<h2 class=\"elementor-heading-title elementor-size-default\">T\u00e9moignages<\/h2>\t\t\t\t<\/div>\n\t\t\t\t<\/div>\n\t\t\t\t\t<\/div>\n\t\t<\/div>\n\t\t\t\t\t<\/div>\n\t\t<\/section>\n\t\t\t\t<section class=\"elementor-section elementor-inner-section elementor-element elementor-element-8da9ed5 elementor-section-boxed elementor-section-height-default elementor-section-height-default\" data-id=\"8da9ed5\" data-element_type=\"section\" data-e-type=\"section\">\n\t\t\t\t\t\t<div class=\"elementor-container elementor-column-gap-default\">\n\t\t\t\t\t<div class=\"elementor-column elementor-col-100 elementor-inner-column elementor-element elementor-element-9da7112\" data-id=\"9da7112\" data-element_type=\"column\" data-e-type=\"column\">\n\t\t\t<div class=\"elementor-widget-wrap elementor-element-populated\">\n\t\t\t\t\t\t<div class=\"elementor-element elementor-element-3eb8525 elementor-testimonial--skin-default elementor-testimonial--layout-image_inline elementor-testimonial--align-center elementor-arrows-yes elementor-pagination-type-bullets elementor-widget elementor-widget-testimonial-carousel\" data-id=\"3eb8525\" data-element_type=\"widget\" data-e-type=\"widget\" data-settings=\"{&quot;speed&quot;:900,&quot;autoplay_speed&quot;:10000,&quot;show_arrows&quot;:&quot;yes&quot;,&quot;pagination&quot;:&quot;bullets&quot;,&quot;autoplay&quot;:&quot;yes&quot;,&quot;loop&quot;:&quot;yes&quot;,&quot;pause_on_hover&quot;:&quot;yes&quot;,&quot;pause_on_interaction&quot;:&quot;yes&quot;,&quot;space_between&quot;:{&quot;unit&quot;:&quot;px&quot;,&quot;size&quot;:10,&quot;sizes&quot;:[]},&quot;space_between_tablet&quot;:{&quot;unit&quot;:&quot;px&quot;,&quot;size&quot;:10,&quot;sizes&quot;:[]},&quot;space_between_mobile&quot;:{&quot;unit&quot;:&quot;px&quot;,&quot;size&quot;:10,&quot;sizes&quot;:[]}}\" data-widget_type=\"testimonial-carousel.default\">\n\t\t\t\t<div class=\"elementor-widget-container\">\n\t\t\t\t\t\t\t\t\t<div class=\"elementor-swiper\">\n\t\t\t\t\t<div class=\"elementor-main-swiper swiper\" role=\"region\" aria-roledescription=\"carousel\" aria-label=\"Diapositives\">\n\t\t\t\t<div class=\"swiper-wrapper\">\n\t\t\t\t\t\t\t\t\t\t\t<div class=\"swiper-slide\" role=\"group\" aria-roledescription=\"slide\">\n\t\t\t\t\t\t\t\t\t<div class=\"elementor-testimonial\">\n\t\t\t\t\t\t\t<div class=\"elementor-testimonial__content\">\n\t\t\t\t\t<div class=\"elementor-testimonial__text\">\n\t\t\t\t\t\tNous avons re\u00e7u de nombreuses remarques encourageantes lorsque les gens ont vu le nouveau d\u00e9givreur. Je suis heureux d'avoir METEC \u00e0 nos c\u00f4t\u00e9s. Les gens ont fait des commentaires sur la propret\u00e9 des soudures et la qualit\u00e9 de la construction.\u00a0 C'est exactement ce que je recherche en termes de r\u00e9putation.\t\t\t\t\t<\/div>\n\t\t\t\t\t\t\t\t\t<\/div>\n\t\t\t\t\t\t<div class=\"elementor-testimonial__footer\">\n\t\t\t\t\t\t\t\t\t<div class=\"elementor-testimonial__image\">\n\t\t\t\t\t\t<img decoding=\"async\" src=\"https:\/\/www.metec.ca\/fr\/wp-content\/uploads\/2024\/08\/WingArmor.webp\" alt=\"&lt;i&gt;Traduction du t\u00e9moignage de&lt;\/i&gt; Walter R.\">\n\t\t\t\t\t\t\t\t\t\t\t<\/div>\n\t\t\t\t\t\t\t\t<cite class=\"elementor-testimonial__cite\"><span class=\"elementor-testimonial__name\"><i>Traduction du t\u00e9moignage de<\/i> Walter R.<\/span><span class=\"elementor-testimonial__title\">Wing Armor<\/span><\/cite>\t\t\t<\/div>\n\t\t<\/div>\n\t\t\t\t\t\t\t\t<\/div>\n\t\t\t\t\t\t\t\t\t\t\t<div class=\"swiper-slide\" role=\"group\" aria-roledescription=\"slide\">\n\t\t\t\t\t\t\t\t\t<div class=\"elementor-testimonial\">\n\t\t\t\t\t\t\t<div class=\"elementor-testimonial__content\">\n\t\t\t\t\t<div class=\"elementor-testimonial__text\">\n\t\t\t\t\t\tVotre \u00e9quipe a fait un excellent travail. Je n\u2019aurais pas pu demander mieux. Comme toujours METEC s\u2019est montr\u00e9 \u00e0 la hauteur pour Muskoka dans cette affaire.  Je suis heureux d\u2019avoir envoy\u00e9 ce bon de commande personnalis\u00e9 et je voulais vous le faire savoir. Encore une fois, bon travail et j\u2019ai h\u00e2te de travailler ensemble sur tous nos besoins en mati\u00e8re de fabrication \u00e0 l\u2019avenir.\t\t\t\t\t<\/div>\n\t\t\t\t\t\t\t\t\t<\/div>\n\t\t\t\t\t\t<div class=\"elementor-testimonial__footer\">\n\t\t\t\t\t\t\t\t\t<div class=\"elementor-testimonial__image\">\n\t\t\t\t\t\t<img decoding=\"async\" src=\"https:\/\/www.metec.ca\/fr\/wp-content\/uploads\/2020\/05\/muskoka.png\" alt=\"&lt;i&gt;Traduction du t\u00e9moignage de&lt;\/i&gt; Luc G.\">\n\t\t\t\t\t\t\t\t\t\t\t<\/div>\n\t\t\t\t\t\t\t\t<cite class=\"elementor-testimonial__cite\"><span class=\"elementor-testimonial__name\"><i>Traduction du t\u00e9moignage de<\/i> Luc G.<\/span><span class=\"elementor-testimonial__title\">Muskoka Cabinet Company<\/span><\/cite>\t\t\t<\/div>\n\t\t<\/div>\n\t\t\t\t\t\t\t\t<\/div>\n\t\t\t\t\t\t\t\t\t\t\t<div class=\"swiper-slide\" role=\"group\" aria-roledescription=\"slide\">\n\t\t\t\t\t\t\t\t\t<div class=\"elementor-testimonial\">\n\t\t\t\t\t\t\t<div class=\"elementor-testimonial__content\">\n\t\t\t\t\t<div class=\"elementor-testimonial__text\">\n\t\t\t\t\t\tJ\u2019ai ouvert l\u2019\u00e9pandeur personnalis\u00e9 pour le chargeur 8085 aujourd\u2019hui. TR\u00c8S beau. Assurez-vous de dire aux gars de la fabrication qu\u2019il est magnifique et qu\u2019ils ont fait un excellent travail.\t\t\t\t\t<\/div>\n\t\t\t\t\t\t\t\t\t<\/div>\n\t\t\t\t\t\t<div class=\"elementor-testimonial__footer\">\n\t\t\t\t\t\t\t\t\t<div class=\"elementor-testimonial__image\">\n\t\t\t\t\t\t<img decoding=\"async\" src=\"https:\/\/www.metec.ca\/fr\/wp-content\/uploads\/2020\/07\/mcgill-equip.jpg\" alt=\"&lt;i&gt;Traduction du t\u00e9moignage de&lt;\/i&gt; Rob M.\">\n\t\t\t\t\t\t\t\t\t\t\t<\/div>\n\t\t\t\t\t\t\t\t<cite class=\"elementor-testimonial__cite\"><span class=\"elementor-testimonial__name\"><i>Traduction du t\u00e9moignage de<\/i> Rob M.<\/span><span class=\"elementor-testimonial__title\">York Region Equipment Centre<\/span><\/cite>\t\t\t<\/div>\n\t\t<\/div>\n\t\t\t\t\t\t\t\t<\/div>\n\t\t\t\t\t\t\t\t\t\t\t<div class=\"swiper-slide\" role=\"group\" aria-roledescription=\"slide\">\n\t\t\t\t\t\t\t\t\t<div class=\"elementor-testimonial\">\n\t\t\t\t\t\t\t<div class=\"elementor-testimonial__content\">\n\t\t\t\t\t<div class=\"elementor-testimonial__text\">\n\t\t\t\t\t\tLes pi\u00e8ces \u00e9taient superbes et s\u2019adaptaient parfaitement la semaine derni\u00e8re lors de l\u2019installation. Tr\u00e8s heureux avec le processus, le produit et la livraison. Merci pour votre aide.\t\t\t\t\t<\/div>\n\t\t\t\t\t\t\t\t\t<\/div>\n\t\t\t\t\t\t<div class=\"elementor-testimonial__footer\">\n\t\t\t\t\t\t\t\t\t<div class=\"elementor-testimonial__image\">\n\t\t\t\t\t\t<img decoding=\"async\" src=\"https:\/\/www.metec.ca\/fr\/wp-content\/uploads\/2021\/01\/dymech-1.jpg\" alt=\"&lt;i&gt;Traduction du t\u00e9moignage de&lt;\/i&gt; Oliver R.\">\n\t\t\t\t\t\t\t\t\t\t\t<\/div>\n\t\t\t\t\t\t\t\t<cite class=\"elementor-testimonial__cite\"><span class=\"elementor-testimonial__name\"><i>Traduction du t\u00e9moignage de<\/i> Oliver R.<\/span><span class=\"elementor-testimonial__title\">Dymech Engineering Inc.<\/span><\/cite>\t\t\t<\/div>\n\t\t<\/div>\n\t\t\t\t\t\t\t\t<\/div>\n\t\t\t\t\t\t\t\t\t\t\t<div class=\"swiper-slide\" role=\"group\" aria-roledescription=\"slide\">\n\t\t\t\t\t\t\t\t\t<div class=\"elementor-testimonial\">\n\t\t\t\t\t\t\t<div class=\"elementor-testimonial__content\">\n\t\t\t\t\t<div class=\"elementor-testimonial__text\">\n\t\t\t\t\t\tOn ne peut m\u00eame pas comparer ces lames \u00e0 nos anciennes lames. Elles sont con\u00e7ues pour durer, alors que nos anciennes lames \u00e9taient un v\u00e9ritable combat pour passer un quart de travail sans avoir \u00e0 les r\u00e9parer. Mes op\u00e9rateurs ont m\u00eame mentionn\u00e9 que les tracteurs ont un meilleur contr\u00f4le pour labourer avec ces lames et qu'ils roulent mieux maintenant que les lames sont repli\u00e9es plus pr\u00e8s de la machine.\t\t\t\t\t<\/div>\n\t\t\t\t\t\t\t\t\t<\/div>\n\t\t\t\t\t\t<div class=\"elementor-testimonial__footer\">\n\t\t\t\t\t\t\t\t\t<div class=\"elementor-testimonial__image\">\n\t\t\t\t\t\t<img decoding=\"async\" src=\"https:\/\/www.metec.ca\/fr\/wp-content\/uploads\/2024\/04\/CTM-Sweeping-logo-copy.webp\" alt=\"&lt;i&gt;Traduction du t\u00e9moignage de&lt;\/i&gt; Casey\">\n\t\t\t\t\t\t\t\t\t\t\t<\/div>\n\t\t\t\t\t\t\t\t<cite class=\"elementor-testimonial__cite\"><span class=\"elementor-testimonial__name\"><i>Traduction du t\u00e9moignage de<\/i> Casey<\/span><span class=\"elementor-testimonial__title\">CTM Sweeping Co.<\/span><\/cite>\t\t\t<\/div>\n\t\t<\/div>\n\t\t\t\t\t\t\t\t<\/div>\n\t\t\t\t\t\t\t\t\t\t\t<div class=\"swiper-slide\" role=\"group\" aria-roledescription=\"slide\">\n\t\t\t\t\t\t\t\t\t<div class=\"elementor-testimonial\">\n\t\t\t\t\t\t\t<div class=\"elementor-testimonial__content\">\n\t\t\t\t\t<div class=\"elementor-testimonial__text\">\n\t\t\t\t\t\tLa lame que vous avez construite pour notre Kubota RTV est tr\u00e8s au point ! Excellent travail et merci !\t\t\t\t\t<\/div>\n\t\t\t\t\t\t\t\t\t<\/div>\n\t\t\t\t\t\t<div class=\"elementor-testimonial__footer\">\n\t\t\t\t\t\t\t\t\t<div class=\"elementor-testimonial__image\">\n\t\t\t\t\t\t<img decoding=\"async\" src=\"https:\/\/www.metec.ca\/fr\/wp-content\/uploads\/2024\/04\/Agri-Food-Canada-Logo.webp\" alt=\"&lt;i&gt;Traduction du t\u00e9moignage de&lt;\/i&gt; AAC\">\n\t\t\t\t\t\t\t\t\t\t\t<\/div>\n\t\t\t\t\t\t\t\t<cite class=\"elementor-testimonial__cite\"><span class=\"elementor-testimonial__name\"><i>Traduction du t\u00e9moignage de<\/i> AAC<\/span><span class=\"elementor-testimonial__title\">Agriculture et Agroalimentaire Canada<\/span><\/cite>\t\t\t<\/div>\n\t\t<\/div>\n\t\t\t\t\t\t\t\t<\/div>\n\t\t\t\t\t\t\t\t\t\t\t<div class=\"swiper-slide\" role=\"group\" aria-roledescription=\"slide\">\n\t\t\t\t\t\t\t\t\t<div class=\"elementor-testimonial\">\n\t\t\t\t\t\t\t<div class=\"elementor-testimonial__content\">\n\t\t\t\t\t<div class=\"elementor-testimonial__text\">\n\t\t\t\t\t\tMerci d'avoir \u00e9t\u00e9 l'intervenant le plus rapide de l'histoire des vendeurs. Vous \u00eates l'homme de la situation !\t\t\t\t\t<\/div>\n\t\t\t\t\t\t\t\t\t<\/div>\n\t\t\t\t\t\t<div class=\"elementor-testimonial__footer\">\n\t\t\t\t\t\t\t\t\t<div class=\"elementor-testimonial__image\">\n\t\t\t\t\t\t<img decoding=\"async\" src=\"https:\/\/www.metec.ca\/fr\/wp-content\/uploads\/2024\/04\/Trius-Inc.-Logo.webp\" alt=\"&lt;i&gt;Traduction du t\u00e9moignage de&lt;\/i&gt; Nadine L.\">\n\t\t\t\t\t\t\t\t\t\t\t<\/div>\n\t\t\t\t\t\t\t\t<cite class=\"elementor-testimonial__cite\"><span class=\"elementor-testimonial__name\"><i>Traduction du t\u00e9moignage de<\/i> Nadine L.<\/span><span class=\"elementor-testimonial__title\">Trius Inc.<\/span><\/cite>\t\t\t<\/div>\n\t\t<\/div>\n\t\t\t\t\t\t\t\t<\/div>\n\t\t\t\t\t\t\t\t\t<\/div>\n\t\t\t\t\t\t\t\t\t\t\t\t\t\t\t<div class=\"elementor-swiper-button elementor-swiper-button-prev\" role=\"button\" tabindex=\"0\" aria-label=\"Pr\u00e9c\u00e9dent\">\n\t\t\t\t\t\t\t<i aria-hidden=\"true\" class=\"eicon-chevron-left\"><\/i>\t\t\t\t\t\t<\/div>\n\t\t\t\t\t\t<div class=\"elementor-swiper-button elementor-swiper-button-next\" role=\"button\" tabindex=\"0\" aria-label=\"Suivant\">\n\t\t\t\t\t\t\t<i aria-hidden=\"true\" class=\"eicon-chevron-right\"><\/i>\t\t\t\t\t\t<\/div>\n\t\t\t\t\t\t\t\t\t\t\t\t\t\t\t\t<div class=\"swiper-pagination\"><\/div>\n\t\t\t\t\t\t\t\t\t\t\t\t<\/div>\n\t\t\t\t<\/div>\n\t\t\t\t\t\t\t\t<\/div>\n\t\t\t\t<\/div>\n\t\t\t\t\t<\/div>\n\t\t<\/div>\n\t\t\t\t\t<\/div>\n\t\t<\/section>\n\t\t\t\t\t<\/div>\n\t\t<\/div>\n\t\t\t\t\t<\/div>\n\t\t<\/section>\n\t\t\t\t<\/div>\n\t\t","protected":false},"excerpt":{"rendered":"<p>Notre histoire \u00c0 propos de METEC En 1995, Christian et Shigi Walz ont \u00e9tabli leur entreprise familiale dans le parc d\u2019affaires de Vankleek Hill. Cet endroit a \u00e9t\u00e9 choisi pour sa facilit\u00e9 d\u2019acc\u00e8s aux march\u00e9s\u00a0: Montr\u00e9al, Ottawa et les \u00c9tats-Unis. Au d\u00e9but, METEC fournissait des services d\u2019atelier d\u2019usinage et de m\u00e9caniciens-monteurs \u00e0 des clients industriels &hellip;<\/p>\n","protected":false},"author":3,"featured_media":0,"parent":0,"menu_order":0,"comment_status":"closed","ping_status":"closed","template":"","meta":{"footnotes":""},"class_list":["post-3556","page","type-page","status-publish","hentry"],"_links":{"self":[{"href":"https:\/\/www.metec.ca\/fr\/wp-json\/wp\/v2\/pages\/3556","targetHints":{"allow":["GET"]}}],"collection":[{"href":"https:\/\/www.metec.ca\/fr\/wp-json\/wp\/v2\/pages"}],"about":[{"href":"https:\/\/www.metec.ca\/fr\/wp-json\/wp\/v2\/types\/page"}],"author":[{"embeddable":true,"href":"https:\/\/www.metec.ca\/fr\/wp-json\/wp\/v2\/users\/3"}],"replies":[{"embeddable":true,"href":"https:\/\/www.metec.ca\/fr\/wp-json\/wp\/v2\/comments?post=3556"}],"version-history":[{"count":23,"href":"https:\/\/www.metec.ca\/fr\/wp-json\/wp\/v2\/pages\/3556\/revisions"}],"predecessor-version":[{"id":6631,"href":"https:\/\/www.metec.ca\/fr\/wp-json\/wp\/v2\/pages\/3556\/revisions\/6631"}],"wp:attachment":[{"href":"https:\/\/www.metec.ca\/fr\/wp-json\/wp\/v2\/media?parent=3556"}],"curies":[{"name":"wp","href":"https:\/\/api.w.org\/{rel}","templated":true}]}}